{"id":832,"date":"2024-02-21T10:33:14","date_gmt":"2024-02-21T10:33:14","guid":{"rendered":"https:\/\/www.belinal-fir.com\/cookies-2\/"},"modified":"2026-04-03T13:53:23","modified_gmt":"2026-04-03T13:53:23","slug":"piskotki","status":"publish","type":"page","link":"https:\/\/www.belinal-fir.com\/sl\/piskotki\/","title":{"rendered":"Pi\u0161kotki"},"content":{"rendered":"<div class=\"wpb-content-wrapper\"><p>[vc_row full_width=&#8221;stretch_row_content_no_spaces&#8221; el_class=&#8221;sp-page-title&#8221;][vc_column]\t\t\n\t\t<div class=\"title-banner\" style=\"background-image: linear-gradient(rgba(0, 0, 0, 0.0),rgba(0, 0, 0, 0.0)),url();\">\n\t\t\t<div class=\"container\">\n\t\t\t\t<div class=\"breadcrumbs-container\">\n\t\t\t\t\t\t<div class=\"breadcrumbs\">\n\t\t\t\t\t\t\t\n\t<ul class=\"ns-breadcrumbs\">\n\t\t\t<li><a href=\"https:\/\/www.belinal-fir.com\/sl\/\">Home<\/a><\/li>\n\t\t\t\t<li>Pi\u0161kotki<\/li>\n\t<\/ul>\n\t\n\t\t\t\t\t\t\t\t<div class=\"clearfix\"><\/div>\n\t\t\t\t\t\t<\/div>\n\t\t\t\t<\/div>\n\t\t\t\t\t\t\t\t\t<h1 class=\"entry-title\">Pi\u0161kotki<\/h1>\n\t\t\t\t\t\t\t<\/div>\n\t\t<\/div>\n\n\t\t[\/vc_column][\/vc_row][vc_row][vc_column][vc_column_text]<\/p>\n<h2>Pravna podlaga<\/h2>\n<p>Podlaga za obvestilo o pi\u0161kotkih je spremenjeni Zakon o elektronskih komunikacijah (Uradni list RS, \u0161t. 109\/2012; v nadaljevanju ZEKom-1), ki je za\u010del veljati v za\u010detku leta 2013 in uvedel nova pravila glede uporabe pi\u0161kotkov ter podobnih tehnologij za shranjevanje informacij ali dostop do informacij, shranjenih v uporabnikovem ra\u010dunalniku ali mobilni napravi.<\/p>\n<h2>Kaj so pi\u0161kotki in zakaj jih spletna stran potrebuje<\/h2>\n<p>Pi\u0161kotek je majhna besedilna datoteka, ki se ob obisku spletne strani prenese na uporabnikov ra\u010dunalnik in obi\u010dajno vsebuje:<\/p>\n<ul>\n<li class=\"firstItem\">ime stre\u017enika, s katerega je bil pi\u0161kotek poslan;<\/li>\n<li>\u010das trajanja pi\u0161kotka;<\/li>\n<li class=\"lastItem\">vrednost \u2013 navadno naklju\u010dno generirano edinstveno \u0161tevilko.<\/li>\n<\/ul>\n<p>Sam pi\u0161kotek ne vsebuje oziroma ne zbira informacij. \u010ce pa ga stre\u017enik prebere skupaj s spletnim brskalnikom, lahko pomaga spletni strani nuditi prijaznej\u0161e storitve \u2013 na primer, pomnjenje preteklih nakupov ali podatkov o uporabni\u0161kem ra\u010dunu. Pi\u0161kotek lahko prebere in uporablja le stre\u017enik, ki ga je poslal.<\/p>\n<p>Na zaupanja vredni spletni strani pi\u0161kotki lahko izbolj\u0161ajo uporabni\u0161ko izku\u0161njo. Lahko pa se uporabljajo tudi na na\u010dine, ki posegajo v zasebnost posameznika. Pi\u0161kotki so lahko shranjeni za razli\u010dno dolgo obdobje, zgolj za \u010das trajanja seje brskanja ali precej dlje.<\/p>\n<h2>Kateri pi\u0161kotki se uporabljajo na strani in zakaj<\/h2>\n<p>Na tej spletni strani uporabljamo samo pi\u0161kotke, ki so dovoljeni v skladu z zakonom ZEKom-1. Uporabljajo se izklju\u010dno pi\u0161kotki, ki so nujno potrebni za delovanje te spletne strani. Za spremljanje statistike obiska uporabljamo sistem, ki bele\u017ei le sejni pi\u0161kotek in ne spremlja va\u0161ega nadaljnjega vedenja na spletni strani ali v povezavi z drugimi stranmi. Z nadaljnjo uporabo te spletne strani se strinjate z uporabo spodaj opisanih pi\u0161kotkov.<\/p>\n<h2>Kateri pi\u0161kotki se lahko uporabljajo na tej spletni strani<\/h2>\n<table class=\"Table\" border=\"0\" width=\"100%\" cellspacing=\"0\" cellpadding=\"0\">\n<tbody>\n<tr>\n<td align=\"left\" valign=\"top\">Ime pi\u0161kotka<\/td>\n<td align=\"left\" valign=\"top\">Namen<\/td>\n<td align=\"left\" valign=\"top\">Trajanje<\/td>\n<\/tr>\n<tr>\n<td align=\"left\" valign=\"top\">PHPSESSID<\/td>\n<td align=\"left\" valign=\"top\">Omogo\u010da delovanje spletne strani.<\/td>\n<td align=\"left\" valign=\"top\">Seja<\/td>\n<\/tr>\n<tr>\n<td align=\"left\" valign=\"top\">_ga<\/td>\n<td align=\"left\" valign=\"top\">Bele\u017ei razlikovanje med uporabniki (sejami).<\/td>\n<td align=\"left\" valign=\"top\">2 leti<\/td>\n<\/tr>\n<tr>\n<td align=\"left\" valign=\"top\">_gat<\/td>\n<td align=\"left\" valign=\"top\">Bele\u017ei novega uporabnika (sejo).<\/td>\n<td align=\"left\" valign=\"top\">10 minut<\/td>\n<\/tr>\n<\/tbody>\n<\/table>\n<p>[\/vc_column_text][\/vc_column][\/vc_row][vc_row][vc_column][vc_empty_space][\/vc_column][\/vc_row]<\/p>\n<\/div>","protected":false},"excerpt":{"rendered":"<p>[vc_row full_width=&#8221;stretch_row_content_no_spaces&#8221; el_class=&#8221;sp-page-title&#8221;][vc_column][\/vc_column][\/vc_row][vc_row][vc_column][vc_column_text] Pravna podlaga Podlaga za obvestilo o pi\u0161kotkih je spremenjeni Zakon o elektronskih komunikacijah (Uradni list RS, \u0161t. 109\/2012; v nadaljevanju ZEKom-1), ki je za\u010del veljati v za\u010detku leta 2013 in uvedel nova pravila glede uporabe pi\u0161kotkov ter podobnih tehnologij za shranjevanje informacij ali dostop do informacij, shranjenih v uporabnikovem ra\u010dunalniku ali mobilni napravi. Kaj so pi\u0161kotki in zakaj jih spletna stran potrebuje Pi\u0161kotek je majhna besedilna datoteka, ki se ob obisku spletne strani prenese na uporabnikov ra\u010dunalnik in obi\u010dajno vsebuje: ime stre\u017enika, s katerega je bil pi\u0161kotek poslan; \u010das trajanja pi\u0161kotka; vrednost \u2013 navadno naklju\u010dno generirano edinstveno \u0161tevilko. Sam pi\u0161kotek ne vsebuje oziroma ne zbira informacij. \u010ce pa ga stre\u017enik prebere skupaj s spletnim brskalnikom, lahko pomaga [&hellip;]<\/p>\n","protected":false},"author":1,"featured_media":0,"parent":0,"menu_order":8,"comment_status":"closed","ping_status":"closed","template":"","meta":{"footnotes":""},"class_list":["post-832","page","type-page","status-publish","hentry"],"yoast_head":"<!-- This site is optimized with the Yoast SEO plugin v21.3 - https:\/\/yoast.com\/wordpress\/plugins\/seo\/ -->\n<title>Pi\u0161kotki - Belinal izvle\u010dek vej bele jelke<\/title>\n<meta name=\"description\" content=\"Pravna podlaga Podlaga za obvestilo o pi\u0161kotkih je spremenjeni Zakon o elektronskih komunikacijah (Uradni list RS, \u0161t. 109\/2012; v nadaljevanju ZEKom-1), ki je za\u010del veljati v za\u010detku leta 2013 in\" \/>\n<meta name=\"robots\" content=\"index, follow, max-snippet:-1, max-image-preview:large, max-video-preview:-1\" \/>\n<link rel=\"canonical\" href=\"https:\/\/www.belinal-fir.com\/sl\/piskotki\/\" \/>\n<meta property=\"og:locale\" content=\"sl_SI\" \/>\n<meta property=\"og:type\" content=\"article\" \/>\n<meta property=\"og:title\" content=\"Pi\u0161kotki - Belinal izvle\u010dek vej bele jelke\" \/>\n<meta property=\"og:description\" content=\"[vc_row full_width=&#8221;stretch_row_content_no_spaces&#8221; el_class=&#8221;sp-page-title&#8221;][vc_column][\/vc_column][\/vc_row][vc_row][vc_column][vc_column_text] Pravna podlaga Podlaga za obvestilo o pi\u0161kotkih je spremenjeni Zakon o elektronskih komunikacijah (Uradni list RS, \u0161t. 109\/2012; v nadaljevanju ZEKom-1), ki je za\u010del veljati v za\u010detku leta 2013 in uvedel nova pravila glede uporabe pi\u0161kotkov ter podobnih tehnologij za shranjevanje informacij ali dostop do informacij, shranjenih v uporabnikovem ra\u010dunalniku ali mobilni napravi. Kaj so pi\u0161kotki in zakaj jih spletna stran potrebuje Pi\u0161kotek je majhna besedilna datoteka, ki se ob obisku spletne strani prenese na uporabnikov ra\u010dunalnik in obi\u010dajno vsebuje: ime stre\u017enika, s katerega je bil pi\u0161kotek poslan; \u010das trajanja pi\u0161kotka; vrednost \u2013 navadno naklju\u010dno generirano edinstveno \u0161tevilko. Sam pi\u0161kotek ne vsebuje oziroma ne zbira informacij. \u010ce pa ga stre\u017enik prebere skupaj s spletnim brskalnikom, lahko pomaga [&hellip;]\" \/>\n<meta property=\"og:url\" content=\"https:\/\/www.belinal-fir.com\/sl\/piskotki\/\" \/>\n<meta property=\"og:site_name\" content=\"Belinal izvle\u010dek vej bele jelke\" \/>\n<meta property=\"article:modified_time\" content=\"2026-04-03T13:53:23+00:00\" \/>\n<meta name=\"twitter:card\" content=\"summary_large_image\" \/>\n<meta name=\"twitter:label1\" content=\"Est. reading time\" \/>\n\t<meta name=\"twitter:data1\" content=\"2 minuti\" \/>\n<script type=\"application\/ld+json\" class=\"yoast-schema-graph\">{\"@context\":\"https:\/\/schema.org\",\"@graph\":[{\"@type\":\"WebPage\",\"@id\":\"https:\/\/www.belinal-fir.com\/sl\/piskotki\/\",\"url\":\"https:\/\/www.belinal-fir.com\/sl\/piskotki\/\",\"name\":\"Pi\u0161kotki - Belinal izvle\u010dek vej bele jelke\",\"isPartOf\":{\"@id\":\"https:\/\/www.belinal-fir.com\/#website\"},\"datePublished\":\"2024-02-21T10:33:14+00:00\",\"dateModified\":\"2026-04-03T13:53:23+00:00\",\"breadcrumb\":{\"@id\":\"https:\/\/www.belinal-fir.com\/sl\/piskotki\/#breadcrumb\"},\"inLanguage\":\"sl-SI\",\"potentialAction\":[{\"@type\":\"ReadAction\",\"target\":[\"https:\/\/www.belinal-fir.com\/sl\/piskotki\/\"]}]},{\"@type\":\"BreadcrumbList\",\"@id\":\"https:\/\/www.belinal-fir.com\/sl\/piskotki\/#breadcrumb\",\"itemListElement\":[{\"@type\":\"ListItem\",\"position\":1,\"name\":\"Home\",\"item\":\"https:\/\/www.belinal-fir.com\/sl\/\"},{\"@type\":\"ListItem\",\"position\":2,\"name\":\"Pi\u0161kotki\"}]},{\"@type\":\"WebSite\",\"@id\":\"https:\/\/www.belinal-fir.com\/#website\",\"url\":\"https:\/\/www.belinal-fir.com\/\",\"name\":\"Belinal izvle\u010dek vej bele jelke\",\"description\":\"\",\"potentialAction\":[{\"@type\":\"SearchAction\",\"target\":{\"@type\":\"EntryPoint\",\"urlTemplate\":\"https:\/\/www.belinal-fir.com\/?s={search_term_string}\"},\"query-input\":\"required name=search_term_string\"}],\"inLanguage\":\"sl-SI\"}]}<\/script>\n<!-- \/ Yoast SEO plugin. -->","yoast_head_json":{"title":"Pi\u0161kotki - Belinal izvle\u010dek vej bele jelke","description":"Pravna podlaga Podlaga za obvestilo o pi\u0161kotkih je spremenjeni Zakon o elektronskih komunikacijah (Uradni list RS, \u0161t. 109\/2012; v nadaljevanju ZEKom-1), ki je za\u010del veljati v za\u010detku leta 2013 in","robots":{"index":"index","follow":"follow","max-snippet":"max-snippet:-1","max-image-preview":"max-image-preview:large","max-video-preview":"max-video-preview:-1"},"canonical":"https:\/\/www.belinal-fir.com\/sl\/piskotki\/","og_locale":"sl_SI","og_type":"article","og_title":"Pi\u0161kotki - Belinal izvle\u010dek vej bele jelke","og_description":"[vc_row full_width=&#8221;stretch_row_content_no_spaces&#8221; el_class=&#8221;sp-page-title&#8221;][vc_column][\/vc_column][\/vc_row][vc_row][vc_column][vc_column_text] Pravna podlaga Podlaga za obvestilo o pi\u0161kotkih je spremenjeni Zakon o elektronskih komunikacijah (Uradni list RS, \u0161t. 109\/2012; v nadaljevanju ZEKom-1), ki je za\u010del veljati v za\u010detku leta 2013 in uvedel nova pravila glede uporabe pi\u0161kotkov ter podobnih tehnologij za shranjevanje informacij ali dostop do informacij, shranjenih v uporabnikovem ra\u010dunalniku ali mobilni napravi. Kaj so pi\u0161kotki in zakaj jih spletna stran potrebuje Pi\u0161kotek je majhna besedilna datoteka, ki se ob obisku spletne strani prenese na uporabnikov ra\u010dunalnik in obi\u010dajno vsebuje: ime stre\u017enika, s katerega je bil pi\u0161kotek poslan; \u010das trajanja pi\u0161kotka; vrednost \u2013 navadno naklju\u010dno generirano edinstveno \u0161tevilko. Sam pi\u0161kotek ne vsebuje oziroma ne zbira informacij. \u010ce pa ga stre\u017enik prebere skupaj s spletnim brskalnikom, lahko pomaga [&hellip;]","og_url":"https:\/\/www.belinal-fir.com\/sl\/piskotki\/","og_site_name":"Belinal izvle\u010dek vej bele jelke","article_modified_time":"2026-04-03T13:53:23+00:00","twitter_card":"summary_large_image","twitter_misc":{"Est. reading time":"2 minuti"},"schema":{"@context":"https:\/\/schema.org","@graph":[{"@type":"WebPage","@id":"https:\/\/www.belinal-fir.com\/sl\/piskotki\/","url":"https:\/\/www.belinal-fir.com\/sl\/piskotki\/","name":"Pi\u0161kotki - Belinal izvle\u010dek vej bele jelke","isPartOf":{"@id":"https:\/\/www.belinal-fir.com\/#website"},"datePublished":"2024-02-21T10:33:14+00:00","dateModified":"2026-04-03T13:53:23+00:00","breadcrumb":{"@id":"https:\/\/www.belinal-fir.com\/sl\/piskotki\/#breadcrumb"},"inLanguage":"sl-SI","potentialAction":[{"@type":"ReadAction","target":["https:\/\/www.belinal-fir.com\/sl\/piskotki\/"]}]},{"@type":"BreadcrumbList","@id":"https:\/\/www.belinal-fir.com\/sl\/piskotki\/#breadcrumb","itemListElement":[{"@type":"ListItem","position":1,"name":"Home","item":"https:\/\/www.belinal-fir.com\/sl\/"},{"@type":"ListItem","position":2,"name":"Pi\u0161kotki"}]},{"@type":"WebSite","@id":"https:\/\/www.belinal-fir.com\/#website","url":"https:\/\/www.belinal-fir.com\/","name":"Belinal izvle\u010dek vej bele jelke","description":"","potentialAction":[{"@type":"SearchAction","target":{"@type":"EntryPoint","urlTemplate":"https:\/\/www.belinal-fir.com\/?s={search_term_string}"},"query-input":"required name=search_term_string"}],"inLanguage":"sl-SI"}]}},"_links":{"self":[{"href":"https:\/\/www.belinal-fir.com\/sl\/wp-json\/wp\/v2\/pages\/832","targetHints":{"allow":["GET"]}}],"collection":[{"href":"https:\/\/www.belinal-fir.com\/sl\/wp-json\/wp\/v2\/pages"}],"about":[{"href":"https:\/\/www.belinal-fir.com\/sl\/wp-json\/wp\/v2\/types\/page"}],"author":[{"embeddable":true,"href":"https:\/\/www.belinal-fir.com\/sl\/wp-json\/wp\/v2\/users\/1"}],"replies":[{"embeddable":true,"href":"https:\/\/www.belinal-fir.com\/sl\/wp-json\/wp\/v2\/comments?post=832"}],"version-history":[{"count":0,"href":"https:\/\/www.belinal-fir.com\/sl\/wp-json\/wp\/v2\/pages\/832\/revisions"}],"wp:attachment":[{"href":"https:\/\/www.belinal-fir.com\/sl\/wp-json\/wp\/v2\/media?parent=832"}],"curies":[{"name":"wp","href":"https:\/\/api.w.org\/{rel}","templated":true}]}}