{"id":835,"date":"2026-03-22T10:14:38","date_gmt":"2026-03-22T10:14:38","guid":{"rendered":"https:\/\/www.belinal-fir.com\/standardization\/"},"modified":"2026-04-06T17:56:31","modified_gmt":"2026-04-06T17:56:31","slug":"standardizacija","status":"publish","type":"page","link":"https:\/\/www.belinal-fir.com\/sl\/znacilnosti\/standardizacija\/","title":{"rendered":"Standardizacija"},"content":{"rendered":"<div class=\"wpb-content-wrapper\"><p>[vc_row full_width=&#8221;stretch_row_content_no_spaces&#8221; el_class=&#8221;sp-page-title&#8221;][vc_column]\t\t\n\t\t<div class=\"title-banner\" style=\"background-image: linear-gradient(rgba(0, 0, 0, 0.0),rgba(0, 0, 0, 0.0)),url();\">\n\t\t\t<div class=\"container\">\n\t\t\t\t<div class=\"breadcrumbs-container\">\n\t\t\t\t\t\t<div class=\"breadcrumbs\">\n\t\t\t\t\t\t\t\n\t<ul class=\"ns-breadcrumbs\">\n\t\t\t<li><a href=\"https:\/\/www.belinal-fir.com\/sl\/\">Home<\/a><\/li>\n\t\t\t\t\t<li><a href=\"https:\/\/www.belinal-fir.com\/sl\/znacilnosti\/\">Zna\u010dilnosti<\/a><\/li>\n\t\t\t\t<li>Standardizacija<\/li>\n\t<\/ul>\n\t\n\t\t\t\t\t\t\t\t<div class=\"clearfix\"><\/div>\n\t\t\t\t\t\t<\/div>\n\t\t\t\t<\/div>\n\t\t\t\t\t\t\t<\/div>\n\t\t<\/div>\n\n\t\t[\/vc_column][\/vc_row][vc_row el_class=&#8221;sp-intro&#8221;][vc_column width=&#8221;1\/4&#8243; el_class=&#8221;c1&#8243;]\t\n\t\t<nav class=\" sidenav \">\n\t\t<a href=\"https:\/\/www.belinal-fir.com\/sl\/znacilnosti\/\" class=\"sidenav-title\"><h2>Zna\u010dilnosti<\/h2><\/a>\n\t\t<ul>\n\t\t<li class=\"page_item page-item-836\"><a href=\"https:\/\/www.belinal-fir.com\/sl\/znacilnosti\/fitokemicne-znacilnosti\/\">Fitokemi\u010dne zna\u010dilnosti<\/a><\/li>\n<li class=\"page_item page-item-835\"><a href=\"https:\/\/www.belinal-fir.com\/sl\/znacilnosti\/standardizacija\/\">Standardizacija<\/a><\/li>\n\t   \t<\/ul>\n\t<\/nav>\n\t\n\t[\/vc_column][vc_column width=&#8221;3\/4&#8243; el_class=&#8221;c2&#8243;]\t\t\n\t\t<div class=\"title-banner\" style=\"background-image: url();\">\n\t\t\t<div class=\"container\">\n\t\t\t\t<h1 class=\"entry-title\">Standardizacija<\/h1>\n\n\t\t\t\t\t\t\t<\/div>\n\t\t<\/div>\n\n\t\t[vc_row_inner][vc_column_inner][vc_column_text]<\/p>\n<h2>Belinal\u00ae zaznamuje edinstven standardiziran lignanski profil<\/h2>\n<p>Izvle\u010dek Belinal\u00ae pridobivamo z lastnim ekstrakcijskim postopkom, pri katerem ne uporabljamo alkohola ali drugih organskih topil. Tak\u0161en pristop omogo\u010da ohranjanje \u010distosti naravnih sestavin, kar je po na\u0161em prepri\u010danju klju\u010dno za polni biolo\u0161ki potencial polifenolov. To potrjujejo tudi na\u0161e raziskave, ki ka\u017eejo na izrazito delovanje Belinal\u00ae.<\/p>\n<p>Za Belinal\u00ae je zna\u010dilen <strong>specifi\u010den lignanski profil<\/strong>, ki predstavlja eno njegovih klju\u010dnih prepoznavnih lastnosti.<\/p>\n<h4>Slika 1: Zna\u010dilni kromatogram Belinal\u00ae z opredeljenimi \u0161estimi lignani<\/h4>\n<p>[\/vc_column_text][vc_single_image image=&#8221;145&#8243; add_caption=&#8221;yes&#8221;][vc_column_text]<\/p>\n<h3>Kvantitativna dolo\u010ditev lignanov v Belinal\u00ae \u2013 izvle\u010dku vej bele jelke<\/h3>\n<p>Spojine v Belinal\u00ae \u2013 izvle\u010dku vej bele jelke \u2013 so bile identificirane in kvantitativno ovrednotene na podlagi fragmentacijskih vzorcev v masni spektrometriji (MS), meritev z visoko lo\u010dljivostjo, ultravijoli\u010dnih (UV) spektrov, retencijskih \u010dasov ter primerjave z referen\u010dnimi standardnimi spojinami (tabela 1; slika 1).<\/p>\n<p>Identificiranih je bilo \u0161est lignanov, ki ustrezajo \u0161estim najizrazitej\u0161im vrhovom na HPLC-kromatogramu in skupaj tvorijo standardizirani lignanski profil Belinal\u00ae.[\/vc_column_text][vc_column_text]<\/p>\n<h4>Tabela 2: Kvantitativna dolo\u010ditev standardnih lignanov v Belinal\u00ae<\/h4>\n<p>[\/vc_column_text][vc_column_text]<\/p>\n<table>\n<tbody>\n<tr>\n<td width=\"163\">Compound<\/td>\n<td width=\"151\">Elemental Composition<\/td>\n<td width=\"104\">m\/z (ESI(-))<\/td>\n<td width=\"210\">% (g compound\/100 g Belinal\u00ae)<\/td>\n<\/tr>\n<tr>\n<td width=\"163\">1 Isolariciresinol<\/td>\n<td width=\"151\">C20H24O6<\/td>\n<td width=\"104\">359<\/td>\n<td width=\"210\">1.78<\/td>\n<\/tr>\n<tr>\n<td width=\"163\">2 Hydroxymatairesinol<\/td>\n<td width=\"151\">C20H22O7<\/td>\n<td width=\"104\">373, 355, 327<\/td>\n<td width=\"210\">0.89<\/td>\n<\/tr>\n<tr>\n<td width=\"163\">3 Secoisolariciresinol<\/td>\n<td width=\"151\">C20H26O6<\/td>\n<td width=\"104\">361, 346, 315<\/td>\n<td width=\"210\">5.51<\/td>\n<\/tr>\n<tr>\n<td width=\"163\">4 Lariciresinol<\/td>\n<td width=\"151\">C20H24O6<\/td>\n<td width=\"104\">359<\/td>\n<td width=\"210\">0.79<\/td>\n<\/tr>\n<tr>\n<td width=\"163\">5 Pinoresinol<\/td>\n<td width=\"151\">C20H22O6<\/td>\n<td width=\"104\">357<\/td>\n<td width=\"210\">0.24<\/td>\n<\/tr>\n<tr>\n<td width=\"163\">6 Matairesinol<\/td>\n<td width=\"151\">C20H22O6<\/td>\n<td width=\"104\">357<\/td>\n<td width=\"210\">0.50<\/td>\n<\/tr>\n<\/tbody>\n<\/table>\n<p>[\/vc_column_text][vc_column_text]For the identification of characteristic standard compounds in Belinal\u00ae, the HPLC method is used. Guidelines for compound identification are available upon request.[\/vc_column_text][vc_column_text]<\/p>\n<h3>Reference:<\/h3>\n<p>Tav\u010dar Benkovi\u0107 E, \u017digon D, Mihailovi\u0107 V, Petelinc T, Jamnik P, Kreft S<strong>. Identification, in vitro and in vivo Antioxidant Activity, and Gastrointestinal Stability of Lignans from Silver Fir (<em>Abies alba<\/em>) Wood Extract Belinal<\/strong>. J Wood Chem Technol [Internet]. 2017 Nov 2;37(6):467\u201377.[\/vc_column_text][\/vc_column_inner][\/vc_row_inner][\/vc_column][\/vc_row]<\/p>\n<\/div>","protected":false},"excerpt":{"rendered":"<p>[vc_row full_width=&#8221;stretch_row_content_no_spaces&#8221; el_class=&#8221;sp-page-title&#8221;][vc_column][\/vc_column][\/vc_row][vc_row el_class=&#8221;sp-intro&#8221;][vc_column width=&#8221;1\/4&#8243; el_class=&#8221;c1&#8243;][\/vc_column][vc_column width=&#8221;3\/4&#8243; el_class=&#8221;c2&#8243;][vc_row_inner][vc_column_inner][vc_column_text] Belinal\u00ae zaznamuje edinstven standardiziran lignanski profil Izvle\u010dek Belinal\u00ae pridobivamo z lastnim ekstrakcijskim postopkom, pri katerem ne uporabljamo alkohola ali drugih organskih topil. Tak\u0161en pristop omogo\u010da ohranjanje \u010distosti naravnih sestavin, kar je po na\u0161em prepri\u010danju klju\u010dno za polni biolo\u0161ki potencial polifenolov. To potrjujejo tudi na\u0161e raziskave, ki ka\u017eejo na izrazito delovanje Belinal\u00ae. Za Belinal\u00ae je zna\u010dilen specifi\u010den lignanski profil, ki predstavlja eno njegovih klju\u010dnih prepoznavnih lastnosti. Slika 1: Zna\u010dilni kromatogram Belinal\u00ae z opredeljenimi \u0161estimi lignani [\/vc_column_text][vc_single_image image=&#8221;145&#8243; add_caption=&#8221;yes&#8221;][vc_column_text] Kvantitativna dolo\u010ditev lignanov v Belinal\u00ae \u2013 izvle\u010dku vej bele jelke Spojine v Belinal\u00ae \u2013 izvle\u010dku vej bele jelke \u2013 so bile identificirane in kvantitativno ovrednotene na podlagi fragmentacijskih vzorcev v masni spektrometriji (MS), meritev z [&hellip;]<\/p>\n","protected":false},"author":1,"featured_media":0,"parent":837,"menu_order":1,"comment_status":"closed","ping_status":"closed","template":"","meta":{"footnotes":""},"class_list":["post-835","page","type-page","status-publish","hentry"],"yoast_head":"<!-- This site is optimized with the Yoast SEO plugin v21.3 - https:\/\/yoast.com\/wordpress\/plugins\/seo\/ -->\n<title>Standardizacija - Belinal izvle\u010dek vej bele jelke<\/title>\n<meta name=\"description\" content=\"Belinal\u00ae zaznamuje edinstven standardiziran lignanski profil Izvle\u010dek Belinal\u00ae pridobivamo z lastnim ekstrakcijskim postopkom, pri katerem ne uporabljamo alkohola ali drugih organskih topil. Tak\u0161en pristop omogo\u010da ohranjanje \u010distosti naravnih sestavin, kar\" \/>\n<meta name=\"robots\" content=\"index, follow, max-snippet:-1, max-image-preview:large, max-video-preview:-1\" \/>\n<link rel=\"canonical\" href=\"https:\/\/www.belinal-fir.com\/sl\/znacilnosti\/standardizacija\/\" \/>\n<meta property=\"og:locale\" content=\"sl_SI\" \/>\n<meta property=\"og:type\" content=\"article\" \/>\n<meta property=\"og:title\" content=\"Standardizacija - Belinal izvle\u010dek vej bele jelke\" \/>\n<meta property=\"og:description\" content=\"[vc_row full_width=&#8221;stretch_row_content_no_spaces&#8221; el_class=&#8221;sp-page-title&#8221;][vc_column][\/vc_column][\/vc_row][vc_row el_class=&#8221;sp-intro&#8221;][vc_column width=&#8221;1\/4&#8243; el_class=&#8221;c1&#8243;][\/vc_column][vc_column width=&#8221;3\/4&#8243; el_class=&#8221;c2&#8243;][vc_row_inner][vc_column_inner][vc_column_text] Belinal\u00ae zaznamuje edinstven standardiziran lignanski profil Izvle\u010dek Belinal\u00ae pridobivamo z lastnim ekstrakcijskim postopkom, pri katerem ne uporabljamo alkohola ali drugih organskih topil. Tak\u0161en pristop omogo\u010da ohranjanje \u010distosti naravnih sestavin, kar je po na\u0161em prepri\u010danju klju\u010dno za polni biolo\u0161ki potencial polifenolov. To potrjujejo tudi na\u0161e raziskave, ki ka\u017eejo na izrazito delovanje Belinal\u00ae. Za Belinal\u00ae je zna\u010dilen specifi\u010den lignanski profil, ki predstavlja eno njegovih klju\u010dnih prepoznavnih lastnosti. Slika 1: Zna\u010dilni kromatogram Belinal\u00ae z opredeljenimi \u0161estimi lignani [\/vc_column_text][vc_single_image image=&#8221;145&#8243; add_caption=&#8221;yes&#8221;][vc_column_text] Kvantitativna dolo\u010ditev lignanov v Belinal\u00ae \u2013 izvle\u010dku vej bele jelke Spojine v Belinal\u00ae \u2013 izvle\u010dku vej bele jelke \u2013 so bile identificirane in kvantitativno ovrednotene na podlagi fragmentacijskih vzorcev v masni spektrometriji (MS), meritev z [&hellip;]\" \/>\n<meta property=\"og:url\" content=\"https:\/\/www.belinal-fir.com\/sl\/znacilnosti\/standardizacija\/\" \/>\n<meta property=\"og:site_name\" content=\"Belinal izvle\u010dek vej bele jelke\" \/>\n<meta property=\"article:modified_time\" content=\"2026-04-06T17:56:31+00:00\" \/>\n<meta name=\"twitter:card\" content=\"summary_large_image\" \/>\n<meta name=\"twitter:label1\" content=\"Est. reading time\" \/>\n\t<meta name=\"twitter:data1\" content=\"2 minuti\" \/>\n<script type=\"application\/ld+json\" class=\"yoast-schema-graph\">{\"@context\":\"https:\/\/schema.org\",\"@graph\":[{\"@type\":\"WebPage\",\"@id\":\"https:\/\/www.belinal-fir.com\/sl\/znacilnosti\/standardizacija\/\",\"url\":\"https:\/\/www.belinal-fir.com\/sl\/znacilnosti\/standardizacija\/\",\"name\":\"Standardizacija - Belinal izvle\u010dek vej bele jelke\",\"isPartOf\":{\"@id\":\"https:\/\/www.belinal-fir.com\/#website\"},\"datePublished\":\"2026-03-22T10:14:38+00:00\",\"dateModified\":\"2026-04-06T17:56:31+00:00\",\"breadcrumb\":{\"@id\":\"https:\/\/www.belinal-fir.com\/sl\/znacilnosti\/standardizacija\/#breadcrumb\"},\"inLanguage\":\"sl-SI\",\"potentialAction\":[{\"@type\":\"ReadAction\",\"target\":[\"https:\/\/www.belinal-fir.com\/sl\/znacilnosti\/standardizacija\/\"]}]},{\"@type\":\"BreadcrumbList\",\"@id\":\"https:\/\/www.belinal-fir.com\/sl\/znacilnosti\/standardizacija\/#breadcrumb\",\"itemListElement\":[{\"@type\":\"ListItem\",\"position\":1,\"name\":\"Home\",\"item\":\"https:\/\/www.belinal-fir.com\/sl\/\"},{\"@type\":\"ListItem\",\"position\":2,\"name\":\"Zna\u010dilnosti\",\"item\":\"https:\/\/www.belinal-fir.com\/sl\/znacilnosti\/\"},{\"@type\":\"ListItem\",\"position\":3,\"name\":\"Standardizacija\"}]},{\"@type\":\"WebSite\",\"@id\":\"https:\/\/www.belinal-fir.com\/#website\",\"url\":\"https:\/\/www.belinal-fir.com\/\",\"name\":\"Belinal izvle\u010dek vej bele jelke\",\"description\":\"\",\"potentialAction\":[{\"@type\":\"SearchAction\",\"target\":{\"@type\":\"EntryPoint\",\"urlTemplate\":\"https:\/\/www.belinal-fir.com\/?s={search_term_string}\"},\"query-input\":\"required name=search_term_string\"}],\"inLanguage\":\"sl-SI\"}]}<\/script>\n<!-- \/ Yoast SEO plugin. -->","yoast_head_json":{"title":"Standardizacija - Belinal izvle\u010dek vej bele jelke","description":"Belinal\u00ae zaznamuje edinstven standardiziran lignanski profil Izvle\u010dek Belinal\u00ae pridobivamo z lastnim ekstrakcijskim postopkom, pri katerem ne uporabljamo alkohola ali drugih organskih topil. Tak\u0161en pristop omogo\u010da ohranjanje \u010distosti naravnih sestavin, kar","robots":{"index":"index","follow":"follow","max-snippet":"max-snippet:-1","max-image-preview":"max-image-preview:large","max-video-preview":"max-video-preview:-1"},"canonical":"https:\/\/www.belinal-fir.com\/sl\/znacilnosti\/standardizacija\/","og_locale":"sl_SI","og_type":"article","og_title":"Standardizacija - Belinal izvle\u010dek vej bele jelke","og_description":"[vc_row full_width=&#8221;stretch_row_content_no_spaces&#8221; el_class=&#8221;sp-page-title&#8221;][vc_column][\/vc_column][\/vc_row][vc_row el_class=&#8221;sp-intro&#8221;][vc_column width=&#8221;1\/4&#8243; el_class=&#8221;c1&#8243;][\/vc_column][vc_column width=&#8221;3\/4&#8243; el_class=&#8221;c2&#8243;][vc_row_inner][vc_column_inner][vc_column_text] Belinal\u00ae zaznamuje edinstven standardiziran lignanski profil Izvle\u010dek Belinal\u00ae pridobivamo z lastnim ekstrakcijskim postopkom, pri katerem ne uporabljamo alkohola ali drugih organskih topil. Tak\u0161en pristop omogo\u010da ohranjanje \u010distosti naravnih sestavin, kar je po na\u0161em prepri\u010danju klju\u010dno za polni biolo\u0161ki potencial polifenolov. To potrjujejo tudi na\u0161e raziskave, ki ka\u017eejo na izrazito delovanje Belinal\u00ae. Za Belinal\u00ae je zna\u010dilen specifi\u010den lignanski profil, ki predstavlja eno njegovih klju\u010dnih prepoznavnih lastnosti. Slika 1: Zna\u010dilni kromatogram Belinal\u00ae z opredeljenimi \u0161estimi lignani [\/vc_column_text][vc_single_image image=&#8221;145&#8243; add_caption=&#8221;yes&#8221;][vc_column_text] Kvantitativna dolo\u010ditev lignanov v Belinal\u00ae \u2013 izvle\u010dku vej bele jelke Spojine v Belinal\u00ae \u2013 izvle\u010dku vej bele jelke \u2013 so bile identificirane in kvantitativno ovrednotene na podlagi fragmentacijskih vzorcev v masni spektrometriji (MS), meritev z [&hellip;]","og_url":"https:\/\/www.belinal-fir.com\/sl\/znacilnosti\/standardizacija\/","og_site_name":"Belinal izvle\u010dek vej bele jelke","article_modified_time":"2026-04-06T17:56:31+00:00","twitter_card":"summary_large_image","twitter_misc":{"Est. reading time":"2 minuti"},"schema":{"@context":"https:\/\/schema.org","@graph":[{"@type":"WebPage","@id":"https:\/\/www.belinal-fir.com\/sl\/znacilnosti\/standardizacija\/","url":"https:\/\/www.belinal-fir.com\/sl\/znacilnosti\/standardizacija\/","name":"Standardizacija - Belinal izvle\u010dek vej bele jelke","isPartOf":{"@id":"https:\/\/www.belinal-fir.com\/#website"},"datePublished":"2026-03-22T10:14:38+00:00","dateModified":"2026-04-06T17:56:31+00:00","breadcrumb":{"@id":"https:\/\/www.belinal-fir.com\/sl\/znacilnosti\/standardizacija\/#breadcrumb"},"inLanguage":"sl-SI","potentialAction":[{"@type":"ReadAction","target":["https:\/\/www.belinal-fir.com\/sl\/znacilnosti\/standardizacija\/"]}]},{"@type":"BreadcrumbList","@id":"https:\/\/www.belinal-fir.com\/sl\/znacilnosti\/standardizacija\/#breadcrumb","itemListElement":[{"@type":"ListItem","position":1,"name":"Home","item":"https:\/\/www.belinal-fir.com\/sl\/"},{"@type":"ListItem","position":2,"name":"Zna\u010dilnosti","item":"https:\/\/www.belinal-fir.com\/sl\/znacilnosti\/"},{"@type":"ListItem","position":3,"name":"Standardizacija"}]},{"@type":"WebSite","@id":"https:\/\/www.belinal-fir.com\/#website","url":"https:\/\/www.belinal-fir.com\/","name":"Belinal izvle\u010dek vej bele jelke","description":"","potentialAction":[{"@type":"SearchAction","target":{"@type":"EntryPoint","urlTemplate":"https:\/\/www.belinal-fir.com\/?s={search_term_string}"},"query-input":"required name=search_term_string"}],"inLanguage":"sl-SI"}]}},"_links":{"self":[{"href":"https:\/\/www.belinal-fir.com\/sl\/wp-json\/wp\/v2\/pages\/835","targetHints":{"allow":["GET"]}}],"collection":[{"href":"https:\/\/www.belinal-fir.com\/sl\/wp-json\/wp\/v2\/pages"}],"about":[{"href":"https:\/\/www.belinal-fir.com\/sl\/wp-json\/wp\/v2\/types\/page"}],"author":[{"embeddable":true,"href":"https:\/\/www.belinal-fir.com\/sl\/wp-json\/wp\/v2\/users\/1"}],"replies":[{"embeddable":true,"href":"https:\/\/www.belinal-fir.com\/sl\/wp-json\/wp\/v2\/comments?post=835"}],"version-history":[{"count":1,"href":"https:\/\/www.belinal-fir.com\/sl\/wp-json\/wp\/v2\/pages\/835\/revisions"}],"predecessor-version":[{"id":1014,"href":"https:\/\/www.belinal-fir.com\/sl\/wp-json\/wp\/v2\/pages\/835\/revisions\/1014"}],"up":[{"embeddable":true,"href":"https:\/\/www.belinal-fir.com\/sl\/wp-json\/wp\/v2\/pages\/837"}],"wp:attachment":[{"href":"https:\/\/www.belinal-fir.com\/sl\/wp-json\/wp\/v2\/media?parent=835"}],"curies":[{"name":"wp","href":"https:\/\/api.w.org\/{rel}","templated":true}]}}