{"id":836,"date":"2026-03-22T10:13:50","date_gmt":"2026-03-22T10:13:50","guid":{"rendered":"https:\/\/www.belinal-fir.com\/phytochemical-characteristics\/"},"modified":"2026-04-06T17:55:58","modified_gmt":"2026-04-06T17:55:58","slug":"fitokemicne-znacilnosti","status":"publish","type":"page","link":"https:\/\/www.belinal-fir.com\/sl\/znacilnosti\/fitokemicne-znacilnosti\/","title":{"rendered":"Fitokemi\u010dne zna\u010dilnosti"},"content":{"rendered":"<div class=\"wpb-content-wrapper\"><p>[vc_row full_width=&#8221;stretch_row_content_no_spaces&#8221; el_class=&#8221;sp-page-title&#8221;][vc_column]\t\t\n\t\t<div class=\"title-banner\" style=\"background-image: linear-gradient(rgba(0, 0, 0, 0.0),rgba(0, 0, 0, 0.0)),url();\">\n\t\t\t<div class=\"container\">\n\t\t\t\t<div class=\"breadcrumbs-container\">\n\t\t\t\t\t\t<div class=\"breadcrumbs\">\n\t\t\t\t\t\t\t\n\t<ul class=\"ns-breadcrumbs\">\n\t\t\t<li><a href=\"https:\/\/www.belinal-fir.com\/sl\/\">Home<\/a><\/li>\n\t\t\t\t\t<li><a href=\"https:\/\/www.belinal-fir.com\/sl\/znacilnosti\/\">Zna\u010dilnosti<\/a><\/li>\n\t\t\t\t<li>Fitokemi\u010dne zna\u010dilnosti<\/li>\n\t<\/ul>\n\t\n\t\t\t\t\t\t\t\t<div class=\"clearfix\"><\/div>\n\t\t\t\t\t\t<\/div>\n\t\t\t\t<\/div>\n\t\t\t\t\t\t\t<\/div>\n\t\t<\/div>\n\n\t\t[\/vc_column][\/vc_row][vc_row el_class=&#8221;sp-intro&#8221;][vc_column width=&#8221;1\/4&#8243; el_class=&#8221;c1&#8243;]\t\n\t\t<nav class=\" sidenav \">\n\t\t<a href=\"https:\/\/www.belinal-fir.com\/sl\/znacilnosti\/\" class=\"sidenav-title\"><h2>Zna\u010dilnosti<\/h2><\/a>\n\t\t<ul>\n\t\t<li class=\"page_item page-item-836\"><a href=\"https:\/\/www.belinal-fir.com\/sl\/znacilnosti\/fitokemicne-znacilnosti\/\">Fitokemi\u010dne zna\u010dilnosti<\/a><\/li>\n<li class=\"page_item page-item-835\"><a href=\"https:\/\/www.belinal-fir.com\/sl\/znacilnosti\/standardizacija\/\">Standardizacija<\/a><\/li>\n\t   \t<\/ul>\n\t<\/nav>\n\t\n\t[\/vc_column][vc_column width=&#8221;3\/4&#8243; el_class=&#8221;c2&#8243;]\t\t\n\t\t<div class=\"title-banner\" style=\"background-image: url();\">\n\t\t\t<div class=\"container\">\n\t\t\t\t<h1 class=\"entry-title\">Fitokemi\u010dne zna\u010dilnosti<\/h1>\n\n\t\t\t\t\t\t\t<\/div>\n\t\t<\/div>\n\n\t\t[vc_row_inner][vc_column_inner][vc_column_text]<\/p>\n<h2>Belinal\u00ae \u2013 patentiran in standardiziran izvle\u010dek vej bele jelke<\/h2>\n<p>Belinal\u00ae je patentiran in standardiziran vodni izvle\u010dek iz vej bele jelke (Abies alba), iglavca, zna\u010dilnega za evropski prostor. Njegove fizikalno-kemijske lastnosti, botani\u010dni izvor in fitokemi\u010dna sestava so natan\u010dno opredeljeni v strokovni monografiji, ki temelji na obse\u017enih makroskopskih in mikroskopskih znanstvenih raziskavah.<\/p>\n<p>Belinal\u00ae je vrhunski rastlinski izvle\u010dek, bogat z bioaktivnimi polifenoli \u2013 naravnimi spojinami, poznanimi po antioksidativnem, protivnetnem in uravnalnem delovanju na razli\u010dne biolo\u0161ke poti.[\/vc_column_text][vc_single_image image=&#8221;517&#8243;][vc_column_text]<\/p>\n<h2>Sestava<\/h2>\n<h3>Polifenoli<\/h3>\n<p>Belinal\u00ae vsebuje edinstveno me\u0161anico kompleksnih polifenolov, med katerimi so lignani, fenolne kisline in flavonoidi. Do danes je bilo v Belinal\u00ae opredeljenih ve\u010d kot 36 razli\u010dnih polifenolov. Pribli\u017eno 70 % izvle\u010dka predstavljajo polifenoli.<\/p>\n<h3>Lignani<\/h3>\n<p>Med zna\u010dilnimi lignani v Belinal\u00ae so laricirezinol, sekoizolaricirezinol, izolaricirezinol, hidroksimatairezinol, pinorezinol in matairezinol. Ti lignani predstavljajo ve\u010d kot 10 % izvle\u010dka in tvorijo njegov prepoznavni standardizirani lignanski profil.<\/p>\n<h3>Polisaharidi<\/h3>\n<p>Med prevladujo\u010dimi monomernimi polisaharidi v Belinal\u00ae, navedenimi po zastopanosti od najve\u010d do najmanj, so:<\/p>\n<ul>\n<li>galaktoglukomanani<\/li>\n<li>ksilani<\/li>\n<li>manani<\/li>\n<li>arabinogalaktani<\/li>\n<li>galaktani<\/li>\n<\/ul>\n<h3>Topnost v vodi<\/h3>\n<ul>\n<li>92-odstotna topnost v vodi pri 1 g\/L<\/li>\n<li>80-odstotna topnost v vodi pri 1 g\/50 mL<\/li>\n<\/ul>\n<p>Belinal\u00ae je standardiziran izvle\u010dek, primeren za uporabo v prehranskih dopolnilih, kozmetiki in napitkih.<\/p>\n<h3>Organolepti\u010dne zna\u010dilnosti<\/h3>\n<p>Belinal\u00ae je zelo rahel svetlo rjav prah z zna\u010dilnim vonjem po iglavcih. Pomembna zna\u010dilnost je tudi, da ima 90 % njegovih polifenolov molekulsko maso pod 1000 Da, kar omogo\u010da u\u010dinkovito absorpcijo in izkoristek v \u010dlove\u0161kem telesu.<\/p>\n<h3>Reference:<\/h3>\n<p>Tav\u010dar Benkovi\u0107 E, \u017digon D, Mihailovi\u0107 V, Petelinc T, Jamnik P, Kreft S<strong>. Identification, in vitro and in vivo Antioxidant Activity, and Gastrointestinal Stability of Lignans from Silver Fir (<em>Abies alba<\/em>) Wood Extract Belinal<\/strong>. J Wood Chem Technol [Internet]. 2017 Nov 2;37(6):467\u201377.[\/vc_column_text][\/vc_column_inner][\/vc_row_inner][\/vc_column][\/vc_row]<\/p>\n<\/div>","protected":false},"excerpt":{"rendered":"<p>[vc_row full_width=&#8221;stretch_row_content_no_spaces&#8221; el_class=&#8221;sp-page-title&#8221;][vc_column][\/vc_column][\/vc_row][vc_row el_class=&#8221;sp-intro&#8221;][vc_column width=&#8221;1\/4&#8243; el_class=&#8221;c1&#8243;][\/vc_column][vc_column width=&#8221;3\/4&#8243; el_class=&#8221;c2&#8243;][vc_row_inner][vc_column_inner][vc_column_text] Belinal\u00ae \u2013 patentiran in standardiziran izvle\u010dek vej bele jelke Belinal\u00ae je patentiran in standardiziran vodni izvle\u010dek iz vej bele jelke (Abies alba), iglavca, zna\u010dilnega za evropski prostor. Njegove fizikalno-kemijske lastnosti, botani\u010dni izvor in fitokemi\u010dna sestava so natan\u010dno opredeljeni v strokovni monografiji, ki temelji na obse\u017enih makroskopskih in mikroskopskih znanstvenih raziskavah. Belinal\u00ae je vrhunski rastlinski izvle\u010dek, bogat z bioaktivnimi polifenoli \u2013 naravnimi spojinami, poznanimi po antioksidativnem, protivnetnem in uravnalnem delovanju na razli\u010dne biolo\u0161ke poti.[\/vc_column_text][vc_single_image image=&#8221;517&#8243;][vc_column_text] Sestava Polifenoli Belinal\u00ae vsebuje edinstveno me\u0161anico kompleksnih polifenolov, med katerimi so lignani, fenolne kisline in flavonoidi. Do danes je bilo v Belinal\u00ae opredeljenih ve\u010d kot 36 razli\u010dnih polifenolov. Pribli\u017eno 70 % izvle\u010dka predstavljajo polifenoli. Lignani Med zna\u010dilnimi lignani [&hellip;]<\/p>\n","protected":false},"author":1,"featured_media":0,"parent":837,"menu_order":0,"comment_status":"closed","ping_status":"closed","template":"","meta":{"footnotes":""},"class_list":["post-836","page","type-page","status-publish","hentry"],"yoast_head":"<!-- This site is optimized with the Yoast SEO plugin v21.3 - https:\/\/yoast.com\/wordpress\/plugins\/seo\/ -->\n<title>Fitokemi\u010dne zna\u010dilnosti - Belinal izvle\u010dek vej bele jelke<\/title>\n<meta name=\"description\" content=\"Belinal\u00ae \u2013 patentiran in standardiziran izvle\u010dek vej bele jelke Belinal\u00ae je patentiran in standardiziran vodni izvle\u010dek iz vej bele jelke (Abies alba), iglavca, zna\u010dilnega za evropski prostor. Njegove fizikalno-kemijske lastnosti,\" \/>\n<meta name=\"robots\" content=\"index, follow, max-snippet:-1, max-image-preview:large, max-video-preview:-1\" \/>\n<link rel=\"canonical\" href=\"https:\/\/www.belinal-fir.com\/sl\/znacilnosti\/fitokemicne-znacilnosti\/\" \/>\n<meta property=\"og:locale\" content=\"sl_SI\" \/>\n<meta property=\"og:type\" content=\"article\" \/>\n<meta property=\"og:title\" content=\"Fitokemi\u010dne zna\u010dilnosti - Belinal izvle\u010dek vej bele jelke\" \/>\n<meta property=\"og:description\" content=\"[vc_row full_width=&#8221;stretch_row_content_no_spaces&#8221; el_class=&#8221;sp-page-title&#8221;][vc_column][\/vc_column][\/vc_row][vc_row el_class=&#8221;sp-intro&#8221;][vc_column width=&#8221;1\/4&#8243; el_class=&#8221;c1&#8243;][\/vc_column][vc_column width=&#8221;3\/4&#8243; el_class=&#8221;c2&#8243;][vc_row_inner][vc_column_inner][vc_column_text] Belinal\u00ae \u2013 patentiran in standardiziran izvle\u010dek vej bele jelke Belinal\u00ae je patentiran in standardiziran vodni izvle\u010dek iz vej bele jelke (Abies alba), iglavca, zna\u010dilnega za evropski prostor. Njegove fizikalno-kemijske lastnosti, botani\u010dni izvor in fitokemi\u010dna sestava so natan\u010dno opredeljeni v strokovni monografiji, ki temelji na obse\u017enih makroskopskih in mikroskopskih znanstvenih raziskavah. Belinal\u00ae je vrhunski rastlinski izvle\u010dek, bogat z bioaktivnimi polifenoli \u2013 naravnimi spojinami, poznanimi po antioksidativnem, protivnetnem in uravnalnem delovanju na razli\u010dne biolo\u0161ke poti.[\/vc_column_text][vc_single_image image=&#8221;517&#8243;][vc_column_text] Sestava Polifenoli Belinal\u00ae vsebuje edinstveno me\u0161anico kompleksnih polifenolov, med katerimi so lignani, fenolne kisline in flavonoidi. Do danes je bilo v Belinal\u00ae opredeljenih ve\u010d kot 36 razli\u010dnih polifenolov. Pribli\u017eno 70 % izvle\u010dka predstavljajo polifenoli. Lignani Med zna\u010dilnimi lignani [&hellip;]\" \/>\n<meta property=\"og:url\" content=\"https:\/\/www.belinal-fir.com\/sl\/znacilnosti\/fitokemicne-znacilnosti\/\" \/>\n<meta property=\"og:site_name\" content=\"Belinal izvle\u010dek vej bele jelke\" \/>\n<meta property=\"article:modified_time\" content=\"2026-04-06T17:55:58+00:00\" \/>\n<meta name=\"twitter:card\" content=\"summary_large_image\" \/>\n<meta name=\"twitter:label1\" content=\"Est. reading time\" \/>\n\t<meta name=\"twitter:data1\" content=\"2 minuti\" \/>\n<script type=\"application\/ld+json\" class=\"yoast-schema-graph\">{\"@context\":\"https:\/\/schema.org\",\"@graph\":[{\"@type\":\"WebPage\",\"@id\":\"https:\/\/www.belinal-fir.com\/sl\/znacilnosti\/fitokemicne-znacilnosti\/\",\"url\":\"https:\/\/www.belinal-fir.com\/sl\/znacilnosti\/fitokemicne-znacilnosti\/\",\"name\":\"Fitokemi\u010dne zna\u010dilnosti - Belinal izvle\u010dek vej bele jelke\",\"isPartOf\":{\"@id\":\"https:\/\/www.belinal-fir.com\/#website\"},\"datePublished\":\"2026-03-22T10:13:50+00:00\",\"dateModified\":\"2026-04-06T17:55:58+00:00\",\"breadcrumb\":{\"@id\":\"https:\/\/www.belinal-fir.com\/sl\/znacilnosti\/fitokemicne-znacilnosti\/#breadcrumb\"},\"inLanguage\":\"sl-SI\",\"potentialAction\":[{\"@type\":\"ReadAction\",\"target\":[\"https:\/\/www.belinal-fir.com\/sl\/znacilnosti\/fitokemicne-znacilnosti\/\"]}]},{\"@type\":\"BreadcrumbList\",\"@id\":\"https:\/\/www.belinal-fir.com\/sl\/znacilnosti\/fitokemicne-znacilnosti\/#breadcrumb\",\"itemListElement\":[{\"@type\":\"ListItem\",\"position\":1,\"name\":\"Home\",\"item\":\"https:\/\/www.belinal-fir.com\/sl\/\"},{\"@type\":\"ListItem\",\"position\":2,\"name\":\"Zna\u010dilnosti\",\"item\":\"https:\/\/www.belinal-fir.com\/sl\/znacilnosti\/\"},{\"@type\":\"ListItem\",\"position\":3,\"name\":\"Fitokemi\u010dne zna\u010dilnosti\"}]},{\"@type\":\"WebSite\",\"@id\":\"https:\/\/www.belinal-fir.com\/#website\",\"url\":\"https:\/\/www.belinal-fir.com\/\",\"name\":\"Belinal izvle\u010dek vej bele jelke\",\"description\":\"\",\"potentialAction\":[{\"@type\":\"SearchAction\",\"target\":{\"@type\":\"EntryPoint\",\"urlTemplate\":\"https:\/\/www.belinal-fir.com\/?s={search_term_string}\"},\"query-input\":\"required name=search_term_string\"}],\"inLanguage\":\"sl-SI\"}]}<\/script>\n<!-- \/ Yoast SEO plugin. -->","yoast_head_json":{"title":"Fitokemi\u010dne zna\u010dilnosti - Belinal izvle\u010dek vej bele jelke","description":"Belinal\u00ae \u2013 patentiran in standardiziran izvle\u010dek vej bele jelke Belinal\u00ae je patentiran in standardiziran vodni izvle\u010dek iz vej bele jelke (Abies alba), iglavca, zna\u010dilnega za evropski prostor. Njegove fizikalno-kemijske lastnosti,","robots":{"index":"index","follow":"follow","max-snippet":"max-snippet:-1","max-image-preview":"max-image-preview:large","max-video-preview":"max-video-preview:-1"},"canonical":"https:\/\/www.belinal-fir.com\/sl\/znacilnosti\/fitokemicne-znacilnosti\/","og_locale":"sl_SI","og_type":"article","og_title":"Fitokemi\u010dne zna\u010dilnosti - Belinal izvle\u010dek vej bele jelke","og_description":"[vc_row full_width=&#8221;stretch_row_content_no_spaces&#8221; el_class=&#8221;sp-page-title&#8221;][vc_column][\/vc_column][\/vc_row][vc_row el_class=&#8221;sp-intro&#8221;][vc_column width=&#8221;1\/4&#8243; el_class=&#8221;c1&#8243;][\/vc_column][vc_column width=&#8221;3\/4&#8243; el_class=&#8221;c2&#8243;][vc_row_inner][vc_column_inner][vc_column_text] Belinal\u00ae \u2013 patentiran in standardiziran izvle\u010dek vej bele jelke Belinal\u00ae je patentiran in standardiziran vodni izvle\u010dek iz vej bele jelke (Abies alba), iglavca, zna\u010dilnega za evropski prostor. Njegove fizikalno-kemijske lastnosti, botani\u010dni izvor in fitokemi\u010dna sestava so natan\u010dno opredeljeni v strokovni monografiji, ki temelji na obse\u017enih makroskopskih in mikroskopskih znanstvenih raziskavah. Belinal\u00ae je vrhunski rastlinski izvle\u010dek, bogat z bioaktivnimi polifenoli \u2013 naravnimi spojinami, poznanimi po antioksidativnem, protivnetnem in uravnalnem delovanju na razli\u010dne biolo\u0161ke poti.[\/vc_column_text][vc_single_image image=&#8221;517&#8243;][vc_column_text] Sestava Polifenoli Belinal\u00ae vsebuje edinstveno me\u0161anico kompleksnih polifenolov, med katerimi so lignani, fenolne kisline in flavonoidi. Do danes je bilo v Belinal\u00ae opredeljenih ve\u010d kot 36 razli\u010dnih polifenolov. Pribli\u017eno 70 % izvle\u010dka predstavljajo polifenoli. Lignani Med zna\u010dilnimi lignani [&hellip;]","og_url":"https:\/\/www.belinal-fir.com\/sl\/znacilnosti\/fitokemicne-znacilnosti\/","og_site_name":"Belinal izvle\u010dek vej bele jelke","article_modified_time":"2026-04-06T17:55:58+00:00","twitter_card":"summary_large_image","twitter_misc":{"Est. reading time":"2 minuti"},"schema":{"@context":"https:\/\/schema.org","@graph":[{"@type":"WebPage","@id":"https:\/\/www.belinal-fir.com\/sl\/znacilnosti\/fitokemicne-znacilnosti\/","url":"https:\/\/www.belinal-fir.com\/sl\/znacilnosti\/fitokemicne-znacilnosti\/","name":"Fitokemi\u010dne zna\u010dilnosti - Belinal izvle\u010dek vej bele jelke","isPartOf":{"@id":"https:\/\/www.belinal-fir.com\/#website"},"datePublished":"2026-03-22T10:13:50+00:00","dateModified":"2026-04-06T17:55:58+00:00","breadcrumb":{"@id":"https:\/\/www.belinal-fir.com\/sl\/znacilnosti\/fitokemicne-znacilnosti\/#breadcrumb"},"inLanguage":"sl-SI","potentialAction":[{"@type":"ReadAction","target":["https:\/\/www.belinal-fir.com\/sl\/znacilnosti\/fitokemicne-znacilnosti\/"]}]},{"@type":"BreadcrumbList","@id":"https:\/\/www.belinal-fir.com\/sl\/znacilnosti\/fitokemicne-znacilnosti\/#breadcrumb","itemListElement":[{"@type":"ListItem","position":1,"name":"Home","item":"https:\/\/www.belinal-fir.com\/sl\/"},{"@type":"ListItem","position":2,"name":"Zna\u010dilnosti","item":"https:\/\/www.belinal-fir.com\/sl\/znacilnosti\/"},{"@type":"ListItem","position":3,"name":"Fitokemi\u010dne zna\u010dilnosti"}]},{"@type":"WebSite","@id":"https:\/\/www.belinal-fir.com\/#website","url":"https:\/\/www.belinal-fir.com\/","name":"Belinal izvle\u010dek vej bele jelke","description":"","potentialAction":[{"@type":"SearchAction","target":{"@type":"EntryPoint","urlTemplate":"https:\/\/www.belinal-fir.com\/?s={search_term_string}"},"query-input":"required name=search_term_string"}],"inLanguage":"sl-SI"}]}},"_links":{"self":[{"href":"https:\/\/www.belinal-fir.com\/sl\/wp-json\/wp\/v2\/pages\/836","targetHints":{"allow":["GET"]}}],"collection":[{"href":"https:\/\/www.belinal-fir.com\/sl\/wp-json\/wp\/v2\/pages"}],"about":[{"href":"https:\/\/www.belinal-fir.com\/sl\/wp-json\/wp\/v2\/types\/page"}],"author":[{"embeddable":true,"href":"https:\/\/www.belinal-fir.com\/sl\/wp-json\/wp\/v2\/users\/1"}],"replies":[{"embeddable":true,"href":"https:\/\/www.belinal-fir.com\/sl\/wp-json\/wp\/v2\/comments?post=836"}],"version-history":[{"count":1,"href":"https:\/\/www.belinal-fir.com\/sl\/wp-json\/wp\/v2\/pages\/836\/revisions"}],"predecessor-version":[{"id":1013,"href":"https:\/\/www.belinal-fir.com\/sl\/wp-json\/wp\/v2\/pages\/836\/revisions\/1013"}],"up":[{"embeddable":true,"href":"https:\/\/www.belinal-fir.com\/sl\/wp-json\/wp\/v2\/pages\/837"}],"wp:attachment":[{"href":"https:\/\/www.belinal-fir.com\/sl\/wp-json\/wp\/v2\/media?parent=836"}],"curies":[{"name":"wp","href":"https:\/\/api.w.org\/{rel}","templated":true}]}}