{"id":837,"date":"2026-03-22T10:09:04","date_gmt":"2026-03-22T10:09:04","guid":{"rendered":"https:\/\/www.belinal-fir.com\/characteristics\/"},"modified":"2026-04-06T17:55:20","modified_gmt":"2026-04-06T17:55:20","slug":"znacilnosti","status":"publish","type":"page","link":"https:\/\/www.belinal-fir.com\/sl\/znacilnosti\/","title":{"rendered":"Zna\u010dilnosti"},"content":{"rendered":"<div class=\"wpb-content-wrapper\"><p>[vc_row full_width=&#8221;stretch_row_content_no_spaces&#8221; el_class=&#8221;sp-page-title&#8221;][vc_column]\t\t\n\t\t<div class=\"title-banner\" style=\"background-image: linear-gradient(rgba(0, 0, 0, 0.0),rgba(0, 0, 0, 0.0)),url();\">\n\t\t\t<div class=\"container\">\n\t\t\t\t<div class=\"breadcrumbs-container\">\n\t\t\t\t\t\t<div class=\"breadcrumbs\">\n\t\t\t\t\t\t\t\n\t<ul class=\"ns-breadcrumbs\">\n\t\t\t<li><a href=\"https:\/\/www.belinal-fir.com\/sl\/\">Home<\/a><\/li>\n\t\t\t\t<li>Zna\u010dilnosti<\/li>\n\t<\/ul>\n\t\n\t\t\t\t\t\t\t\t<div class=\"clearfix\"><\/div>\n\t\t\t\t\t\t<\/div>\n\t\t\t\t<\/div>\n\t\t\t\t\t\t\t\t\t<h1 class=\"entry-title\">Zna\u010dilnosti<\/h1>\n\t\t\t\t\t\t\t<\/div>\n\t\t<\/div>\n\n\t\t[\/vc_column][\/vc_row][vc_row][vc_column][vc_column_text]Belinal\u00ae je patentiran in standardiziran izvle\u010dek iz vej bele jelke (Abies alba), ki ga odlikuje visoka vsebnost naravnih bioaktivnih spojin. Pridobljen je brez uporabe topil, zato zagotavlja izjemno \u010distost, stalno kakovost in vsestransko uporabo v prehranskih dopolnilih, kozmetiki in funkcionalnih napitkih.[\/vc_column_text][vc_row_inner][vc_column_inner width=&#8221;1\/2&#8243;][vc_column_text]<\/p>\n<h2>Sestava in bioaktivni profil<\/h2>\n<p>Belinal\u00ae vsebuje edinstven kompleks ve\u010d kot 36 opredeljenih polifenolov, ki predstavljajo pribli\u017eno 70 % izvle\u010dka. Med njimi so <strong>lignani, fenolne kisline in flavonoidi, spojine, ki so dobro poznane po svojem antioksidativnem in protivnetnem delovanju.<\/strong><\/p>\n<p>Ena od zna\u010dilnih lastnosti izvle\u010dka Belinal\u00ae je njegov <strong>prepoznaven lignanski profil<\/strong>, ki vklju\u010duje klju\u010dne spojine, kot so sekoizolaricirezinol, laricirezinol in matairezinol. Ti lignani predstavljajo ve\u010d kot 10 % izvle\u010dka in imajo pomembno vlogo pri njegovem biolo\u0161kem delovanju.<\/p>\n<p>Poleg tega Belinal\u00ae vsebuje tudi naravno prisotne polisaharide, kot so galaktoglukomanani in arabinogalaktani. Ker ima pribli\u017eno 90 % polifenolov v Belinal\u00ae molekulsko maso pod 1000 Da, se odlikuje tudi z dobro absorpcijo in visoko biolo\u0161ko uporabnostjo.[\/vc_column_text]\t\t\n\t\t<a href=\"https:\/\/www.belinal-fir.com\/sl\/znacilnosti\/fitokemicne-znacilnosti\/\" target=\"\" class=\"btn  btn-default btn-lg \" id=\"\">Fitokemi\u010dne zna\u010dilnosti<\/a>\n\n\t\t[vc_empty_space][\/vc_column_inner][vc_column_inner width=&#8221;1\/2&#8243;][vc_column_text]<\/p>\n<h2>Standardizacija in fizikalne lastnosti<\/h2>\n<p>Belinal\u00ae je izvle\u010dek z zelo dobro topnostjo v vodi, saj dosega do 92-odstotno topnost, pri njegovi proizvodnji pa se ne uporabljajo alkohol ali organska topila. To zagotavlja \u010disto, naravno sestavo, skladno s sodobnimi standardi kakovosti.<\/p>\n<p>Na voljo je v obliki svetlo rjavega prahu z zna\u010dilnim vonjem po iglavcih, ki odra\u017ea njegov naravni izvor. Enakomernost in kakovost Belinal\u00ae potrjujejo napredne analizne metode, kot je HPLC, s katerimi je mogo\u010de natan\u010dno dolo\u010diti in ovrednotiti njegove klju\u010dne lignane.<\/p>\n<p>Tak\u0161na stroga standardizacija zagotavlja zanesljivo in enotno kakovost med posameznimi serijami, zato je Belinal\u00ae zaupanja vredna sestavina za \u0161irok spekter uporabe.[\/vc_column_text]\t\t\n\t\t<a href=\"https:\/\/www.belinal-fir.com\/sl\/znacilnosti\/standardizacija\/\" target=\"\" class=\"btn  btn-default btn-lg \" id=\"\">Standardizacija<\/a>\n\n\t\t[vc_empty_space][\/vc_column_inner][\/vc_row_inner][\/vc_column][\/vc_row][vc_row][vc_column][vc_empty_space][\/vc_column][\/vc_row]<\/p>\n<\/div>","protected":false},"excerpt":{"rendered":"<p>[vc_row full_width=&#8221;stretch_row_content_no_spaces&#8221; el_class=&#8221;sp-page-title&#8221;][vc_column][\/vc_column][\/vc_row][vc_row][vc_column][vc_column_text]Belinal\u00ae je patentiran in standardiziran izvle\u010dek iz vej bele jelke (Abies alba), ki ga odlikuje visoka vsebnost naravnih bioaktivnih spojin. Pridobljen je brez uporabe topil, zato zagotavlja izjemno \u010distost, stalno kakovost in vsestransko uporabo v prehranskih dopolnilih, kozmetiki in funkcionalnih napitkih.[\/vc_column_text][vc_row_inner][vc_column_inner width=&#8221;1\/2&#8243;][vc_column_text] Sestava in bioaktivni profil Belinal\u00ae vsebuje edinstven kompleks ve\u010d kot 36 opredeljenih polifenolov, ki predstavljajo pribli\u017eno 70 % izvle\u010dka. Med njimi so lignani, fenolne kisline in flavonoidi, spojine, ki so dobro poznane po svojem antioksidativnem in protivnetnem delovanju. Ena od zna\u010dilnih lastnosti izvle\u010dka Belinal\u00ae je njegov prepoznaven lignanski profil, ki vklju\u010duje klju\u010dne spojine, kot so sekoizolaricirezinol, laricirezinol in matairezinol. Ti lignani predstavljajo ve\u010d kot 10 % izvle\u010dka in imajo pomembno vlogo pri njegovem biolo\u0161kem delovanju. Poleg [&hellip;]<\/p>\n","protected":false},"author":1,"featured_media":0,"parent":0,"menu_order":4,"comment_status":"closed","ping_status":"closed","template":"","meta":{"footnotes":""},"class_list":["post-837","page","type-page","status-publish","hentry"],"yoast_head":"<!-- This site is optimized with the Yoast SEO plugin v21.3 - https:\/\/yoast.com\/wordpress\/plugins\/seo\/ -->\n<title>Zna\u010dilnosti - Belinal izvle\u010dek vej bele jelke<\/title>\n<meta name=\"description\" content=\"Belinal\u00ae je patentiran in standardiziran izvle\u010dek iz vej bele jelke (Abies alba), ki ga odlikuje visoka vsebnost naravnih bioaktivnih spojin. Pridobljen je brez uporabe topil, zato zagotavlja izjemno \u010distost, stalno\" \/>\n<meta name=\"robots\" content=\"index, follow, max-snippet:-1, max-image-preview:large, max-video-preview:-1\" \/>\n<link rel=\"canonical\" href=\"https:\/\/www.belinal-fir.com\/sl\/znacilnosti\/\" \/>\n<meta property=\"og:locale\" content=\"sl_SI\" \/>\n<meta property=\"og:type\" content=\"article\" \/>\n<meta property=\"og:title\" content=\"Zna\u010dilnosti - Belinal izvle\u010dek vej bele jelke\" \/>\n<meta property=\"og:description\" content=\"[vc_row full_width=&#8221;stretch_row_content_no_spaces&#8221; el_class=&#8221;sp-page-title&#8221;][vc_column][\/vc_column][\/vc_row][vc_row][vc_column][vc_column_text]Belinal\u00ae je patentiran in standardiziran izvle\u010dek iz vej bele jelke (Abies alba), ki ga odlikuje visoka vsebnost naravnih bioaktivnih spojin. Pridobljen je brez uporabe topil, zato zagotavlja izjemno \u010distost, stalno kakovost in vsestransko uporabo v prehranskih dopolnilih, kozmetiki in funkcionalnih napitkih.[\/vc_column_text][vc_row_inner][vc_column_inner width=&#8221;1\/2&#8243;][vc_column_text] Sestava in bioaktivni profil Belinal\u00ae vsebuje edinstven kompleks ve\u010d kot 36 opredeljenih polifenolov, ki predstavljajo pribli\u017eno 70 % izvle\u010dka. Med njimi so lignani, fenolne kisline in flavonoidi, spojine, ki so dobro poznane po svojem antioksidativnem in protivnetnem delovanju. Ena od zna\u010dilnih lastnosti izvle\u010dka Belinal\u00ae je njegov prepoznaven lignanski profil, ki vklju\u010duje klju\u010dne spojine, kot so sekoizolaricirezinol, laricirezinol in matairezinol. Ti lignani predstavljajo ve\u010d kot 10 % izvle\u010dka in imajo pomembno vlogo pri njegovem biolo\u0161kem delovanju. Poleg [&hellip;]\" \/>\n<meta property=\"og:url\" content=\"https:\/\/www.belinal-fir.com\/sl\/znacilnosti\/\" \/>\n<meta property=\"og:site_name\" content=\"Belinal izvle\u010dek vej bele jelke\" \/>\n<meta property=\"article:modified_time\" content=\"2026-04-06T17:55:20+00:00\" \/>\n<meta name=\"twitter:card\" content=\"summary_large_image\" \/>\n<meta name=\"twitter:label1\" content=\"Est. reading time\" \/>\n\t<meta name=\"twitter:data1\" content=\"2 minuti\" \/>\n<script type=\"application\/ld+json\" class=\"yoast-schema-graph\">{\"@context\":\"https:\/\/schema.org\",\"@graph\":[{\"@type\":\"WebPage\",\"@id\":\"https:\/\/www.belinal-fir.com\/sl\/znacilnosti\/\",\"url\":\"https:\/\/www.belinal-fir.com\/sl\/znacilnosti\/\",\"name\":\"Zna\u010dilnosti - Belinal izvle\u010dek vej bele jelke\",\"isPartOf\":{\"@id\":\"https:\/\/www.belinal-fir.com\/#website\"},\"datePublished\":\"2026-03-22T10:09:04+00:00\",\"dateModified\":\"2026-04-06T17:55:20+00:00\",\"breadcrumb\":{\"@id\":\"https:\/\/www.belinal-fir.com\/sl\/znacilnosti\/#breadcrumb\"},\"inLanguage\":\"sl-SI\",\"potentialAction\":[{\"@type\":\"ReadAction\",\"target\":[\"https:\/\/www.belinal-fir.com\/sl\/znacilnosti\/\"]}]},{\"@type\":\"BreadcrumbList\",\"@id\":\"https:\/\/www.belinal-fir.com\/sl\/znacilnosti\/#breadcrumb\",\"itemListElement\":[{\"@type\":\"ListItem\",\"position\":1,\"name\":\"Home\",\"item\":\"https:\/\/www.belinal-fir.com\/sl\/\"},{\"@type\":\"ListItem\",\"position\":2,\"name\":\"Zna\u010dilnosti\"}]},{\"@type\":\"WebSite\",\"@id\":\"https:\/\/www.belinal-fir.com\/#website\",\"url\":\"https:\/\/www.belinal-fir.com\/\",\"name\":\"Belinal izvle\u010dek vej bele jelke\",\"description\":\"\",\"potentialAction\":[{\"@type\":\"SearchAction\",\"target\":{\"@type\":\"EntryPoint\",\"urlTemplate\":\"https:\/\/www.belinal-fir.com\/?s={search_term_string}\"},\"query-input\":\"required name=search_term_string\"}],\"inLanguage\":\"sl-SI\"}]}<\/script>\n<!-- \/ Yoast SEO plugin. -->","yoast_head_json":{"title":"Zna\u010dilnosti - Belinal izvle\u010dek vej bele jelke","description":"Belinal\u00ae je patentiran in standardiziran izvle\u010dek iz vej bele jelke (Abies alba), ki ga odlikuje visoka vsebnost naravnih bioaktivnih spojin. Pridobljen je brez uporabe topil, zato zagotavlja izjemno \u010distost, stalno","robots":{"index":"index","follow":"follow","max-snippet":"max-snippet:-1","max-image-preview":"max-image-preview:large","max-video-preview":"max-video-preview:-1"},"canonical":"https:\/\/www.belinal-fir.com\/sl\/znacilnosti\/","og_locale":"sl_SI","og_type":"article","og_title":"Zna\u010dilnosti - Belinal izvle\u010dek vej bele jelke","og_description":"[vc_row full_width=&#8221;stretch_row_content_no_spaces&#8221; el_class=&#8221;sp-page-title&#8221;][vc_column][\/vc_column][\/vc_row][vc_row][vc_column][vc_column_text]Belinal\u00ae je patentiran in standardiziran izvle\u010dek iz vej bele jelke (Abies alba), ki ga odlikuje visoka vsebnost naravnih bioaktivnih spojin. Pridobljen je brez uporabe topil, zato zagotavlja izjemno \u010distost, stalno kakovost in vsestransko uporabo v prehranskih dopolnilih, kozmetiki in funkcionalnih napitkih.[\/vc_column_text][vc_row_inner][vc_column_inner width=&#8221;1\/2&#8243;][vc_column_text] Sestava in bioaktivni profil Belinal\u00ae vsebuje edinstven kompleks ve\u010d kot 36 opredeljenih polifenolov, ki predstavljajo pribli\u017eno 70 % izvle\u010dka. Med njimi so lignani, fenolne kisline in flavonoidi, spojine, ki so dobro poznane po svojem antioksidativnem in protivnetnem delovanju. Ena od zna\u010dilnih lastnosti izvle\u010dka Belinal\u00ae je njegov prepoznaven lignanski profil, ki vklju\u010duje klju\u010dne spojine, kot so sekoizolaricirezinol, laricirezinol in matairezinol. Ti lignani predstavljajo ve\u010d kot 10 % izvle\u010dka in imajo pomembno vlogo pri njegovem biolo\u0161kem delovanju. Poleg [&hellip;]","og_url":"https:\/\/www.belinal-fir.com\/sl\/znacilnosti\/","og_site_name":"Belinal izvle\u010dek vej bele jelke","article_modified_time":"2026-04-06T17:55:20+00:00","twitter_card":"summary_large_image","twitter_misc":{"Est. reading time":"2 minuti"},"schema":{"@context":"https:\/\/schema.org","@graph":[{"@type":"WebPage","@id":"https:\/\/www.belinal-fir.com\/sl\/znacilnosti\/","url":"https:\/\/www.belinal-fir.com\/sl\/znacilnosti\/","name":"Zna\u010dilnosti - Belinal izvle\u010dek vej bele jelke","isPartOf":{"@id":"https:\/\/www.belinal-fir.com\/#website"},"datePublished":"2026-03-22T10:09:04+00:00","dateModified":"2026-04-06T17:55:20+00:00","breadcrumb":{"@id":"https:\/\/www.belinal-fir.com\/sl\/znacilnosti\/#breadcrumb"},"inLanguage":"sl-SI","potentialAction":[{"@type":"ReadAction","target":["https:\/\/www.belinal-fir.com\/sl\/znacilnosti\/"]}]},{"@type":"BreadcrumbList","@id":"https:\/\/www.belinal-fir.com\/sl\/znacilnosti\/#breadcrumb","itemListElement":[{"@type":"ListItem","position":1,"name":"Home","item":"https:\/\/www.belinal-fir.com\/sl\/"},{"@type":"ListItem","position":2,"name":"Zna\u010dilnosti"}]},{"@type":"WebSite","@id":"https:\/\/www.belinal-fir.com\/#website","url":"https:\/\/www.belinal-fir.com\/","name":"Belinal izvle\u010dek vej bele jelke","description":"","potentialAction":[{"@type":"SearchAction","target":{"@type":"EntryPoint","urlTemplate":"https:\/\/www.belinal-fir.com\/?s={search_term_string}"},"query-input":"required name=search_term_string"}],"inLanguage":"sl-SI"}]}},"_links":{"self":[{"href":"https:\/\/www.belinal-fir.com\/sl\/wp-json\/wp\/v2\/pages\/837","targetHints":{"allow":["GET"]}}],"collection":[{"href":"https:\/\/www.belinal-fir.com\/sl\/wp-json\/wp\/v2\/pages"}],"about":[{"href":"https:\/\/www.belinal-fir.com\/sl\/wp-json\/wp\/v2\/types\/page"}],"author":[{"embeddable":true,"href":"https:\/\/www.belinal-fir.com\/sl\/wp-json\/wp\/v2\/users\/1"}],"replies":[{"embeddable":true,"href":"https:\/\/www.belinal-fir.com\/sl\/wp-json\/wp\/v2\/comments?post=837"}],"version-history":[{"count":1,"href":"https:\/\/www.belinal-fir.com\/sl\/wp-json\/wp\/v2\/pages\/837\/revisions"}],"predecessor-version":[{"id":1012,"href":"https:\/\/www.belinal-fir.com\/sl\/wp-json\/wp\/v2\/pages\/837\/revisions\/1012"}],"wp:attachment":[{"href":"https:\/\/www.belinal-fir.com\/sl\/wp-json\/wp\/v2\/media?parent=837"}],"curies":[{"name":"wp","href":"https:\/\/api.w.org\/{rel}","templated":true}]}}