{"id":839,"date":"2026-03-22T10:05:39","date_gmt":"2026-03-22T10:05:39","guid":{"rendered":"https:\/\/www.belinal-fir.com\/gut-health\/"},"modified":"2026-04-06T17:54:31","modified_gmt":"2026-04-06T17:54:31","slug":"zdravje-prebavil","status":"publish","type":"page","link":"https:\/\/www.belinal-fir.com\/sl\/koristi-za-zdravje\/zdravje-prebavil\/","title":{"rendered":"Zdravje prebavil"},"content":{"rendered":"<div class=\"wpb-content-wrapper\"><p>[vc_row full_width=&#8221;stretch_row_content_no_spaces&#8221; el_class=&#8221;sp-page-title&#8221;][vc_column]\t\t\n\t\t<div class=\"title-banner\" style=\"background-image: linear-gradient(rgba(0, 0, 0, 0.0),rgba(0, 0, 0, 0.0)),url();\">\n\t\t\t<div class=\"container\">\n\t\t\t\t<div class=\"breadcrumbs-container\">\n\t\t\t\t\t\t<div class=\"breadcrumbs\">\n\t\t\t\t\t\t\t\n\t<ul class=\"ns-breadcrumbs\">\n\t\t\t<li><a href=\"https:\/\/www.belinal-fir.com\/sl\/\">Home<\/a><\/li>\n\t\t\t\t\t<li><a href=\"https:\/\/www.belinal-fir.com\/sl\/koristi-za-zdravje\/\">Koristi za zdravje<\/a><\/li>\n\t\t\t\t<li>Zdravje prebavil<\/li>\n\t<\/ul>\n\t\n\t\t\t\t\t\t\t\t<div class=\"clearfix\"><\/div>\n\t\t\t\t\t\t<\/div>\n\t\t\t\t<\/div>\n\t\t\t\t\t\t\t<\/div>\n\t\t<\/div>\n\n\t\t[\/vc_column][\/vc_row][vc_row el_class=&#8221;sp-intro&#8221;][vc_column width=&#8221;1\/4&#8243; el_class=&#8221;c1&#8243;]\t\n\t\t<nav class=\" sidenav \">\n\t\t<a href=\"https:\/\/www.belinal-fir.com\/sl\/koristi-za-zdravje\/\" class=\"sidenav-title\"><h2>Koristi za zdravje<\/h2><\/a>\n\t\t<ul>\n\t\t<li class=\"page_item page-item-857\"><a href=\"https:\/\/www.belinal-fir.com\/sl\/koristi-za-zdravje\/antioksidativno-delovanje\/\">Antioksidativno delovanje<\/a><\/li>\n<li class=\"page_item page-item-858\"><a href=\"https:\/\/www.belinal-fir.com\/sl\/koristi-za-zdravje\/lepota-od-znotraj\/\">Lepota od znotraj<\/a><\/li>\n<li class=\"page_item page-item-859\"><a href=\"https:\/\/www.belinal-fir.com\/sl\/koristi-za-zdravje\/uravnavanje-telesne-teze\/\">Uravnavanje telesne te\u017ee<\/a><\/li>\n<li class=\"page_item page-item-844\"><a href=\"https:\/\/www.belinal-fir.com\/sl\/koristi-za-zdravje\/zdravje-sklepov\/\">Zdravje sklepov<\/a><\/li>\n<li class=\"page_item page-item-843\"><a href=\"https:\/\/www.belinal-fir.com\/sl\/koristi-za-zdravje\/zdravje-mozganov\/\">Zdravje mo\u017eganov<\/a><\/li>\n<li class=\"page_item page-item-842\"><a href=\"https:\/\/www.belinal-fir.com\/sl\/koristi-za-zdravje\/uravnavanje-krvnega-sladkorja\/\">Uravnavanje krvnega sladkorja<\/a><\/li>\n<li class=\"page_item page-item-841\"><a href=\"https:\/\/www.belinal-fir.com\/sl\/koristi-za-zdravje\/zdravje-srca-in-ozilja\/\">Zdravje srca in o\u017eilja<\/a><\/li>\n<li class=\"page_item page-item-840\"><a href=\"https:\/\/www.belinal-fir.com\/sl\/koristi-za-zdravje\/nega-koze\/\">Nega ko\u017ee<\/a><\/li>\n<li class=\"page_item page-item-839\"><a href=\"https:\/\/www.belinal-fir.com\/sl\/koristi-za-zdravje\/zdravje-prebavil\/\">Zdravje prebavil<\/a><\/li>\n<li class=\"page_item page-item-838\"><a href=\"https:\/\/www.belinal-fir.com\/sl\/koristi-za-zdravje\/dolgozivost-in-vitalnost\/\">Dolgo\u017eivost in vitalnost<\/a><\/li>\n\t   \t<\/ul>\n\t<\/nav>\n\t\n\t[\/vc_column][vc_column width=&#8221;3\/4&#8243; el_class=&#8221;c2&#8243;]\t\t\n\t\t<div class=\"title-banner\" style=\"background-image: url();\">\n\t\t\t<div class=\"container\">\n\t\t\t\t<h1 class=\"entry-title\">Zdravje prebavil<\/h1>\n\n\t\t\t\t\t\t\t<\/div>\n\t\t<\/div>\n\n\t\t[vc_row_inner][vc_column_inner][vc_column_text]<\/p>\n<h2>Belinal\u00ae in zdravje prebavil<\/h2>\n<p>Uravnote\u017eena \u010drevesna mikrobiota ima klju\u010dno vlogo pri presnovi hranil, uravnavanju imunskega odziva in ohranjanju za\u0161\u010ditne funkcije \u010drevesne pregrade. Motnje v njeni sestavi so vse pogosteje povezane s presnovnim neravnovesjem, blagim kroni\u010dnim vnetjem in zmanj\u0161ano odpornostjo organizma.[\/vc_column_text][vc_single_image image=&#8221;482&#8243; add_caption=&#8221;yes&#8221;][vc_column_text]<\/p>\n<h3>Prebioti\u010dno delovanje in vpliv na mikrobioto<\/h3>\n<p>Belinal\u00ae, izvle\u010dek vej bele jelke, odlikuje edinstven profil polifenolov in ne\u0161krobnih polisaharidov. Prav zaradi te posebne sestave je Belinal\u00ae zelo zanimiv za razvoj izdelkov, usmerjenih v podporo mikrobioti, pa tudi za sinbioti\u010dne formulacije.<\/p>\n<h3>Klini\u010dni dokazi<\/h3>\n<p>Pokazali smo, da je Belinal\u00ae zdru\u017eljiv z vsemi preizku\u0161enimi bakterijskimi sevi in spodbuja njihovo rast. Izvle\u010dek je poleg tega pokazal prebioti\u010dni u\u010dinek pri nekaterih bakterijah, med drugim pri sevih L. paracasei, L. acidophilus, L. rhamnosus, L. gasseri, L. crispatus in L. bulgaricus, kar ka\u017ee, da lahko njegove spojine spodbujajo njihovo razmno\u017eevanje. Belinal\u00ae tako izkazuje dobro zdru\u017eljivost z bakterijami in prebioti\u010dne lastnosti. Ti izsledki nakazujejo, da bi lahko kombinirana uporaba probioti\u010dnih sevov rodu Lactobacillus in Belinal\u00ae ugodno vplivala na zdravje prebavil.<\/p>\n<h3>Pove\u010dana stopnja rasti izbranih sevov rodu Lactobacillus<\/h3>\n<p>Stopnja rasti desetih vrst rodu Lactobacillus, gojenih v prisotnosti izvle\u010dka vej bele jelke Belinal\u00ae in brez njega.[\/vc_column_text][vc_single_image image=&#8221;483&#8243; add_caption=&#8221;yes&#8221;][vc_column_text]<em>Diagram 1: Stopnja rasti razli\u010dnih vrst rodu Lactobacillus z izvle\u010dkom bele jelke in brez njega.*(p&lt;0.05), **(p&lt;0.01), ***(p&lt;0.001).<\/em>[\/vc_column_text][vc_column_text]Statisti\u010dno zna\u010dilno pove\u010danje stopnje rasti je bilo opa\u017eeno pri L. gasseri in L. rhamnosus, kadar sta bila gojena v prisotnosti izvle\u010dka.<\/p>\n<h3>Belinal\u00ae skraj\u0161a latentno fazo posameznih bakterij<\/h3>\n<p>Trajanje latentne faze pri vrstah rodu Lactobacillus, gojenih v prisotnosti izvle\u010dka vej bele jelke Belinal\u00ae in brez njega. Skraj\u0161anje latentne faze bakterijam omogo\u010da hitrej\u0161i prehod v eksponentno in stacionarno fazo rasti, s \u010dimer se njihova aktivnost za\u010dne prej.[\/vc_column_text][vc_single_image image=&#8221;484&#8243;][vc_column_text]<em>Diagram 2: Trajanje latentne faze pri razli\u010dnih vrstah rodu Lactobacillus z izvle\u010dkom bele jelke in brez njega. <\/em><em>*(p&lt;0.05), **(p&lt;0.01), ***(p&lt;0.001).<\/em>[\/vc_column_text][vc_column_text]Belinal\u00ae je skraj\u0161al latentno fazo za 3,0 ure pri L. gasseri in za 1,6 ure pri L. bulgaricus, kar omogo\u010da hitrej\u0161o aktivacijo bakterij. Le pri L. rhamnosus je bilo opa\u017eeno zmerno podalj\u0161anje latentne faze (+1,1 ure).<\/p>\n<h3>Mehanizmi delovanja<\/h3>\n<h4>Vpliv na mikrobioto in njeno uravnavanje<\/h4>\n<p>Polifenoli bele jelke, med njimi lignani sekoizolaricirezinol, rezinol in matairezinol, delujejo v interakciji s \u010drevesno mikrobioto ter vplivajo na rast posameznih bakterijskih sevov, kar potrjujejo selektivni odzivi, opa\u017eeni v raziskavah in vitro.<\/p>\n<h4>Prebioti\u010dno delovanje<\/h4>\n<p>Polisaharidi v Belinal\u00ae delujejo kot prebiotiki in predstavljajo hranilo za koristne \u010drevesne bakterije. To spodbuja uravnote\u017eeno \u010drevesno mikrobioto, ki je pomembna za optimalno prebavo in delovanje imunskega sistema.<\/p>\n<h4>Antioksidativno in protivnetno delovanje<\/h4>\n<p>Polifenoli v Belinal\u00ae delujejo antioksidativno in so povezani z uravnavanjem vnetnih procesov v prebavilih. Ti u\u010dinki prispevajo k ohranjanju \u010drevesnega ravnovesja ter lahko pomagajo pri za\u0161\u010diti pred motnjami, kot sta sindrom razdra\u017eljivega \u010drevesja (IBS) in vnetna \u010drevesna bolezen (IBD).<\/p>\n<h4>Podpora za\u0161\u010ditni funkciji \u010drevesne pregrade<\/h4>\n<p>Polifenoli vplivajo na delovanje tesnih celi\u010dnih stikov ter tako podpirajo celovitost \u010drevesne pregrade in uravnano prepustnost, kar je klju\u010dno za ohranjanje ravnovesja v prebavilih in zmanj\u0161evanje sistemske vnetne obremenitve.<\/p>\n<p><strong>Priporo\u010den odmerek Belinal\u00ae v formulaciji<\/strong><\/p>\n<p>90 mg dnevno<\/p>\n<p><strong>Priporo\u010dila za uporabo:<\/strong><br \/>\n1 do 2 odmerka na dan, najbolje ob obroku. Primerno za neprekinjeno uporabo.<\/p>\n<h3>Reference:<\/h3>\n<ol>\n<li>Stojanov S, Ravnikar M, Berlec A, Kreft S. Interaction between silver fir (Abies alba) wood water extract Belinal\u00ae and lactobacilli. Pharmazie 76 (2021)<\/li>\n<li>Daria Ciupei, Alexandru Coli\u015far, Loredana Leopold, Andreea St\u0103nil\u0103, Zori\u021ba M. Diaconeasa;<\/li>\n<li>Polyphenols: From Classification to Therapeutic Potential and Bioavailability; Foods 2024, 13(24), 4131;<\/li>\n<li>Simone Baldi, Marta Trist\u00e1n Asensi, Marco Pallecchi, Francesco Sofi, Gianluca Bartolucci, Amedeo Amede. Interplay between Lignans and Gut Microbiota: Nutritional, Functional and Methodological Aspects. Molecules 2023, 28(1), 343<\/li>\n<\/ol>\n<p>[\/vc_column_text][\/vc_column_inner][\/vc_row_inner][\/vc_column][\/vc_row]<\/p>\n<\/div>","protected":false},"excerpt":{"rendered":"<p>[vc_row full_width=&#8221;stretch_row_content_no_spaces&#8221; el_class=&#8221;sp-page-title&#8221;][vc_column][\/vc_column][\/vc_row][vc_row el_class=&#8221;sp-intro&#8221;][vc_column width=&#8221;1\/4&#8243; el_class=&#8221;c1&#8243;][\/vc_column][vc_column width=&#8221;3\/4&#8243; el_class=&#8221;c2&#8243;][vc_row_inner][vc_column_inner][vc_column_text] Belinal\u00ae in zdravje prebavil Uravnote\u017eena \u010drevesna mikrobiota ima klju\u010dno vlogo pri presnovi hranil, uravnavanju imunskega odziva in ohranjanju za\u0161\u010ditne funkcije \u010drevesne pregrade. Motnje v njeni sestavi so vse pogosteje povezane s presnovnim neravnovesjem, blagim kroni\u010dnim vnetjem in zmanj\u0161ano odpornostjo organizma.[\/vc_column_text][vc_single_image image=&#8221;482&#8243; add_caption=&#8221;yes&#8221;][vc_column_text] Prebioti\u010dno delovanje in vpliv na mikrobioto Belinal\u00ae, izvle\u010dek vej bele jelke, odlikuje edinstven profil polifenolov in ne\u0161krobnih polisaharidov. Prav zaradi te posebne sestave je Belinal\u00ae zelo zanimiv za razvoj izdelkov, usmerjenih v podporo mikrobioti, pa tudi za sinbioti\u010dne formulacije. Klini\u010dni dokazi Pokazali smo, da je Belinal\u00ae zdru\u017eljiv z vsemi preizku\u0161enimi bakterijskimi sevi in spodbuja njihovo rast. Izvle\u010dek je poleg tega pokazal prebioti\u010dni u\u010dinek pri nekaterih bakterijah, med drugim pri sevih [&hellip;]<\/p>\n","protected":false},"author":1,"featured_media":693,"parent":856,"menu_order":9,"comment_status":"closed","ping_status":"closed","template":"","meta":{"footnotes":""},"class_list":["post-839","page","type-page","status-publish","has-post-thumbnail","hentry"],"yoast_head":"<!-- This site is optimized with the Yoast SEO plugin v21.3 - https:\/\/yoast.com\/wordpress\/plugins\/seo\/ -->\n<title>Zdravje prebavil - Belinal izvle\u010dek vej bele jelke<\/title>\n<meta name=\"description\" content=\"Belinal\u00ae in zdravje prebavil Uravnote\u017eena \u010drevesna mikrobiota ima klju\u010dno vlogo pri presnovi hranil, uravnavanju imunskega odziva in ohranjanju za\u0161\u010ditne funkcije \u010drevesne pregrade. Motnje v njeni sestavi so vse pogosteje povezane\" \/>\n<meta name=\"robots\" content=\"index, follow, max-snippet:-1, max-image-preview:large, max-video-preview:-1\" \/>\n<link rel=\"canonical\" href=\"https:\/\/www.belinal-fir.com\/sl\/koristi-za-zdravje\/zdravje-prebavil\/\" \/>\n<meta property=\"og:locale\" content=\"sl_SI\" \/>\n<meta property=\"og:type\" content=\"article\" \/>\n<meta property=\"og:title\" content=\"Zdravje prebavil - Belinal izvle\u010dek vej bele jelke\" \/>\n<meta property=\"og:description\" content=\"[vc_row full_width=&#8221;stretch_row_content_no_spaces&#8221; el_class=&#8221;sp-page-title&#8221;][vc_column][\/vc_column][\/vc_row][vc_row el_class=&#8221;sp-intro&#8221;][vc_column width=&#8221;1\/4&#8243; el_class=&#8221;c1&#8243;][\/vc_column][vc_column width=&#8221;3\/4&#8243; el_class=&#8221;c2&#8243;][vc_row_inner][vc_column_inner][vc_column_text] Belinal\u00ae in zdravje prebavil Uravnote\u017eena \u010drevesna mikrobiota ima klju\u010dno vlogo pri presnovi hranil, uravnavanju imunskega odziva in ohranjanju za\u0161\u010ditne funkcije \u010drevesne pregrade. Motnje v njeni sestavi so vse pogosteje povezane s presnovnim neravnovesjem, blagim kroni\u010dnim vnetjem in zmanj\u0161ano odpornostjo organizma.[\/vc_column_text][vc_single_image image=&#8221;482&#8243; add_caption=&#8221;yes&#8221;][vc_column_text] Prebioti\u010dno delovanje in vpliv na mikrobioto Belinal\u00ae, izvle\u010dek vej bele jelke, odlikuje edinstven profil polifenolov in ne\u0161krobnih polisaharidov. Prav zaradi te posebne sestave je Belinal\u00ae zelo zanimiv za razvoj izdelkov, usmerjenih v podporo mikrobioti, pa tudi za sinbioti\u010dne formulacije. Klini\u010dni dokazi Pokazali smo, da je Belinal\u00ae zdru\u017eljiv z vsemi preizku\u0161enimi bakterijskimi sevi in spodbuja njihovo rast. Izvle\u010dek je poleg tega pokazal prebioti\u010dni u\u010dinek pri nekaterih bakterijah, med drugim pri sevih [&hellip;]\" \/>\n<meta property=\"og:url\" content=\"https:\/\/www.belinal-fir.com\/sl\/koristi-za-zdravje\/zdravje-prebavil\/\" \/>\n<meta property=\"og:site_name\" content=\"Belinal izvle\u010dek vej bele jelke\" \/>\n<meta property=\"article:modified_time\" content=\"2026-04-06T17:54:31+00:00\" \/>\n<meta property=\"og:image\" content=\"https:\/\/www.belinal-fir.com\/wp-content\/uploads\/2026\/03\/gut-health.png\" \/>\n\t<meta property=\"og:image:width\" content=\"941\" \/>\n\t<meta property=\"og:image:height\" content=\"628\" \/>\n\t<meta property=\"og:image:type\" content=\"image\/png\" \/>\n<meta name=\"twitter:card\" content=\"summary_large_image\" \/>\n<meta name=\"twitter:label1\" content=\"Est. reading time\" \/>\n\t<meta name=\"twitter:data1\" content=\"3 minute\" \/>\n<script type=\"application\/ld+json\" class=\"yoast-schema-graph\">{\"@context\":\"https:\/\/schema.org\",\"@graph\":[{\"@type\":\"WebPage\",\"@id\":\"https:\/\/www.belinal-fir.com\/sl\/koristi-za-zdravje\/zdravje-prebavil\/\",\"url\":\"https:\/\/www.belinal-fir.com\/sl\/koristi-za-zdravje\/zdravje-prebavil\/\",\"name\":\"Zdravje prebavil - Belinal izvle\u010dek vej bele jelke\",\"isPartOf\":{\"@id\":\"https:\/\/www.belinal-fir.com\/#website\"},\"datePublished\":\"2026-03-22T10:05:39+00:00\",\"dateModified\":\"2026-04-06T17:54:31+00:00\",\"breadcrumb\":{\"@id\":\"https:\/\/www.belinal-fir.com\/sl\/koristi-za-zdravje\/zdravje-prebavil\/#breadcrumb\"},\"inLanguage\":\"sl-SI\",\"potentialAction\":[{\"@type\":\"ReadAction\",\"target\":[\"https:\/\/www.belinal-fir.com\/sl\/koristi-za-zdravje\/zdravje-prebavil\/\"]}]},{\"@type\":\"BreadcrumbList\",\"@id\":\"https:\/\/www.belinal-fir.com\/sl\/koristi-za-zdravje\/zdravje-prebavil\/#breadcrumb\",\"itemListElement\":[{\"@type\":\"ListItem\",\"position\":1,\"name\":\"Home\",\"item\":\"https:\/\/www.belinal-fir.com\/sl\/\"},{\"@type\":\"ListItem\",\"position\":2,\"name\":\"Koristi za zdravje\",\"item\":\"https:\/\/www.belinal-fir.com\/sl\/koristi-za-zdravje\/\"},{\"@type\":\"ListItem\",\"position\":3,\"name\":\"Zdravje prebavil\"}]},{\"@type\":\"WebSite\",\"@id\":\"https:\/\/www.belinal-fir.com\/#website\",\"url\":\"https:\/\/www.belinal-fir.com\/\",\"name\":\"Belinal izvle\u010dek vej bele jelke\",\"description\":\"\",\"potentialAction\":[{\"@type\":\"SearchAction\",\"target\":{\"@type\":\"EntryPoint\",\"urlTemplate\":\"https:\/\/www.belinal-fir.com\/?s={search_term_string}\"},\"query-input\":\"required name=search_term_string\"}],\"inLanguage\":\"sl-SI\"}]}<\/script>\n<!-- \/ Yoast SEO plugin. -->","yoast_head_json":{"title":"Zdravje prebavil - Belinal izvle\u010dek vej bele jelke","description":"Belinal\u00ae in zdravje prebavil Uravnote\u017eena \u010drevesna mikrobiota ima klju\u010dno vlogo pri presnovi hranil, uravnavanju imunskega odziva in ohranjanju za\u0161\u010ditne funkcije \u010drevesne pregrade. Motnje v njeni sestavi so vse pogosteje povezane","robots":{"index":"index","follow":"follow","max-snippet":"max-snippet:-1","max-image-preview":"max-image-preview:large","max-video-preview":"max-video-preview:-1"},"canonical":"https:\/\/www.belinal-fir.com\/sl\/koristi-za-zdravje\/zdravje-prebavil\/","og_locale":"sl_SI","og_type":"article","og_title":"Zdravje prebavil - Belinal izvle\u010dek vej bele jelke","og_description":"[vc_row full_width=&#8221;stretch_row_content_no_spaces&#8221; el_class=&#8221;sp-page-title&#8221;][vc_column][\/vc_column][\/vc_row][vc_row el_class=&#8221;sp-intro&#8221;][vc_column width=&#8221;1\/4&#8243; el_class=&#8221;c1&#8243;][\/vc_column][vc_column width=&#8221;3\/4&#8243; el_class=&#8221;c2&#8243;][vc_row_inner][vc_column_inner][vc_column_text] Belinal\u00ae in zdravje prebavil Uravnote\u017eena \u010drevesna mikrobiota ima klju\u010dno vlogo pri presnovi hranil, uravnavanju imunskega odziva in ohranjanju za\u0161\u010ditne funkcije \u010drevesne pregrade. Motnje v njeni sestavi so vse pogosteje povezane s presnovnim neravnovesjem, blagim kroni\u010dnim vnetjem in zmanj\u0161ano odpornostjo organizma.[\/vc_column_text][vc_single_image image=&#8221;482&#8243; add_caption=&#8221;yes&#8221;][vc_column_text] Prebioti\u010dno delovanje in vpliv na mikrobioto Belinal\u00ae, izvle\u010dek vej bele jelke, odlikuje edinstven profil polifenolov in ne\u0161krobnih polisaharidov. Prav zaradi te posebne sestave je Belinal\u00ae zelo zanimiv za razvoj izdelkov, usmerjenih v podporo mikrobioti, pa tudi za sinbioti\u010dne formulacije. Klini\u010dni dokazi Pokazali smo, da je Belinal\u00ae zdru\u017eljiv z vsemi preizku\u0161enimi bakterijskimi sevi in spodbuja njihovo rast. Izvle\u010dek je poleg tega pokazal prebioti\u010dni u\u010dinek pri nekaterih bakterijah, med drugim pri sevih [&hellip;]","og_url":"https:\/\/www.belinal-fir.com\/sl\/koristi-za-zdravje\/zdravje-prebavil\/","og_site_name":"Belinal izvle\u010dek vej bele jelke","article_modified_time":"2026-04-06T17:54:31+00:00","og_image":[{"width":941,"height":628,"url":"https:\/\/www.belinal-fir.com\/wp-content\/uploads\/2026\/03\/gut-health.png","type":"image\/png"}],"twitter_card":"summary_large_image","twitter_misc":{"Est. reading time":"3 minute"},"schema":{"@context":"https:\/\/schema.org","@graph":[{"@type":"WebPage","@id":"https:\/\/www.belinal-fir.com\/sl\/koristi-za-zdravje\/zdravje-prebavil\/","url":"https:\/\/www.belinal-fir.com\/sl\/koristi-za-zdravje\/zdravje-prebavil\/","name":"Zdravje prebavil - Belinal izvle\u010dek vej bele jelke","isPartOf":{"@id":"https:\/\/www.belinal-fir.com\/#website"},"datePublished":"2026-03-22T10:05:39+00:00","dateModified":"2026-04-06T17:54:31+00:00","breadcrumb":{"@id":"https:\/\/www.belinal-fir.com\/sl\/koristi-za-zdravje\/zdravje-prebavil\/#breadcrumb"},"inLanguage":"sl-SI","potentialAction":[{"@type":"ReadAction","target":["https:\/\/www.belinal-fir.com\/sl\/koristi-za-zdravje\/zdravje-prebavil\/"]}]},{"@type":"BreadcrumbList","@id":"https:\/\/www.belinal-fir.com\/sl\/koristi-za-zdravje\/zdravje-prebavil\/#breadcrumb","itemListElement":[{"@type":"ListItem","position":1,"name":"Home","item":"https:\/\/www.belinal-fir.com\/sl\/"},{"@type":"ListItem","position":2,"name":"Koristi za zdravje","item":"https:\/\/www.belinal-fir.com\/sl\/koristi-za-zdravje\/"},{"@type":"ListItem","position":3,"name":"Zdravje prebavil"}]},{"@type":"WebSite","@id":"https:\/\/www.belinal-fir.com\/#website","url":"https:\/\/www.belinal-fir.com\/","name":"Belinal izvle\u010dek vej bele jelke","description":"","potentialAction":[{"@type":"SearchAction","target":{"@type":"EntryPoint","urlTemplate":"https:\/\/www.belinal-fir.com\/?s={search_term_string}"},"query-input":"required name=search_term_string"}],"inLanguage":"sl-SI"}]}},"_links":{"self":[{"href":"https:\/\/www.belinal-fir.com\/sl\/wp-json\/wp\/v2\/pages\/839","targetHints":{"allow":["GET"]}}],"collection":[{"href":"https:\/\/www.belinal-fir.com\/sl\/wp-json\/wp\/v2\/pages"}],"about":[{"href":"https:\/\/www.belinal-fir.com\/sl\/wp-json\/wp\/v2\/types\/page"}],"author":[{"embeddable":true,"href":"https:\/\/www.belinal-fir.com\/sl\/wp-json\/wp\/v2\/users\/1"}],"replies":[{"embeddable":true,"href":"https:\/\/www.belinal-fir.com\/sl\/wp-json\/wp\/v2\/comments?post=839"}],"version-history":[{"count":3,"href":"https:\/\/www.belinal-fir.com\/sl\/wp-json\/wp\/v2\/pages\/839\/revisions"}],"predecessor-version":[{"id":1011,"href":"https:\/\/www.belinal-fir.com\/sl\/wp-json\/wp\/v2\/pages\/839\/revisions\/1011"}],"up":[{"embeddable":true,"href":"https:\/\/www.belinal-fir.com\/sl\/wp-json\/wp\/v2\/pages\/856"}],"wp:featuredmedia":[{"embeddable":true,"href":"https:\/\/www.belinal-fir.com\/sl\/wp-json\/wp\/v2\/media\/693"}],"wp:attachment":[{"href":"https:\/\/www.belinal-fir.com\/sl\/wp-json\/wp\/v2\/media?parent=839"}],"curies":[{"name":"wp","href":"https:\/\/api.w.org\/{rel}","templated":true}]}}