{"id":840,"date":"2026-03-22T10:05:08","date_gmt":"2026-03-22T10:05:08","guid":{"rendered":"https:\/\/www.belinal-fir.com\/skin-care\/"},"modified":"2026-04-06T17:45:58","modified_gmt":"2026-04-06T17:45:58","slug":"nega-koze","status":"publish","type":"page","link":"https:\/\/www.belinal-fir.com\/sl\/koristi-za-zdravje\/nega-koze\/","title":{"rendered":"Nega ko\u017ee"},"content":{"rendered":"<div class=\"wpb-content-wrapper\"><p>[vc_row full_width=&#8221;stretch_row_content_no_spaces&#8221; el_class=&#8221;sp-page-title&#8221;][vc_column]\t\t\n\t\t<div class=\"title-banner\" style=\"background-image: linear-gradient(rgba(0, 0, 0, 0.0),rgba(0, 0, 0, 0.0)),url();\">\n\t\t\t<div class=\"container\">\n\t\t\t\t<div class=\"breadcrumbs-container\">\n\t\t\t\t\t\t<div class=\"breadcrumbs\">\n\t\t\t\t\t\t\t\n\t<ul class=\"ns-breadcrumbs\">\n\t\t\t<li><a href=\"https:\/\/www.belinal-fir.com\/sl\/\">Home<\/a><\/li>\n\t\t\t\t\t<li><a href=\"https:\/\/www.belinal-fir.com\/sl\/koristi-za-zdravje\/\">Koristi za zdravje<\/a><\/li>\n\t\t\t\t<li>Nega ko\u017ee<\/li>\n\t<\/ul>\n\t\n\t\t\t\t\t\t\t\t<div class=\"clearfix\"><\/div>\n\t\t\t\t\t\t<\/div>\n\t\t\t\t<\/div>\n\t\t\t\t\t\t\t<\/div>\n\t\t<\/div>\n\n\t\t[\/vc_column][\/vc_row][vc_row el_class=&#8221;sp-intro&#8221;][vc_column width=&#8221;1\/4&#8243; el_class=&#8221;c1&#8243;]\t\n\t\t<nav class=\" sidenav \">\n\t\t<a href=\"https:\/\/www.belinal-fir.com\/sl\/koristi-za-zdravje\/\" class=\"sidenav-title\"><h2>Koristi za zdravje<\/h2><\/a>\n\t\t<ul>\n\t\t<li class=\"page_item page-item-857\"><a href=\"https:\/\/www.belinal-fir.com\/sl\/koristi-za-zdravje\/antioksidativno-delovanje\/\">Antioksidativno delovanje<\/a><\/li>\n<li class=\"page_item page-item-858\"><a href=\"https:\/\/www.belinal-fir.com\/sl\/koristi-za-zdravje\/lepota-od-znotraj\/\">Lepota od znotraj<\/a><\/li>\n<li class=\"page_item page-item-859\"><a href=\"https:\/\/www.belinal-fir.com\/sl\/koristi-za-zdravje\/uravnavanje-telesne-teze\/\">Uravnavanje telesne te\u017ee<\/a><\/li>\n<li class=\"page_item page-item-844\"><a href=\"https:\/\/www.belinal-fir.com\/sl\/koristi-za-zdravje\/zdravje-sklepov\/\">Zdravje sklepov<\/a><\/li>\n<li class=\"page_item page-item-843\"><a href=\"https:\/\/www.belinal-fir.com\/sl\/koristi-za-zdravje\/zdravje-mozganov\/\">Zdravje mo\u017eganov<\/a><\/li>\n<li class=\"page_item page-item-842\"><a href=\"https:\/\/www.belinal-fir.com\/sl\/koristi-za-zdravje\/uravnavanje-krvnega-sladkorja\/\">Uravnavanje krvnega sladkorja<\/a><\/li>\n<li class=\"page_item page-item-841\"><a href=\"https:\/\/www.belinal-fir.com\/sl\/koristi-za-zdravje\/zdravje-srca-in-ozilja\/\">Zdravje srca in o\u017eilja<\/a><\/li>\n<li class=\"page_item page-item-840\"><a href=\"https:\/\/www.belinal-fir.com\/sl\/koristi-za-zdravje\/nega-koze\/\">Nega ko\u017ee<\/a><\/li>\n<li class=\"page_item page-item-839\"><a href=\"https:\/\/www.belinal-fir.com\/sl\/koristi-za-zdravje\/zdravje-prebavil\/\">Zdravje prebavil<\/a><\/li>\n<li class=\"page_item page-item-838\"><a href=\"https:\/\/www.belinal-fir.com\/sl\/koristi-za-zdravje\/dolgozivost-in-vitalnost\/\">Dolgo\u017eivost in vitalnost<\/a><\/li>\n\t   \t<\/ul>\n\t<\/nav>\n\t\n\t[\/vc_column][vc_column width=&#8221;3\/4&#8243; el_class=&#8221;c2&#8243;]\t\t\n\t\t<div class=\"title-banner\" style=\"background-image: url();\">\n\t\t\t<div class=\"container\">\n\t\t\t\t<h1 class=\"entry-title\">Nega ko\u017ee<\/h1>\n\n\t\t\t\t\t\t\t<\/div>\n\t\t<\/div>\n\n\t\t[vc_row_inner][vc_column_inner][vc_column_text]<\/p>\n<h2>Belinal\u00ae \u2013 mo\u010d narave za nego ko\u017ee<\/h2>\n<p>I\u0161\u010dete naravno in inovativno re\u0161itev za izbolj\u0161anje svojih kozmeti\u010dnih izdelkov? Spoznajte Belinal\u00ae \u2013 novo aktivno sestavino, ki lahko va\u0161i formulaciji doda izrazito dodano vrednost.<\/p>\n<p>Belinal\u00ae je naravni izvle\u010dek iz vej bele jelke (Abies alba), drevesne vrste, zna\u010dilne za evropska gorska obmo\u010dja, kjer je znana po svoji odpornosti in dolgo\u017eivosti. Belinal\u00ae ima certifikat COSMOS ECOCERT, enega vodilnih standardov na podro\u010dju naravne in ekolo\u0161ke kozmetike, ki potrjuje njegovo varnost in trajnostni izvor.[\/vc_column_text][vc_single_image image=&#8221;476&#8243; add_caption=&#8221;yes&#8221;][vc_column_text]Belinal\u00ae je topen v vodi in ga je preprosto vklju\u010diti v razli\u010dne kozmeti\u010dne formulacije \u2013 od krem in losjonov do serumov in mask.<\/p>\n<p>U\u010dinkovitost Belinal\u00ae je bila potrjena v s placebom kontrolirani klini\u010dni raziskavi z lokalno uporabo na 10 prostovoljcih, ki je po 12 tednih uporabe pokazala pomembne izbolj\u0161ave videza in stanja ko\u017ee.[\/vc_column_text][vc_single_image image=&#8221;171&#8243; add_caption=&#8221;yes&#8221;][vc_column_text]<\/p>\n<h3>Klini\u010dna raziskava z lokalno uporabo je pokazala, da Belinal\u00ae:<\/h3>\n<ul>\n<li>pove\u010da sintezo kolagena in elastina za 34 %<\/li>\n<li>zmanj\u0161a globino in volumen gub za 35 %<\/li>\n<li>pove\u010da vla\u017enost ko\u017ee za 26 %<\/li>\n<li>izbolj\u0161a sposobnost vra\u010danja ko\u017ee v prvotno stanje za 43 %<\/li>\n<li>zmanj\u0161a povr\u0161ino melazme in posvetli temne made\u017ee za 41 %<\/li>\n<li>pove\u010da minimalni eritemski odmerek (MED) za 9 %<\/li>\n<li>zmanj\u0161a TEWL za 20 %<\/li>\n<\/ul>\n<h3>Pove\u010danje tvorbe kolagena in elastina za 34 %<\/h3>\n<p>[\/vc_column_text][\/vc_column_inner][\/vc_row_inner][vc_row_inner][vc_column_inner width=&#8221;1\/2&#8243;][vc_single_image image=&#8221;173&#8243; add_caption=&#8221;yes&#8221;][\/vc_column_inner][vc_column_inner width=&#8221;1\/2&#8243;][vc_single_image image=&#8221;174&#8243; add_caption=&#8221;yes&#8221;][\/vc_column_inner][\/vc_row_inner][vc_column_text]<em>Pre\u010dni prerez ko\u017ee, prikazan z ultrazvokom: pred uporabo \/ po 12 tednih<\/em>[\/vc_column_text][vc_column_text]<\/p>\n<h3>Zmanj\u0161anje in posvetlitev hiperpigmentiranih predelov za 41 %<\/h3>\n<p>[\/vc_column_text][vc_row_inner][vc_column_inner width=&#8221;1\/2&#8243;][vc_single_image image=&#8221;187&#8243;][\/vc_column_inner][vc_column_inner width=&#8221;1\/2&#8243;][vc_single_image image=&#8221;188&#8243; add_caption=&#8221;yes&#8221;][\/vc_column_inner][\/vc_row_inner][vc_column_text]Zmanj\u0161anje povr\u0161ine hiperpigmentiranih predelov in posvetlitev temnih made\u017eev po 12 tednih[\/vc_column_text][vc_column_text]<\/p>\n<h3>Zmanj\u0161anje gub po 12 tednih za 34 %<\/h3>\n<p>[\/vc_column_text][vc_row_inner][vc_column_inner width=&#8221;1\/2&#8243;][vc_single_image image=&#8221;178&#8243;][vc_column_text]<em>Prej<\/em>[\/vc_column_text][\/vc_column_inner][vc_column_inner width=&#8221;1\/2&#8243;][vc_single_image image=&#8221;179&#8243; add_caption=&#8221;yes&#8221;][vc_column_text]<em>Potem<\/em>[\/vc_column_text][\/vc_column_inner][\/vc_row_inner][vc_row_inner][vc_column_inner width=&#8221;1\/2&#8243;][vc_column_text]<\/p>\n<h3>Zmanj\u0161anje globine in volumna gub za 35 %<\/h3>\n<p>[\/vc_column_text][vc_single_image image=&#8221;181&#8243;][\/vc_column_inner][vc_column_inner width=&#8221;1\/2&#8243;][vc_column_text]<\/p>\n<h3>Pove\u010danje vla\u017enosti ko\u017ee za 26 %<\/h3>\n<p>[\/vc_column_text][vc_single_image image=&#8221;182&#8243; add_caption=&#8221;yes&#8221;][\/vc_column_inner][\/vc_row_inner][vc_column_text]<\/p>\n<h3>Izbolj\u0161anje ko\u017ene bariere za 20 %<\/h3>\n<p>[\/vc_column_text][vc_single_image image=&#8221;184&#8243;][vc_column_text]Belinal\u00ae pomembno izbolj\u0161a za\u0161\u010ditno funkcijo ko\u017ee in zmanj\u0161a TEWL (transepidermalno izgubo vode) za 20 %.<\/p>\n<h3>Mehanizmi delovanja in koristi za ko\u017eo<\/h3>\n<ul>\n<li><strong>Anti-ageing u\u010dinek<\/strong><br \/>\nBelinal\u00ae spodbuja tvorbo kolagena in elastina, klju\u010dnih beljakovin, ki ohranjata \u010dvrstost in pro\u017enost ko\u017ee.<\/li>\n<li><strong>Antioksidativno delovanje<\/strong><br \/>\nBelinal\u00ae ko\u017eo \u0161\u010diti pred oksidativnim stresom, ki ga povzro\u010dajo okoljski dejavniki, kot so onesna\u017eenje, UV-sevanje in kajenje.<\/li>\n<li><strong>Protivnetno delovanje<\/strong><br \/>\nBelinal\u00ae ko\u017eo pomirja ter pomaga zmanj\u0161evati rde\u010dico, razdra\u017eenost in vnetne procese. Poleg tega podpira obnovo ko\u017ee, zlasti po izpostavljenosti soncu ali po po\u0161kodbah.<\/li>\n<li><strong>Izena\u010devanje tena ko\u017ee<\/strong><br \/>\nBelinal\u00ae pomaga zmanj\u0161evati nastanek pigmentnih made\u017eev in hiperpigmentacij ter prispeva k bolj enotnemu tenu ko\u017ee.<\/li>\n<li><strong>Za\u0161\u010dita pred UV-sevanjem<\/strong><br \/>\nBelinal\u00ae deluje kot naravna podpora pri za\u0161\u010diti ko\u017ee pred UV-\u017earki, saj pomaga omejevati njihov \u0161kodljiv vpliv na ko\u017eo.<\/li>\n<li><strong>Obnavljanje ko\u017ee<\/strong><br \/>\nBelinal\u00ae spodbuja obnovo ko\u017enih celic, podpira odstranjevanje po\u0161kodovanih celic in nastajanje novih, zdravih celic.<\/li>\n<li><strong>Vla\u017eenje ko\u017ee<\/strong><br \/>\nBelinal\u00ae pove\u010duje sposobnost ko\u017ee, da zadr\u017euje vlago, s \u010dimer pomaga prepre\u010devati suhost in lu\u0161\u010denje.<\/li>\n<\/ul>\n<p><strong>Priporo\u010dena koncentracija<\/strong><\/p>\n<p>0,5 % do 2 %, odvisno od \u017eelenega u\u010dinka in vrste izdelka.<\/p>\n<p>Belinal\u00ae je vsestranska naravna sestavina za sodobne kozmeti\u010dne izdelke, saj nudi celovito in ve\u010dnamensko podporo potrebam ko\u017ee. Z Belinal\u00ae lahko razvijete izdelke, ki so u\u010dinkoviti, varni in okolju prijazni ter hkrati odgovarjajo na pri\u010dakovanja sodobnih potro\u0161nikov. Belinal\u00ae predstavlja prihodnost naravne kozmetike.<\/p>\n<h3>Reference:<\/h3>\n<ol>\n<li>Tav\u010dar Benkovi\u0107 E, \u017digon D, Mihailovi\u0107 V, Petelinc T, Jamnik P, Kreft S<strong>. Identification, in vitro and in vivo Antioxidant Activity, and Gastrointestinal Stability of Lignans from Silver Fir (<em>Abies alba<\/em>) Wood Extract Belinal<\/strong>. J Wood Chem Technol [Internet]. 2017 Nov 2;37(6):467\u201377.<\/li>\n<li>Schoss K. , Benedetic R. and Kreft S. <strong>The Phenolic Content, Antioxidative Properties and extractable Substances in Silver Fir Branch (<em>Abies alba<\/em> Mill.) Branches Decrease with Distance from the Trunk. <\/strong>Plants 2022, 11, 333<\/li>\n<li>\u017dmitek K., \u017dmitek J. Kreft S. <strong>Placebo controlled study of influence of cream with silver fir Branch extract (<em>Abies alba Mill<\/em>.) Belinal\u00ae on skin. <\/strong>Study report: VIST \u2010 Higher School of Applied Sciences, Institute for cosmetics.<\/li>\n<\/ol>\n<p>[\/vc_column_text][\/vc_column][\/vc_row]<\/p>\n<\/div>","protected":false},"excerpt":{"rendered":"<p>[vc_row full_width=&#8221;stretch_row_content_no_spaces&#8221; el_class=&#8221;sp-page-title&#8221;][vc_column][\/vc_column][\/vc_row][vc_row el_class=&#8221;sp-intro&#8221;][vc_column width=&#8221;1\/4&#8243; el_class=&#8221;c1&#8243;][\/vc_column][vc_column width=&#8221;3\/4&#8243; el_class=&#8221;c2&#8243;][vc_row_inner][vc_column_inner][vc_column_text] Belinal\u00ae \u2013 mo\u010d narave za nego ko\u017ee I\u0161\u010dete naravno in inovativno re\u0161itev za izbolj\u0161anje svojih kozmeti\u010dnih izdelkov? Spoznajte Belinal\u00ae \u2013 novo aktivno sestavino, ki lahko va\u0161i formulaciji doda izrazito dodano vrednost. Belinal\u00ae je naravni izvle\u010dek iz vej bele jelke (Abies alba), drevesne vrste, zna\u010dilne za evropska gorska obmo\u010dja, kjer je znana po svoji odpornosti in dolgo\u017eivosti. Belinal\u00ae ima certifikat COSMOS ECOCERT, enega vodilnih standardov na podro\u010dju naravne in ekolo\u0161ke kozmetike, ki potrjuje njegovo varnost in trajnostni izvor.[\/vc_column_text][vc_single_image image=&#8221;476&#8243; add_caption=&#8221;yes&#8221;][vc_column_text]Belinal\u00ae je topen v vodi in ga je preprosto vklju\u010diti v razli\u010dne kozmeti\u010dne formulacije \u2013 od krem in losjonov do serumov in mask. U\u010dinkovitost Belinal\u00ae je bila potrjena v s placebom kontrolirani klini\u010dni raziskavi [&hellip;]<\/p>\n","protected":false},"author":1,"featured_media":692,"parent":856,"menu_order":7,"comment_status":"closed","ping_status":"closed","template":"","meta":{"footnotes":""},"class_list":["post-840","page","type-page","status-publish","has-post-thumbnail","hentry"],"yoast_head":"<!-- This site is optimized with the Yoast SEO plugin v21.3 - https:\/\/yoast.com\/wordpress\/plugins\/seo\/ -->\n<title>Nega ko\u017ee - Belinal izvle\u010dek vej bele jelke<\/title>\n<meta name=\"description\" content=\"Belinal\u00ae \u2013 mo\u010d narave za nego ko\u017ee I\u0161\u010dete naravno in inovativno re\u0161itev za izbolj\u0161anje svojih kozmeti\u010dnih izdelkov? Spoznajte Belinal\u00ae \u2013 novo aktivno sestavino, ki lahko va\u0161i formulaciji doda izrazito dodano\" \/>\n<meta name=\"robots\" content=\"index, follow, max-snippet:-1, max-image-preview:large, max-video-preview:-1\" \/>\n<link rel=\"canonical\" href=\"https:\/\/www.belinal-fir.com\/sl\/koristi-za-zdravje\/nega-koze\/\" \/>\n<meta property=\"og:locale\" content=\"sl_SI\" \/>\n<meta property=\"og:type\" content=\"article\" \/>\n<meta property=\"og:title\" content=\"Nega ko\u017ee - Belinal izvle\u010dek vej bele jelke\" \/>\n<meta property=\"og:description\" content=\"[vc_row full_width=&#8221;stretch_row_content_no_spaces&#8221; el_class=&#8221;sp-page-title&#8221;][vc_column][\/vc_column][\/vc_row][vc_row el_class=&#8221;sp-intro&#8221;][vc_column width=&#8221;1\/4&#8243; el_class=&#8221;c1&#8243;][\/vc_column][vc_column width=&#8221;3\/4&#8243; el_class=&#8221;c2&#8243;][vc_row_inner][vc_column_inner][vc_column_text] Belinal\u00ae \u2013 mo\u010d narave za nego ko\u017ee I\u0161\u010dete naravno in inovativno re\u0161itev za izbolj\u0161anje svojih kozmeti\u010dnih izdelkov? Spoznajte Belinal\u00ae \u2013 novo aktivno sestavino, ki lahko va\u0161i formulaciji doda izrazito dodano vrednost. Belinal\u00ae je naravni izvle\u010dek iz vej bele jelke (Abies alba), drevesne vrste, zna\u010dilne za evropska gorska obmo\u010dja, kjer je znana po svoji odpornosti in dolgo\u017eivosti. Belinal\u00ae ima certifikat COSMOS ECOCERT, enega vodilnih standardov na podro\u010dju naravne in ekolo\u0161ke kozmetike, ki potrjuje njegovo varnost in trajnostni izvor.[\/vc_column_text][vc_single_image image=&#8221;476&#8243; add_caption=&#8221;yes&#8221;][vc_column_text]Belinal\u00ae je topen v vodi in ga je preprosto vklju\u010diti v razli\u010dne kozmeti\u010dne formulacije \u2013 od krem in losjonov do serumov in mask. U\u010dinkovitost Belinal\u00ae je bila potrjena v s placebom kontrolirani klini\u010dni raziskavi [&hellip;]\" \/>\n<meta property=\"og:url\" content=\"https:\/\/www.belinal-fir.com\/sl\/koristi-za-zdravje\/nega-koze\/\" \/>\n<meta property=\"og:site_name\" content=\"Belinal izvle\u010dek vej bele jelke\" \/>\n<meta property=\"article:modified_time\" content=\"2026-04-06T17:45:58+00:00\" \/>\n<meta property=\"og:image\" content=\"https:\/\/www.belinal-fir.com\/wp-content\/uploads\/2026\/03\/skin-health.jpg\" \/>\n\t<meta property=\"og:image:width\" content=\"1000\" \/>\n\t<meta property=\"og:image:height\" content=\"667\" \/>\n\t<meta property=\"og:image:type\" content=\"image\/jpeg\" \/>\n<meta name=\"twitter:card\" content=\"summary_large_image\" \/>\n<meta name=\"twitter:label1\" content=\"Est. reading time\" \/>\n\t<meta name=\"twitter:data1\" content=\"3 minute\" \/>\n<script type=\"application\/ld+json\" class=\"yoast-schema-graph\">{\"@context\":\"https:\/\/schema.org\",\"@graph\":[{\"@type\":\"WebPage\",\"@id\":\"https:\/\/www.belinal-fir.com\/sl\/koristi-za-zdravje\/nega-koze\/\",\"url\":\"https:\/\/www.belinal-fir.com\/sl\/koristi-za-zdravje\/nega-koze\/\",\"name\":\"Nega ko\u017ee - Belinal izvle\u010dek vej bele jelke\",\"isPartOf\":{\"@id\":\"https:\/\/www.belinal-fir.com\/#website\"},\"datePublished\":\"2026-03-22T10:05:08+00:00\",\"dateModified\":\"2026-04-06T17:45:58+00:00\",\"breadcrumb\":{\"@id\":\"https:\/\/www.belinal-fir.com\/sl\/koristi-za-zdravje\/nega-koze\/#breadcrumb\"},\"inLanguage\":\"sl-SI\",\"potentialAction\":[{\"@type\":\"ReadAction\",\"target\":[\"https:\/\/www.belinal-fir.com\/sl\/koristi-za-zdravje\/nega-koze\/\"]}]},{\"@type\":\"BreadcrumbList\",\"@id\":\"https:\/\/www.belinal-fir.com\/sl\/koristi-za-zdravje\/nega-koze\/#breadcrumb\",\"itemListElement\":[{\"@type\":\"ListItem\",\"position\":1,\"name\":\"Home\",\"item\":\"https:\/\/www.belinal-fir.com\/sl\/\"},{\"@type\":\"ListItem\",\"position\":2,\"name\":\"Koristi za zdravje\",\"item\":\"https:\/\/www.belinal-fir.com\/sl\/koristi-za-zdravje\/\"},{\"@type\":\"ListItem\",\"position\":3,\"name\":\"Nega ko\u017ee\"}]},{\"@type\":\"WebSite\",\"@id\":\"https:\/\/www.belinal-fir.com\/#website\",\"url\":\"https:\/\/www.belinal-fir.com\/\",\"name\":\"Belinal izvle\u010dek vej bele jelke\",\"description\":\"\",\"potentialAction\":[{\"@type\":\"SearchAction\",\"target\":{\"@type\":\"EntryPoint\",\"urlTemplate\":\"https:\/\/www.belinal-fir.com\/?s={search_term_string}\"},\"query-input\":\"required name=search_term_string\"}],\"inLanguage\":\"sl-SI\"}]}<\/script>\n<!-- \/ Yoast SEO plugin. -->","yoast_head_json":{"title":"Nega ko\u017ee - Belinal izvle\u010dek vej bele jelke","description":"Belinal\u00ae \u2013 mo\u010d narave za nego ko\u017ee I\u0161\u010dete naravno in inovativno re\u0161itev za izbolj\u0161anje svojih kozmeti\u010dnih izdelkov? Spoznajte Belinal\u00ae \u2013 novo aktivno sestavino, ki lahko va\u0161i formulaciji doda izrazito dodano","robots":{"index":"index","follow":"follow","max-snippet":"max-snippet:-1","max-image-preview":"max-image-preview:large","max-video-preview":"max-video-preview:-1"},"canonical":"https:\/\/www.belinal-fir.com\/sl\/koristi-za-zdravje\/nega-koze\/","og_locale":"sl_SI","og_type":"article","og_title":"Nega ko\u017ee - Belinal izvle\u010dek vej bele jelke","og_description":"[vc_row full_width=&#8221;stretch_row_content_no_spaces&#8221; el_class=&#8221;sp-page-title&#8221;][vc_column][\/vc_column][\/vc_row][vc_row el_class=&#8221;sp-intro&#8221;][vc_column width=&#8221;1\/4&#8243; el_class=&#8221;c1&#8243;][\/vc_column][vc_column width=&#8221;3\/4&#8243; el_class=&#8221;c2&#8243;][vc_row_inner][vc_column_inner][vc_column_text] Belinal\u00ae \u2013 mo\u010d narave za nego ko\u017ee I\u0161\u010dete naravno in inovativno re\u0161itev za izbolj\u0161anje svojih kozmeti\u010dnih izdelkov? Spoznajte Belinal\u00ae \u2013 novo aktivno sestavino, ki lahko va\u0161i formulaciji doda izrazito dodano vrednost. Belinal\u00ae je naravni izvle\u010dek iz vej bele jelke (Abies alba), drevesne vrste, zna\u010dilne za evropska gorska obmo\u010dja, kjer je znana po svoji odpornosti in dolgo\u017eivosti. Belinal\u00ae ima certifikat COSMOS ECOCERT, enega vodilnih standardov na podro\u010dju naravne in ekolo\u0161ke kozmetike, ki potrjuje njegovo varnost in trajnostni izvor.[\/vc_column_text][vc_single_image image=&#8221;476&#8243; add_caption=&#8221;yes&#8221;][vc_column_text]Belinal\u00ae je topen v vodi in ga je preprosto vklju\u010diti v razli\u010dne kozmeti\u010dne formulacije \u2013 od krem in losjonov do serumov in mask. U\u010dinkovitost Belinal\u00ae je bila potrjena v s placebom kontrolirani klini\u010dni raziskavi [&hellip;]","og_url":"https:\/\/www.belinal-fir.com\/sl\/koristi-za-zdravje\/nega-koze\/","og_site_name":"Belinal izvle\u010dek vej bele jelke","article_modified_time":"2026-04-06T17:45:58+00:00","og_image":[{"width":1000,"height":667,"url":"https:\/\/www.belinal-fir.com\/wp-content\/uploads\/2026\/03\/skin-health.jpg","type":"image\/jpeg"}],"twitter_card":"summary_large_image","twitter_misc":{"Est. reading time":"3 minute"},"schema":{"@context":"https:\/\/schema.org","@graph":[{"@type":"WebPage","@id":"https:\/\/www.belinal-fir.com\/sl\/koristi-za-zdravje\/nega-koze\/","url":"https:\/\/www.belinal-fir.com\/sl\/koristi-za-zdravje\/nega-koze\/","name":"Nega ko\u017ee - Belinal izvle\u010dek vej bele jelke","isPartOf":{"@id":"https:\/\/www.belinal-fir.com\/#website"},"datePublished":"2026-03-22T10:05:08+00:00","dateModified":"2026-04-06T17:45:58+00:00","breadcrumb":{"@id":"https:\/\/www.belinal-fir.com\/sl\/koristi-za-zdravje\/nega-koze\/#breadcrumb"},"inLanguage":"sl-SI","potentialAction":[{"@type":"ReadAction","target":["https:\/\/www.belinal-fir.com\/sl\/koristi-za-zdravje\/nega-koze\/"]}]},{"@type":"BreadcrumbList","@id":"https:\/\/www.belinal-fir.com\/sl\/koristi-za-zdravje\/nega-koze\/#breadcrumb","itemListElement":[{"@type":"ListItem","position":1,"name":"Home","item":"https:\/\/www.belinal-fir.com\/sl\/"},{"@type":"ListItem","position":2,"name":"Koristi za zdravje","item":"https:\/\/www.belinal-fir.com\/sl\/koristi-za-zdravje\/"},{"@type":"ListItem","position":3,"name":"Nega ko\u017ee"}]},{"@type":"WebSite","@id":"https:\/\/www.belinal-fir.com\/#website","url":"https:\/\/www.belinal-fir.com\/","name":"Belinal izvle\u010dek vej bele jelke","description":"","potentialAction":[{"@type":"SearchAction","target":{"@type":"EntryPoint","urlTemplate":"https:\/\/www.belinal-fir.com\/?s={search_term_string}"},"query-input":"required name=search_term_string"}],"inLanguage":"sl-SI"}]}},"_links":{"self":[{"href":"https:\/\/www.belinal-fir.com\/sl\/wp-json\/wp\/v2\/pages\/840","targetHints":{"allow":["GET"]}}],"collection":[{"href":"https:\/\/www.belinal-fir.com\/sl\/wp-json\/wp\/v2\/pages"}],"about":[{"href":"https:\/\/www.belinal-fir.com\/sl\/wp-json\/wp\/v2\/types\/page"}],"author":[{"embeddable":true,"href":"https:\/\/www.belinal-fir.com\/sl\/wp-json\/wp\/v2\/users\/1"}],"replies":[{"embeddable":true,"href":"https:\/\/www.belinal-fir.com\/sl\/wp-json\/wp\/v2\/comments?post=840"}],"version-history":[{"count":1,"href":"https:\/\/www.belinal-fir.com\/sl\/wp-json\/wp\/v2\/pages\/840\/revisions"}],"predecessor-version":[{"id":1007,"href":"https:\/\/www.belinal-fir.com\/sl\/wp-json\/wp\/v2\/pages\/840\/revisions\/1007"}],"up":[{"embeddable":true,"href":"https:\/\/www.belinal-fir.com\/sl\/wp-json\/wp\/v2\/pages\/856"}],"wp:featuredmedia":[{"embeddable":true,"href":"https:\/\/www.belinal-fir.com\/sl\/wp-json\/wp\/v2\/media\/692"}],"wp:attachment":[{"href":"https:\/\/www.belinal-fir.com\/sl\/wp-json\/wp\/v2\/media?parent=840"}],"curies":[{"name":"wp","href":"https:\/\/api.w.org\/{rel}","templated":true}]}}