{"id":841,"date":"2026-03-22T10:04:37","date_gmt":"2026-03-22T10:04:37","guid":{"rendered":"https:\/\/www.belinal-fir.com\/heart-health\/"},"modified":"2026-04-06T17:44:51","modified_gmt":"2026-04-06T17:44:51","slug":"zdravje-srca-in-ozilja","status":"publish","type":"page","link":"https:\/\/www.belinal-fir.com\/sl\/koristi-za-zdravje\/zdravje-srca-in-ozilja\/","title":{"rendered":"Zdravje srca in o\u017eilja"},"content":{"rendered":"<div class=\"wpb-content-wrapper\"><p>[vc_row full_width=&#8221;stretch_row_content_no_spaces&#8221; el_class=&#8221;sp-page-title&#8221;][vc_column]\t\t\n\t\t<div class=\"title-banner\" style=\"background-image: linear-gradient(rgba(0, 0, 0, 0.0),rgba(0, 0, 0, 0.0)),url();\">\n\t\t\t<div class=\"container\">\n\t\t\t\t<div class=\"breadcrumbs-container\">\n\t\t\t\t\t\t<div class=\"breadcrumbs\">\n\t\t\t\t\t\t\t\n\t<ul class=\"ns-breadcrumbs\">\n\t\t\t<li><a href=\"https:\/\/www.belinal-fir.com\/sl\/\">Home<\/a><\/li>\n\t\t\t\t\t<li><a href=\"https:\/\/www.belinal-fir.com\/sl\/koristi-za-zdravje\/\">Koristi za zdravje<\/a><\/li>\n\t\t\t\t<li>Zdravje srca in o\u017eilja<\/li>\n\t<\/ul>\n\t\n\t\t\t\t\t\t\t\t<div class=\"clearfix\"><\/div>\n\t\t\t\t\t\t<\/div>\n\t\t\t\t<\/div>\n\t\t\t\t\t\t\t<\/div>\n\t\t<\/div>\n\n\t\t[\/vc_column][\/vc_row][vc_row el_class=&#8221;sp-intro&#8221;][vc_column width=&#8221;1\/4&#8243; el_class=&#8221;c1&#8243;]\t\n\t\t<nav class=\" sidenav \">\n\t\t<a href=\"https:\/\/www.belinal-fir.com\/sl\/koristi-za-zdravje\/\" class=\"sidenav-title\"><h2>Koristi za zdravje<\/h2><\/a>\n\t\t<ul>\n\t\t<li class=\"page_item page-item-857\"><a href=\"https:\/\/www.belinal-fir.com\/sl\/koristi-za-zdravje\/antioksidativno-delovanje\/\">Antioksidativno delovanje<\/a><\/li>\n<li class=\"page_item page-item-858\"><a href=\"https:\/\/www.belinal-fir.com\/sl\/koristi-za-zdravje\/lepota-od-znotraj\/\">Lepota od znotraj<\/a><\/li>\n<li class=\"page_item page-item-859\"><a href=\"https:\/\/www.belinal-fir.com\/sl\/koristi-za-zdravje\/uravnavanje-telesne-teze\/\">Uravnavanje telesne te\u017ee<\/a><\/li>\n<li class=\"page_item page-item-844\"><a href=\"https:\/\/www.belinal-fir.com\/sl\/koristi-za-zdravje\/zdravje-sklepov\/\">Zdravje sklepov<\/a><\/li>\n<li class=\"page_item page-item-843\"><a href=\"https:\/\/www.belinal-fir.com\/sl\/koristi-za-zdravje\/zdravje-mozganov\/\">Zdravje mo\u017eganov<\/a><\/li>\n<li class=\"page_item page-item-842\"><a href=\"https:\/\/www.belinal-fir.com\/sl\/koristi-za-zdravje\/uravnavanje-krvnega-sladkorja\/\">Uravnavanje krvnega sladkorja<\/a><\/li>\n<li class=\"page_item page-item-841\"><a href=\"https:\/\/www.belinal-fir.com\/sl\/koristi-za-zdravje\/zdravje-srca-in-ozilja\/\">Zdravje srca in o\u017eilja<\/a><\/li>\n<li class=\"page_item page-item-840\"><a href=\"https:\/\/www.belinal-fir.com\/sl\/koristi-za-zdravje\/nega-koze\/\">Nega ko\u017ee<\/a><\/li>\n<li class=\"page_item page-item-839\"><a href=\"https:\/\/www.belinal-fir.com\/sl\/koristi-za-zdravje\/zdravje-prebavil\/\">Zdravje prebavil<\/a><\/li>\n<li class=\"page_item page-item-838\"><a href=\"https:\/\/www.belinal-fir.com\/sl\/koristi-za-zdravje\/dolgozivost-in-vitalnost\/\">Dolgo\u017eivost in vitalnost<\/a><\/li>\n\t   \t<\/ul>\n\t<\/nav>\n\t\n\t[\/vc_column][vc_column width=&#8221;3\/4&#8243; el_class=&#8221;c2&#8243;]\t\t\n\t\t<div class=\"title-banner\" style=\"background-image: url();\">\n\t\t\t<div class=\"container\">\n\t\t\t\t<h1 class=\"entry-title\">Zdravje srca in o\u017eilja<\/h1>\n\n\t\t\t\t\t\t\t<\/div>\n\t\t<\/div>\n\n\t\t[vc_row_inner][vc_column_inner][vc_column_text]<\/p>\n<h2>Belinal\u00ae zmanj\u0161uje nastajanje ateroskleroti\u010dnih oblog<\/h2>\n<p>Bolezni srca in o\u017eilja ostajajo vodilni vzrok obolevnosti in umrljivosti po vsem svetu. Eden glavnih vzrokov zanje je ateroskleroza, kroni\u010dna vnetna bolezen \u017eilne stene. Zanjo je zna\u010dilno kopi\u010denje makrofagov in oksidiranih lipoproteinov nizke gostote (LDL) v podendotelijskem prostoru, kar spodbuja nastajanje oblog in postopno o\u017eenje arterij. Ateroskleroza obi\u010dajno napreduje tiho in dolga leta brez opaznih simptomov, nato pa se lahko poka\u017ee v obliki resnih klini\u010dnih dogodkov, kot so sr\u010dni infarkt, mo\u017eganska kap ali periferna arterijska bolezen.[\/vc_column_text][vc_single_image image=&#8221;190&#8243; add_caption=&#8221;yes&#8221;][vc_column_text]Belinal\u00ae je naravni izdelek iz vej bele jelke (Abies alba), za katerega so raziskave pokazale izrazito antioksidativno in protivnetno delovanje. Na arterije deluje prek ve\u010d razli\u010dnih mehanizmov, s katerimi pomaga prepre\u010devati ali ubla\u017eiti funkcionalne in strukturne spremembe \u017eilne stene, povezane z aterosklerozo.[\/vc_column_text][vc_single_image image=&#8221;192&#8243; add_caption=&#8221;yes&#8221;][vc_column_text]<em>Diagram: Povr\u0161ina ateroskleroti\u010dnih oblog kot dele\u017e celotne povr\u0161ine<\/em><\/p>\n<p>V nedavni raziskavi na \u017eivalih smo ugotovili, da je Belinal\u00ae pri kuncih, ki so bili osem tednov hranjeni z aterogeno prehrano, zmanj\u0161al nastajanje ateroskleroti\u010dnih oblog v aorti za 80 %. Poleg tega je za 37 % izbolj\u0161al sprostitveni odziv aorte, kar ka\u017ee na bolj\u0161e delovanje endotelija in bolj zdravo \u017eilje. Ti rezultati potrjujejo, da Belinal\u00ae u\u010dinkovito pomaga prepre\u010devati morfolo\u0161ke in funkcionalne spremembe \u017eilne stene, ki jih povzro\u010da ateroskleroza, ter predstavlja obetavno naravno podporo za za\u0161\u010dito arterij in ohranjanje sr\u010dno-\u017eilnega zdravja.<\/p>\n<p>Belinal\u00ae lahko prispeva k prepre\u010devanju ateroskleroze in podpira zdravje \u017eil, saj pomaga omejevati nalaganje oblog in o\u017eenje arterij, ki pove\u010dujeta tveganje za bolezni srca in mo\u017egansko kap. Z rednim u\u017eivanjem Belinal\u00ae lahko podprete zdravje srca in o\u017eilja ter zmanj\u0161ate \u0161kodljive u\u010dinke oksidativnega stresa in vnetja. Belinal\u00ae je varen in u\u010dinkovit na\u010din za podporo kakovosti \u017eivljenja in splo\u0161nemu dobremu po\u010dutju.<\/p>\n<h3>Mehanizmi delovanja<\/h3>\n<ul>\n<li><strong>zaviranje nastajanja AGE spojin<\/strong><br \/>\nAGE (napredovali produkti glikacije) so \u0161kodljive spojine, ki nastajajo, ko se beljakovine ali ma\u0161\u010dobe v krvnem obtoku ve\u017eejo s sladkorji. Ta proces imenujemo glikacija.<\/li>\n<li><strong>vazorelaksacija gladkih mi\u0161i\u010dnih celic<\/strong><br \/>\nBelinal\u00ae spodbuja spro\u0161\u010danje gladkih mi\u0161i\u010dnih celic prek mehanizmov prostaciklina (PGI2) in\/ali endotelijsko pogojenega hiperpolarizacijskega dejavnika (EDHF).<\/li>\n<li><strong>protivnetno delovanje<\/strong><br \/>\nBelinal\u00ae zavira aktivnost COX-2, zmanj\u0161uje izra\u017eanje provnetnih citokinov, kot so TNF-\u03b1, IL-6 in IL-1\u03b2, zavira aktivnost COX-1 ter spro\u0161\u010danje histamina.<\/li>\n<li><strong>zaviranje oksidacije LDL<\/strong><br \/>\nBelinal\u00ae pomaga prepre\u010devati oksidacijo lipoproteinov, s \u010dimer zmanj\u0161uje nastajanje oksidiranega LDL, njegovo privzemanje v makrofage in posledi\u010dno razvoj ateroskleroti\u010dnih oblog.<\/li>\n<\/ul>\n<p><strong>Priporo\u010den odmerek Belinal\u00ae v formulaciji<\/strong><\/p>\n<p>80\u2013120 mg odmerek<\/p>\n<h3>Reference:<\/h3>\n<ol>\n<li>Kreft S., \u0160trukelj B. Vasodilatation of human brain arteries and anti-inflammatory activity of the silver fir branch exract. S<u>tudy report to be published soon.<\/u><\/li>\n<li>Dreven\u0161ek G, Lunder M, Tav\u010dar Benkovi\u010d E, Mikelj A, \u0160trukelj B, Kreft S. Silver fir (<em>Abies alba<\/em>) trunk extract protects Guinea pig arteries from impaired functional responses and morphology due to an atherogenic diet. Phytomedicine. 2015; 22(9).<\/li>\n<li>Dreven\u0161ek G, Lunder M, Tav\u010dar Benkovi\u0107 E, \u0160trukelj B, Kreft S. Cardioprotective effects of silver fir (<em>Abies alba<\/em>) extract in ischemic-reperfused isolated rat hearts. Food Nutr Res. 2016; 60(1).<\/li>\n<li>Strukelj B., Molek P. Expert opinion and mechanisms of Belinal\u00ae on vascular plaques and LDL cholesterol inhibition. Scientific expert opinion 2023.<\/li>\n<li><a href=\"https:\/\/pubmed.ncbi.nlm.nih.gov\/?term=Fukumitsu+S&amp;cauthor_id=20797475\">Fukumitsu<\/a>,\u00a0<a href=\"https:\/\/pubmed.ncbi.nlm.nih.gov\/?term=Aida+K&amp;cauthor_id=20797475\"> Aida<\/a> K.,\u00a0<a href=\"https:\/\/pubmed.ncbi.nlm.nih.gov\/?term=Shimizu+H&amp;cauthor_id=20797475\"> Shimizu<\/a> H.,\u00a0<a href=\"https:\/\/pubmed.ncbi.nlm.nih.gov\/?term=Toyoda+K&amp;cauthor_id=20797475\"> Toyoda<\/a> K. Flaxseed lignan lowers blood cholesterol and decreases liver disease risk factors in moderately hypercholesterolemic men. Nutrition Research 2010; Jul 30 (7):441-446.<\/li>\n<\/ol>\n<p>[\/vc_column_text][\/vc_column_inner][\/vc_row_inner][\/vc_column][\/vc_row]<\/p>\n<\/div>","protected":false},"excerpt":{"rendered":"<p>[vc_row full_width=&#8221;stretch_row_content_no_spaces&#8221; el_class=&#8221;sp-page-title&#8221;][vc_column][\/vc_column][\/vc_row][vc_row el_class=&#8221;sp-intro&#8221;][vc_column width=&#8221;1\/4&#8243; el_class=&#8221;c1&#8243;][\/vc_column][vc_column width=&#8221;3\/4&#8243; el_class=&#8221;c2&#8243;][vc_row_inner][vc_column_inner][vc_column_text] Belinal\u00ae zmanj\u0161uje nastajanje ateroskleroti\u010dnih oblog Bolezni srca in o\u017eilja ostajajo vodilni vzrok obolevnosti in umrljivosti po vsem svetu. Eden glavnih vzrokov zanje je ateroskleroza, kroni\u010dna vnetna bolezen \u017eilne stene. Zanjo je zna\u010dilno kopi\u010denje makrofagov in oksidiranih lipoproteinov nizke gostote (LDL) v podendotelijskem prostoru, kar spodbuja nastajanje oblog in postopno o\u017eenje arterij. Ateroskleroza obi\u010dajno napreduje tiho in dolga leta brez opaznih simptomov, nato pa se lahko poka\u017ee v obliki resnih klini\u010dnih dogodkov, kot so sr\u010dni infarkt, mo\u017eganska kap ali periferna arterijska bolezen.[\/vc_column_text][vc_single_image image=&#8221;190&#8243; add_caption=&#8221;yes&#8221;][vc_column_text]Belinal\u00ae je naravni izdelek iz vej bele jelke (Abies alba), za katerega so raziskave pokazale izrazito antioksidativno in protivnetno delovanje. Na arterije deluje prek ve\u010d razli\u010dnih mehanizmov, s katerimi pomaga [&hellip;]<\/p>\n","protected":false},"author":1,"featured_media":707,"parent":856,"menu_order":6,"comment_status":"closed","ping_status":"closed","template":"","meta":{"footnotes":""},"class_list":["post-841","page","type-page","status-publish","has-post-thumbnail","hentry"],"yoast_head":"<!-- This site is optimized with the Yoast SEO plugin v21.3 - https:\/\/yoast.com\/wordpress\/plugins\/seo\/ -->\n<title>Zdravje srca in o\u017eilja - Belinal izvle\u010dek vej bele jelke<\/title>\n<meta name=\"description\" content=\"Belinal\u00ae zmanj\u0161uje nastajanje ateroskleroti\u010dnih oblog Bolezni srca in o\u017eilja ostajajo vodilni vzrok obolevnosti in umrljivosti po vsem svetu. Eden glavnih vzrokov zanje je ateroskleroza, kroni\u010dna vnetna bolezen \u017eilne stene. Zanjo\" \/>\n<meta name=\"robots\" content=\"index, follow, max-snippet:-1, max-image-preview:large, max-video-preview:-1\" \/>\n<link rel=\"canonical\" href=\"https:\/\/www.belinal-fir.com\/sl\/koristi-za-zdravje\/zdravje-srca-in-ozilja\/\" \/>\n<meta property=\"og:locale\" content=\"sl_SI\" \/>\n<meta property=\"og:type\" content=\"article\" \/>\n<meta property=\"og:title\" content=\"Zdravje srca in o\u017eilja - Belinal izvle\u010dek vej bele jelke\" \/>\n<meta property=\"og:description\" content=\"[vc_row full_width=&#8221;stretch_row_content_no_spaces&#8221; el_class=&#8221;sp-page-title&#8221;][vc_column][\/vc_column][\/vc_row][vc_row el_class=&#8221;sp-intro&#8221;][vc_column width=&#8221;1\/4&#8243; el_class=&#8221;c1&#8243;][\/vc_column][vc_column width=&#8221;3\/4&#8243; el_class=&#8221;c2&#8243;][vc_row_inner][vc_column_inner][vc_column_text] Belinal\u00ae zmanj\u0161uje nastajanje ateroskleroti\u010dnih oblog Bolezni srca in o\u017eilja ostajajo vodilni vzrok obolevnosti in umrljivosti po vsem svetu. Eden glavnih vzrokov zanje je ateroskleroza, kroni\u010dna vnetna bolezen \u017eilne stene. Zanjo je zna\u010dilno kopi\u010denje makrofagov in oksidiranih lipoproteinov nizke gostote (LDL) v podendotelijskem prostoru, kar spodbuja nastajanje oblog in postopno o\u017eenje arterij. Ateroskleroza obi\u010dajno napreduje tiho in dolga leta brez opaznih simptomov, nato pa se lahko poka\u017ee v obliki resnih klini\u010dnih dogodkov, kot so sr\u010dni infarkt, mo\u017eganska kap ali periferna arterijska bolezen.[\/vc_column_text][vc_single_image image=&#8221;190&#8243; add_caption=&#8221;yes&#8221;][vc_column_text]Belinal\u00ae je naravni izdelek iz vej bele jelke (Abies alba), za katerega so raziskave pokazale izrazito antioksidativno in protivnetno delovanje. Na arterije deluje prek ve\u010d razli\u010dnih mehanizmov, s katerimi pomaga [&hellip;]\" \/>\n<meta property=\"og:url\" content=\"https:\/\/www.belinal-fir.com\/sl\/koristi-za-zdravje\/zdravje-srca-in-ozilja\/\" \/>\n<meta property=\"og:site_name\" content=\"Belinal izvle\u010dek vej bele jelke\" \/>\n<meta property=\"article:modified_time\" content=\"2026-04-06T17:44:51+00:00\" \/>\n<meta property=\"og:image\" content=\"https:\/\/www.belinal-fir.com\/wp-content\/uploads\/2026\/03\/heart-health.jpg\" \/>\n\t<meta property=\"og:image:width\" content=\"1000\" \/>\n\t<meta property=\"og:image:height\" content=\"665\" \/>\n\t<meta property=\"og:image:type\" content=\"image\/jpeg\" \/>\n<meta name=\"twitter:card\" content=\"summary_large_image\" \/>\n<meta name=\"twitter:label1\" content=\"Est. reading time\" \/>\n\t<meta name=\"twitter:data1\" content=\"3 minute\" \/>\n<script type=\"application\/ld+json\" class=\"yoast-schema-graph\">{\"@context\":\"https:\/\/schema.org\",\"@graph\":[{\"@type\":\"WebPage\",\"@id\":\"https:\/\/www.belinal-fir.com\/sl\/koristi-za-zdravje\/zdravje-srca-in-ozilja\/\",\"url\":\"https:\/\/www.belinal-fir.com\/sl\/koristi-za-zdravje\/zdravje-srca-in-ozilja\/\",\"name\":\"Zdravje srca in o\u017eilja - Belinal izvle\u010dek vej bele jelke\",\"isPartOf\":{\"@id\":\"https:\/\/www.belinal-fir.com\/#website\"},\"datePublished\":\"2026-03-22T10:04:37+00:00\",\"dateModified\":\"2026-04-06T17:44:51+00:00\",\"breadcrumb\":{\"@id\":\"https:\/\/www.belinal-fir.com\/sl\/koristi-za-zdravje\/zdravje-srca-in-ozilja\/#breadcrumb\"},\"inLanguage\":\"sl-SI\",\"potentialAction\":[{\"@type\":\"ReadAction\",\"target\":[\"https:\/\/www.belinal-fir.com\/sl\/koristi-za-zdravje\/zdravje-srca-in-ozilja\/\"]}]},{\"@type\":\"BreadcrumbList\",\"@id\":\"https:\/\/www.belinal-fir.com\/sl\/koristi-za-zdravje\/zdravje-srca-in-ozilja\/#breadcrumb\",\"itemListElement\":[{\"@type\":\"ListItem\",\"position\":1,\"name\":\"Home\",\"item\":\"https:\/\/www.belinal-fir.com\/sl\/\"},{\"@type\":\"ListItem\",\"position\":2,\"name\":\"Koristi za zdravje\",\"item\":\"https:\/\/www.belinal-fir.com\/sl\/koristi-za-zdravje\/\"},{\"@type\":\"ListItem\",\"position\":3,\"name\":\"Zdravje srca in o\u017eilja\"}]},{\"@type\":\"WebSite\",\"@id\":\"https:\/\/www.belinal-fir.com\/#website\",\"url\":\"https:\/\/www.belinal-fir.com\/\",\"name\":\"Belinal izvle\u010dek vej bele jelke\",\"description\":\"\",\"potentialAction\":[{\"@type\":\"SearchAction\",\"target\":{\"@type\":\"EntryPoint\",\"urlTemplate\":\"https:\/\/www.belinal-fir.com\/?s={search_term_string}\"},\"query-input\":\"required name=search_term_string\"}],\"inLanguage\":\"sl-SI\"}]}<\/script>\n<!-- \/ Yoast SEO plugin. -->","yoast_head_json":{"title":"Zdravje srca in o\u017eilja - Belinal izvle\u010dek vej bele jelke","description":"Belinal\u00ae zmanj\u0161uje nastajanje ateroskleroti\u010dnih oblog Bolezni srca in o\u017eilja ostajajo vodilni vzrok obolevnosti in umrljivosti po vsem svetu. Eden glavnih vzrokov zanje je ateroskleroza, kroni\u010dna vnetna bolezen \u017eilne stene. Zanjo","robots":{"index":"index","follow":"follow","max-snippet":"max-snippet:-1","max-image-preview":"max-image-preview:large","max-video-preview":"max-video-preview:-1"},"canonical":"https:\/\/www.belinal-fir.com\/sl\/koristi-za-zdravje\/zdravje-srca-in-ozilja\/","og_locale":"sl_SI","og_type":"article","og_title":"Zdravje srca in o\u017eilja - Belinal izvle\u010dek vej bele jelke","og_description":"[vc_row full_width=&#8221;stretch_row_content_no_spaces&#8221; el_class=&#8221;sp-page-title&#8221;][vc_column][\/vc_column][\/vc_row][vc_row el_class=&#8221;sp-intro&#8221;][vc_column width=&#8221;1\/4&#8243; el_class=&#8221;c1&#8243;][\/vc_column][vc_column width=&#8221;3\/4&#8243; el_class=&#8221;c2&#8243;][vc_row_inner][vc_column_inner][vc_column_text] Belinal\u00ae zmanj\u0161uje nastajanje ateroskleroti\u010dnih oblog Bolezni srca in o\u017eilja ostajajo vodilni vzrok obolevnosti in umrljivosti po vsem svetu. Eden glavnih vzrokov zanje je ateroskleroza, kroni\u010dna vnetna bolezen \u017eilne stene. Zanjo je zna\u010dilno kopi\u010denje makrofagov in oksidiranih lipoproteinov nizke gostote (LDL) v podendotelijskem prostoru, kar spodbuja nastajanje oblog in postopno o\u017eenje arterij. Ateroskleroza obi\u010dajno napreduje tiho in dolga leta brez opaznih simptomov, nato pa se lahko poka\u017ee v obliki resnih klini\u010dnih dogodkov, kot so sr\u010dni infarkt, mo\u017eganska kap ali periferna arterijska bolezen.[\/vc_column_text][vc_single_image image=&#8221;190&#8243; add_caption=&#8221;yes&#8221;][vc_column_text]Belinal\u00ae je naravni izdelek iz vej bele jelke (Abies alba), za katerega so raziskave pokazale izrazito antioksidativno in protivnetno delovanje. Na arterije deluje prek ve\u010d razli\u010dnih mehanizmov, s katerimi pomaga [&hellip;]","og_url":"https:\/\/www.belinal-fir.com\/sl\/koristi-za-zdravje\/zdravje-srca-in-ozilja\/","og_site_name":"Belinal izvle\u010dek vej bele jelke","article_modified_time":"2026-04-06T17:44:51+00:00","og_image":[{"width":1000,"height":665,"url":"https:\/\/www.belinal-fir.com\/wp-content\/uploads\/2026\/03\/heart-health.jpg","type":"image\/jpeg"}],"twitter_card":"summary_large_image","twitter_misc":{"Est. reading time":"3 minute"},"schema":{"@context":"https:\/\/schema.org","@graph":[{"@type":"WebPage","@id":"https:\/\/www.belinal-fir.com\/sl\/koristi-za-zdravje\/zdravje-srca-in-ozilja\/","url":"https:\/\/www.belinal-fir.com\/sl\/koristi-za-zdravje\/zdravje-srca-in-ozilja\/","name":"Zdravje srca in o\u017eilja - Belinal izvle\u010dek vej bele jelke","isPartOf":{"@id":"https:\/\/www.belinal-fir.com\/#website"},"datePublished":"2026-03-22T10:04:37+00:00","dateModified":"2026-04-06T17:44:51+00:00","breadcrumb":{"@id":"https:\/\/www.belinal-fir.com\/sl\/koristi-za-zdravje\/zdravje-srca-in-ozilja\/#breadcrumb"},"inLanguage":"sl-SI","potentialAction":[{"@type":"ReadAction","target":["https:\/\/www.belinal-fir.com\/sl\/koristi-za-zdravje\/zdravje-srca-in-ozilja\/"]}]},{"@type":"BreadcrumbList","@id":"https:\/\/www.belinal-fir.com\/sl\/koristi-za-zdravje\/zdravje-srca-in-ozilja\/#breadcrumb","itemListElement":[{"@type":"ListItem","position":1,"name":"Home","item":"https:\/\/www.belinal-fir.com\/sl\/"},{"@type":"ListItem","position":2,"name":"Koristi za zdravje","item":"https:\/\/www.belinal-fir.com\/sl\/koristi-za-zdravje\/"},{"@type":"ListItem","position":3,"name":"Zdravje srca in o\u017eilja"}]},{"@type":"WebSite","@id":"https:\/\/www.belinal-fir.com\/#website","url":"https:\/\/www.belinal-fir.com\/","name":"Belinal izvle\u010dek vej bele jelke","description":"","potentialAction":[{"@type":"SearchAction","target":{"@type":"EntryPoint","urlTemplate":"https:\/\/www.belinal-fir.com\/?s={search_term_string}"},"query-input":"required name=search_term_string"}],"inLanguage":"sl-SI"}]}},"_links":{"self":[{"href":"https:\/\/www.belinal-fir.com\/sl\/wp-json\/wp\/v2\/pages\/841","targetHints":{"allow":["GET"]}}],"collection":[{"href":"https:\/\/www.belinal-fir.com\/sl\/wp-json\/wp\/v2\/pages"}],"about":[{"href":"https:\/\/www.belinal-fir.com\/sl\/wp-json\/wp\/v2\/types\/page"}],"author":[{"embeddable":true,"href":"https:\/\/www.belinal-fir.com\/sl\/wp-json\/wp\/v2\/users\/1"}],"replies":[{"embeddable":true,"href":"https:\/\/www.belinal-fir.com\/sl\/wp-json\/wp\/v2\/comments?post=841"}],"version-history":[{"count":1,"href":"https:\/\/www.belinal-fir.com\/sl\/wp-json\/wp\/v2\/pages\/841\/revisions"}],"predecessor-version":[{"id":1006,"href":"https:\/\/www.belinal-fir.com\/sl\/wp-json\/wp\/v2\/pages\/841\/revisions\/1006"}],"up":[{"embeddable":true,"href":"https:\/\/www.belinal-fir.com\/sl\/wp-json\/wp\/v2\/pages\/856"}],"wp:featuredmedia":[{"embeddable":true,"href":"https:\/\/www.belinal-fir.com\/sl\/wp-json\/wp\/v2\/media\/707"}],"wp:attachment":[{"href":"https:\/\/www.belinal-fir.com\/sl\/wp-json\/wp\/v2\/media?parent=841"}],"curies":[{"name":"wp","href":"https:\/\/api.w.org\/{rel}","templated":true}]}}