{"id":842,"date":"2026-03-22T10:04:10","date_gmt":"2026-03-22T10:04:10","guid":{"rendered":"https:\/\/www.belinal-fir.com\/metabolic-health-diabetes\/"},"modified":"2026-04-01T17:28:02","modified_gmt":"2026-04-01T17:28:02","slug":"uravnavanje-krvnega-sladkorja","status":"publish","type":"page","link":"https:\/\/www.belinal-fir.com\/sl\/koristi-za-zdravje\/uravnavanje-krvnega-sladkorja\/","title":{"rendered":"Uravnavanje krvnega sladkorja"},"content":{"rendered":"<div class=\"wpb-content-wrapper\"><p>[vc_row full_width=&#8221;stretch_row_content_no_spaces&#8221; el_class=&#8221;sp-page-title&#8221;][vc_column]\t\t\n\t\t<div class=\"title-banner\" style=\"background-image: linear-gradient(rgba(0, 0, 0, 0.0),rgba(0, 0, 0, 0.0)),url();\">\n\t\t\t<div class=\"container\">\n\t\t\t\t<div class=\"breadcrumbs-container\">\n\t\t\t\t\t\t<div class=\"breadcrumbs\">\n\t\t\t\t\t\t\t\n\t<ul class=\"ns-breadcrumbs\">\n\t\t\t<li><a href=\"https:\/\/www.belinal-fir.com\/sl\/\">Home<\/a><\/li>\n\t\t\t\t\t<li><a href=\"https:\/\/www.belinal-fir.com\/sl\/koristi-za-zdravje\/\">Koristi za zdravje<\/a><\/li>\n\t\t\t\t<li>Uravnavanje krvnega sladkorja<\/li>\n\t<\/ul>\n\t\n\t\t\t\t\t\t\t\t<div class=\"clearfix\"><\/div>\n\t\t\t\t\t\t<\/div>\n\t\t\t\t<\/div>\n\t\t\t\t\t\t\t<\/div>\n\t\t<\/div>\n\n\t\t[\/vc_column][\/vc_row][vc_row el_class=&#8221;sp-intro&#8221;][vc_column width=&#8221;1\/4&#8243; el_class=&#8221;c1&#8243;]\t\n\t\t<nav class=\" sidenav \">\n\t\t<a href=\"https:\/\/www.belinal-fir.com\/sl\/koristi-za-zdravje\/\" class=\"sidenav-title\"><h2>Koristi za zdravje<\/h2><\/a>\n\t\t<ul>\n\t\t<li class=\"page_item page-item-857\"><a href=\"https:\/\/www.belinal-fir.com\/sl\/koristi-za-zdravje\/antioksidativno-delovanje\/\">Antioksidativno delovanje<\/a><\/li>\n<li class=\"page_item page-item-858\"><a href=\"https:\/\/www.belinal-fir.com\/sl\/koristi-za-zdravje\/lepota-od-znotraj\/\">Lepota od znotraj<\/a><\/li>\n<li class=\"page_item page-item-859\"><a href=\"https:\/\/www.belinal-fir.com\/sl\/koristi-za-zdravje\/uravnavanje-telesne-teze\/\">Uravnavanje telesne te\u017ee<\/a><\/li>\n<li class=\"page_item page-item-844\"><a href=\"https:\/\/www.belinal-fir.com\/sl\/koristi-za-zdravje\/zdravje-sklepov\/\">Zdravje sklepov<\/a><\/li>\n<li class=\"page_item page-item-843\"><a href=\"https:\/\/www.belinal-fir.com\/sl\/koristi-za-zdravje\/zdravje-mozganov\/\">Zdravje mo\u017eganov<\/a><\/li>\n<li class=\"page_item page-item-842\"><a href=\"https:\/\/www.belinal-fir.com\/sl\/koristi-za-zdravje\/uravnavanje-krvnega-sladkorja\/\">Uravnavanje krvnega sladkorja<\/a><\/li>\n<li class=\"page_item page-item-841\"><a href=\"https:\/\/www.belinal-fir.com\/sl\/koristi-za-zdravje\/zdravje-srca-in-ozilja\/\">Zdravje srca in o\u017eilja<\/a><\/li>\n<li class=\"page_item page-item-840\"><a href=\"https:\/\/www.belinal-fir.com\/sl\/koristi-za-zdravje\/nega-koze\/\">Nega ko\u017ee<\/a><\/li>\n<li class=\"page_item page-item-839\"><a href=\"https:\/\/www.belinal-fir.com\/sl\/koristi-za-zdravje\/zdravje-prebavil\/\">Zdravje prebavil<\/a><\/li>\n<li class=\"page_item page-item-838\"><a href=\"https:\/\/www.belinal-fir.com\/sl\/koristi-za-zdravje\/dolgozivost-in-vitalnost\/\">Dolgo\u017eivost in vitalnost<\/a><\/li>\n\t   \t<\/ul>\n\t<\/nav>\n\t\n\t[\/vc_column][vc_column width=&#8221;3\/4&#8243; el_class=&#8221;c2&#8243;]\t\t\n\t\t<div class=\"title-banner\" style=\"background-image: url();\">\n\t\t\t<div class=\"container\">\n\t\t\t\t<h1 class=\"entry-title\">Uravnavanje krvnega sladkorja<\/h1>\n\n\t\t\t\t\t\t\t<\/div>\n\t\t<\/div>\n\n\t\t[vc_row_inner][vc_column_inner][vc_column_text]<\/p>\n<h2>Belinal\u00ae \u2013 podpora pri uravnavanju presnove ogljikovih hidratov in glukoze<\/h2>\n<p>Ogljikovi hidrati so pomemben del prehrane, vendar niso vsi enaki. Nekateri imajo visok glikemi\u010dni indeks (GI), kar pomeni, da po zau\u017eitju povzro\u010dijo hiter porast glukoze v krvi. To lahko dolgoro\u010dno prispeva k pove\u010danju telesne te\u017ee, inzulinski rezistenci in drugim presnovnim zapletom.<\/p>\n<p>Belinal\u00ae deluje tako, da zavira encima alfa-amilazo in alfa-glukozidazo, ki kompleksne ogljikove hidrate razgrajujeta v enostavne sladkorje. S tem zmanj\u0161a koli\u010dino in hitrost absorpcije glukoze iz \u010drevesja, posledi\u010dno pa tudi porast glukoze v krvi po obroku, bogatem s \u0161krobom. Tak\u0161no delovanje prispeva k bolj\u0161emu uravnavanju ravni glukoze v krvi in pomaga omejevati vpliv ogljikovih hidratov na presnovo.[\/vc_column_text][vc_single_image image=&#8221;470&#8243; add_caption=&#8221;yes&#8221;][vc_column_text]Vendar to ni edini mehanizem delovanja Belinal\u00ae. Znanstvena literatura opisuje tudi ve\u010d dodatnih u\u010dinkov, povezanih s podporo presnovnemu zdravju:<\/p>\n<ul>\n<li>spodbuja privzem glukoze v mi\u0161i\u010dne celice z aktivacijo poti AMPK, ki ima klju\u010dno vlogo pri uravnavanju celi\u010dne energijske presnove<\/li>\n<li>pospe\u0161uje privzem glukoze v ma\u0161\u010dobne celice s pove\u010danim prenosom prena\u0161alcev GLUT4 na celi\u010dno membrano ter z ve\u010djim izra\u017eanjem adiponektina, hormona, ki izbolj\u0161uje ob\u010dutljivost na inzulin<\/li>\n<li>\u0161\u010diti in podpira obnovo beta celic trebu\u0161ne slinavke, ki proizvajajo inzulin, saj zmanj\u0161uje oksidativni stres in vnetne procese<\/li>\n<li>zavira delovanje prena\u0161alcev glukoze SGLT1 in SGLT2 v \u010drevesni steni, s \u010dimer dodatno zmanj\u0161a absorpcijo glukoze in prispeva k ni\u017ejim vrednostim krvnega sladkorja<\/li>\n<\/ul>\n<p>Povi\u0161ana raven glukoze po obroku je eden pomembnih dejavnikov tveganja za razvoj sladkorne bolezni tipa 2 in sr\u010dno-\u017eilnih bolezni. Belinal\u00ae zato predstavlja naravno in u\u010dinkovito mo\u017enost za podporo pri uravnavanju presnove ogljikovih hidratov ter glukoze.<\/p>\n<h3>Klini\u010dna raziskava: 35 % manj\u0161i porast glukoze po obroku<\/h3>\n<p>Belinal\u00ae je bil preizku\u0161en v randomizirani, dvojno slepi, s placebom in aktivno kontrolo (akarboza) kontrolirani klini\u010dni raziskavi, v kateri je sodelovalo 31 zdravih odraslih oseb. Rezultati so pokazali, da je bila po zau\u017eitju 100 g belega kruha z dodatkom Belinal\u00ae koncentracija glukoze v krvi za 35 % ni\u017eja kot v placebo skupini. Med raziskavo niso zaznali ne\u017eelenih u\u010dinkov.[\/vc_column_text][vc_single_image image=&#8221;167&#8243; add_caption=&#8221;yes&#8221;][vc_column_text]<\/p>\n<h3>U\u010dinki Belinal\u00ae pri zaviranju prebave \u0161kroba<\/h3>\n<p>U\u010dinek Belinal\u00ae, ki upo\u010dasnjuje prebavo \u0161kroba, je lahko koristen pri:<\/p>\n<ul>\n<li>uravnavanju telesne te\u017ee<\/li>\n<li>zmanj\u0161evanju utrujenosti po obroku<\/li>\n<li>ohranjanju zdrave ravni glukoze v krvi<\/li>\n<li>zni\u017eevanju glikemi\u010dnega indeksa obroka<\/li>\n<li>podpori pri prepre\u010devanju sladkorne bolezni tipa 2<\/li>\n<\/ul>\n<p>Belinal\u00ae je lahko zanimiva izbira za vse, ki i\u0161\u010dejo naravno podporo pri uravnavanju krvnega sladkorja po obroku in telesne te\u017ee, brez ne\u017eelenih u\u010dinkov.<\/p>\n<p><strong>Priporo\u010den odmerek Belinal\u00ae v formulaciji<\/strong><\/p>\n<p>75 mg 15 minut pred obrokom 2-krat na dan<\/p>\n<h3>Reference:<\/h3>\n<ol>\n<li>Debeljak J, Ferk P, \u010cokoli\u010d M, Zavratnik A, Tav\u010dar Benkovi\u0107 E, Kreft S, Strukelj B. <strong>Randomised, double blind, cross-over, placebo and active controlled human pharmacodynamic study on the influence of silver fir wood extract (Belinal) on post-prandial glycemic response<\/strong>. Pharmazie. 2016; 71(10).<\/li>\n<\/ol>\n<p>[\/vc_column_text][\/vc_column_inner][\/vc_row_inner][\/vc_column][\/vc_row]<\/p>\n<\/div>","protected":false},"excerpt":{"rendered":"<p>[vc_row full_width=&#8221;stretch_row_content_no_spaces&#8221; el_class=&#8221;sp-page-title&#8221;][vc_column][\/vc_column][\/vc_row][vc_row el_class=&#8221;sp-intro&#8221;][vc_column width=&#8221;1\/4&#8243; el_class=&#8221;c1&#8243;][\/vc_column][vc_column width=&#8221;3\/4&#8243; el_class=&#8221;c2&#8243;][vc_row_inner][vc_column_inner][vc_column_text] Belinal\u00ae \u2013 podpora pri uravnavanju presnove ogljikovih hidratov in glukoze Ogljikovi hidrati so pomemben del prehrane, vendar niso vsi enaki. Nekateri imajo visok glikemi\u010dni indeks (GI), kar pomeni, da po zau\u017eitju povzro\u010dijo hiter porast glukoze v krvi. To lahko dolgoro\u010dno prispeva k pove\u010danju telesne te\u017ee, inzulinski rezistenci in drugim presnovnim zapletom. Belinal\u00ae deluje tako, da zavira encima alfa-amilazo in alfa-glukozidazo, ki kompleksne ogljikove hidrate razgrajujeta v enostavne sladkorje. S tem zmanj\u0161a koli\u010dino in hitrost absorpcije glukoze iz \u010drevesja, posledi\u010dno pa tudi porast glukoze v krvi po obroku, bogatem s \u0161krobom. Tak\u0161no delovanje prispeva k bolj\u0161emu uravnavanju ravni glukoze v krvi in pomaga omejevati vpliv ogljikovih hidratov na presnovo.[\/vc_column_text][vc_single_image image=&#8221;470&#8243; add_caption=&#8221;yes&#8221;][vc_column_text]Vendar to ni [&hellip;]<\/p>\n","protected":false},"author":1,"featured_media":691,"parent":856,"menu_order":5,"comment_status":"closed","ping_status":"closed","template":"","meta":{"footnotes":""},"class_list":["post-842","page","type-page","status-publish","has-post-thumbnail","hentry"],"yoast_head":"<!-- This site is optimized with the Yoast SEO plugin v21.3 - https:\/\/yoast.com\/wordpress\/plugins\/seo\/ -->\n<title>Uravnavanje krvnega sladkorja - Belinal izvle\u010dek vej bele jelke<\/title>\n<meta name=\"description\" content=\"Belinal\u00ae \u2013 podpora pri uravnavanju presnove ogljikovih hidratov in glukoze Ogljikovi hidrati so pomemben del prehrane, vendar niso vsi enaki. Nekateri imajo visok glikemi\u010dni indeks (GI), kar pomeni, da po\" \/>\n<meta name=\"robots\" content=\"index, follow, max-snippet:-1, max-image-preview:large, max-video-preview:-1\" \/>\n<link rel=\"canonical\" href=\"https:\/\/www.belinal-fir.com\/sl\/koristi-za-zdravje\/uravnavanje-krvnega-sladkorja\/\" \/>\n<meta property=\"og:locale\" content=\"sl_SI\" \/>\n<meta property=\"og:type\" content=\"article\" \/>\n<meta property=\"og:title\" content=\"Uravnavanje krvnega sladkorja - Belinal izvle\u010dek vej bele jelke\" \/>\n<meta property=\"og:description\" content=\"[vc_row full_width=&#8221;stretch_row_content_no_spaces&#8221; el_class=&#8221;sp-page-title&#8221;][vc_column][\/vc_column][\/vc_row][vc_row el_class=&#8221;sp-intro&#8221;][vc_column width=&#8221;1\/4&#8243; el_class=&#8221;c1&#8243;][\/vc_column][vc_column width=&#8221;3\/4&#8243; el_class=&#8221;c2&#8243;][vc_row_inner][vc_column_inner][vc_column_text] Belinal\u00ae \u2013 podpora pri uravnavanju presnove ogljikovih hidratov in glukoze Ogljikovi hidrati so pomemben del prehrane, vendar niso vsi enaki. Nekateri imajo visok glikemi\u010dni indeks (GI), kar pomeni, da po zau\u017eitju povzro\u010dijo hiter porast glukoze v krvi. To lahko dolgoro\u010dno prispeva k pove\u010danju telesne te\u017ee, inzulinski rezistenci in drugim presnovnim zapletom. Belinal\u00ae deluje tako, da zavira encima alfa-amilazo in alfa-glukozidazo, ki kompleksne ogljikove hidrate razgrajujeta v enostavne sladkorje. S tem zmanj\u0161a koli\u010dino in hitrost absorpcije glukoze iz \u010drevesja, posledi\u010dno pa tudi porast glukoze v krvi po obroku, bogatem s \u0161krobom. Tak\u0161no delovanje prispeva k bolj\u0161emu uravnavanju ravni glukoze v krvi in pomaga omejevati vpliv ogljikovih hidratov na presnovo.[\/vc_column_text][vc_single_image image=&#8221;470&#8243; add_caption=&#8221;yes&#8221;][vc_column_text]Vendar to ni [&hellip;]\" \/>\n<meta property=\"og:url\" content=\"https:\/\/www.belinal-fir.com\/sl\/koristi-za-zdravje\/uravnavanje-krvnega-sladkorja\/\" \/>\n<meta property=\"og:site_name\" content=\"Belinal izvle\u010dek vej bele jelke\" \/>\n<meta property=\"article:modified_time\" content=\"2026-04-01T17:28:02+00:00\" \/>\n<meta property=\"og:image\" content=\"https:\/\/www.belinal-fir.com\/wp-content\/uploads\/2026\/03\/metabolic-health.jpg\" \/>\n\t<meta property=\"og:image:width\" content=\"733\" \/>\n\t<meta property=\"og:image:height\" content=\"489\" \/>\n\t<meta property=\"og:image:type\" content=\"image\/jpeg\" \/>\n<meta name=\"twitter:card\" content=\"summary_large_image\" \/>\n<meta name=\"twitter:label1\" content=\"Est. reading time\" \/>\n\t<meta name=\"twitter:data1\" content=\"2 minuti\" \/>\n<script type=\"application\/ld+json\" class=\"yoast-schema-graph\">{\"@context\":\"https:\/\/schema.org\",\"@graph\":[{\"@type\":\"WebPage\",\"@id\":\"https:\/\/www.belinal-fir.com\/sl\/koristi-za-zdravje\/uravnavanje-krvnega-sladkorja\/\",\"url\":\"https:\/\/www.belinal-fir.com\/sl\/koristi-za-zdravje\/uravnavanje-krvnega-sladkorja\/\",\"name\":\"Uravnavanje krvnega sladkorja - Belinal izvle\u010dek vej bele jelke\",\"isPartOf\":{\"@id\":\"https:\/\/www.belinal-fir.com\/#website\"},\"datePublished\":\"2026-03-22T10:04:10+00:00\",\"dateModified\":\"2026-04-01T17:28:02+00:00\",\"breadcrumb\":{\"@id\":\"https:\/\/www.belinal-fir.com\/sl\/koristi-za-zdravje\/uravnavanje-krvnega-sladkorja\/#breadcrumb\"},\"inLanguage\":\"sl-SI\",\"potentialAction\":[{\"@type\":\"ReadAction\",\"target\":[\"https:\/\/www.belinal-fir.com\/sl\/koristi-za-zdravje\/uravnavanje-krvnega-sladkorja\/\"]}]},{\"@type\":\"BreadcrumbList\",\"@id\":\"https:\/\/www.belinal-fir.com\/sl\/koristi-za-zdravje\/uravnavanje-krvnega-sladkorja\/#breadcrumb\",\"itemListElement\":[{\"@type\":\"ListItem\",\"position\":1,\"name\":\"Home\",\"item\":\"https:\/\/www.belinal-fir.com\/sl\/\"},{\"@type\":\"ListItem\",\"position\":2,\"name\":\"Koristi za zdravje\",\"item\":\"https:\/\/www.belinal-fir.com\/sl\/koristi-za-zdravje\/\"},{\"@type\":\"ListItem\",\"position\":3,\"name\":\"Uravnavanje krvnega sladkorja\"}]},{\"@type\":\"WebSite\",\"@id\":\"https:\/\/www.belinal-fir.com\/#website\",\"url\":\"https:\/\/www.belinal-fir.com\/\",\"name\":\"Belinal izvle\u010dek vej bele jelke\",\"description\":\"\",\"potentialAction\":[{\"@type\":\"SearchAction\",\"target\":{\"@type\":\"EntryPoint\",\"urlTemplate\":\"https:\/\/www.belinal-fir.com\/?s={search_term_string}\"},\"query-input\":\"required name=search_term_string\"}],\"inLanguage\":\"sl-SI\"}]}<\/script>\n<!-- \/ Yoast SEO plugin. -->","yoast_head_json":{"title":"Uravnavanje krvnega sladkorja - Belinal izvle\u010dek vej bele jelke","description":"Belinal\u00ae \u2013 podpora pri uravnavanju presnove ogljikovih hidratov in glukoze Ogljikovi hidrati so pomemben del prehrane, vendar niso vsi enaki. Nekateri imajo visok glikemi\u010dni indeks (GI), kar pomeni, da po","robots":{"index":"index","follow":"follow","max-snippet":"max-snippet:-1","max-image-preview":"max-image-preview:large","max-video-preview":"max-video-preview:-1"},"canonical":"https:\/\/www.belinal-fir.com\/sl\/koristi-za-zdravje\/uravnavanje-krvnega-sladkorja\/","og_locale":"sl_SI","og_type":"article","og_title":"Uravnavanje krvnega sladkorja - Belinal izvle\u010dek vej bele jelke","og_description":"[vc_row full_width=&#8221;stretch_row_content_no_spaces&#8221; el_class=&#8221;sp-page-title&#8221;][vc_column][\/vc_column][\/vc_row][vc_row el_class=&#8221;sp-intro&#8221;][vc_column width=&#8221;1\/4&#8243; el_class=&#8221;c1&#8243;][\/vc_column][vc_column width=&#8221;3\/4&#8243; el_class=&#8221;c2&#8243;][vc_row_inner][vc_column_inner][vc_column_text] Belinal\u00ae \u2013 podpora pri uravnavanju presnove ogljikovih hidratov in glukoze Ogljikovi hidrati so pomemben del prehrane, vendar niso vsi enaki. Nekateri imajo visok glikemi\u010dni indeks (GI), kar pomeni, da po zau\u017eitju povzro\u010dijo hiter porast glukoze v krvi. To lahko dolgoro\u010dno prispeva k pove\u010danju telesne te\u017ee, inzulinski rezistenci in drugim presnovnim zapletom. Belinal\u00ae deluje tako, da zavira encima alfa-amilazo in alfa-glukozidazo, ki kompleksne ogljikove hidrate razgrajujeta v enostavne sladkorje. S tem zmanj\u0161a koli\u010dino in hitrost absorpcije glukoze iz \u010drevesja, posledi\u010dno pa tudi porast glukoze v krvi po obroku, bogatem s \u0161krobom. Tak\u0161no delovanje prispeva k bolj\u0161emu uravnavanju ravni glukoze v krvi in pomaga omejevati vpliv ogljikovih hidratov na presnovo.[\/vc_column_text][vc_single_image image=&#8221;470&#8243; add_caption=&#8221;yes&#8221;][vc_column_text]Vendar to ni [&hellip;]","og_url":"https:\/\/www.belinal-fir.com\/sl\/koristi-za-zdravje\/uravnavanje-krvnega-sladkorja\/","og_site_name":"Belinal izvle\u010dek vej bele jelke","article_modified_time":"2026-04-01T17:28:02+00:00","og_image":[{"width":733,"height":489,"url":"https:\/\/www.belinal-fir.com\/wp-content\/uploads\/2026\/03\/metabolic-health.jpg","type":"image\/jpeg"}],"twitter_card":"summary_large_image","twitter_misc":{"Est. reading time":"2 minuti"},"schema":{"@context":"https:\/\/schema.org","@graph":[{"@type":"WebPage","@id":"https:\/\/www.belinal-fir.com\/sl\/koristi-za-zdravje\/uravnavanje-krvnega-sladkorja\/","url":"https:\/\/www.belinal-fir.com\/sl\/koristi-za-zdravje\/uravnavanje-krvnega-sladkorja\/","name":"Uravnavanje krvnega sladkorja - Belinal izvle\u010dek vej bele jelke","isPartOf":{"@id":"https:\/\/www.belinal-fir.com\/#website"},"datePublished":"2026-03-22T10:04:10+00:00","dateModified":"2026-04-01T17:28:02+00:00","breadcrumb":{"@id":"https:\/\/www.belinal-fir.com\/sl\/koristi-za-zdravje\/uravnavanje-krvnega-sladkorja\/#breadcrumb"},"inLanguage":"sl-SI","potentialAction":[{"@type":"ReadAction","target":["https:\/\/www.belinal-fir.com\/sl\/koristi-za-zdravje\/uravnavanje-krvnega-sladkorja\/"]}]},{"@type":"BreadcrumbList","@id":"https:\/\/www.belinal-fir.com\/sl\/koristi-za-zdravje\/uravnavanje-krvnega-sladkorja\/#breadcrumb","itemListElement":[{"@type":"ListItem","position":1,"name":"Home","item":"https:\/\/www.belinal-fir.com\/sl\/"},{"@type":"ListItem","position":2,"name":"Koristi za zdravje","item":"https:\/\/www.belinal-fir.com\/sl\/koristi-za-zdravje\/"},{"@type":"ListItem","position":3,"name":"Uravnavanje krvnega sladkorja"}]},{"@type":"WebSite","@id":"https:\/\/www.belinal-fir.com\/#website","url":"https:\/\/www.belinal-fir.com\/","name":"Belinal izvle\u010dek vej bele jelke","description":"","potentialAction":[{"@type":"SearchAction","target":{"@type":"EntryPoint","urlTemplate":"https:\/\/www.belinal-fir.com\/?s={search_term_string}"},"query-input":"required name=search_term_string"}],"inLanguage":"sl-SI"}]}},"_links":{"self":[{"href":"https:\/\/www.belinal-fir.com\/sl\/wp-json\/wp\/v2\/pages\/842","targetHints":{"allow":["GET"]}}],"collection":[{"href":"https:\/\/www.belinal-fir.com\/sl\/wp-json\/wp\/v2\/pages"}],"about":[{"href":"https:\/\/www.belinal-fir.com\/sl\/wp-json\/wp\/v2\/types\/page"}],"author":[{"embeddable":true,"href":"https:\/\/www.belinal-fir.com\/sl\/wp-json\/wp\/v2\/users\/1"}],"replies":[{"embeddable":true,"href":"https:\/\/www.belinal-fir.com\/sl\/wp-json\/wp\/v2\/comments?post=842"}],"version-history":[{"count":0,"href":"https:\/\/www.belinal-fir.com\/sl\/wp-json\/wp\/v2\/pages\/842\/revisions"}],"up":[{"embeddable":true,"href":"https:\/\/www.belinal-fir.com\/sl\/wp-json\/wp\/v2\/pages\/856"}],"wp:featuredmedia":[{"embeddable":true,"href":"https:\/\/www.belinal-fir.com\/sl\/wp-json\/wp\/v2\/media\/691"}],"wp:attachment":[{"href":"https:\/\/www.belinal-fir.com\/sl\/wp-json\/wp\/v2\/media?parent=842"}],"curies":[{"name":"wp","href":"https:\/\/api.w.org\/{rel}","templated":true}]}}