{"id":845,"date":"2024-02-21T15:10:53","date_gmt":"2024-02-21T15:10:53","guid":{"rendered":"https:\/\/www.belinal-fir.com\/white-papers-download\/"},"modified":"2026-03-30T18:32:34","modified_gmt":"2026-03-30T18:32:34","slug":"dokumenti-za-prenos","status":"publish","type":"page","link":"https:\/\/www.belinal-fir.com\/sl\/znanstvena-podlaga\/dokumenti-za-prenos\/","title":{"rendered":"Dokumenti za prenos"},"content":{"rendered":"<div class=\"wpb-content-wrapper\"><p>[vc_row full_width=&#8221;stretch_row_content_no_spaces&#8221; el_class=&#8221;sp-page-title&#8221;][vc_column]\t\t\n\t\t<div class=\"title-banner\" style=\"background-image: linear-gradient(rgba(0, 0, 0, 0.0),rgba(0, 0, 0, 0.0)),url();\">\n\t\t\t<div class=\"container\">\n\t\t\t\t<div class=\"breadcrumbs-container\">\n\t\t\t\t\t\t<div class=\"breadcrumbs\">\n\t\t\t\t\t\t\t\n\t<ul class=\"ns-breadcrumbs\">\n\t\t\t<li><a href=\"https:\/\/www.belinal-fir.com\/sl\/\">Home<\/a><\/li>\n\t\t\t\t\t<li><a href=\"https:\/\/www.belinal-fir.com\/sl\/znanstvena-podlaga\/\">Znanstvena podlaga<\/a><\/li>\n\t\t\t\t<li>Dokumenti za prenos<\/li>\n\t<\/ul>\n\t\n\t\t\t\t\t\t\t\t<div class=\"clearfix\"><\/div>\n\t\t\t\t\t\t<\/div>\n\t\t\t\t<\/div>\n\t\t\t\t\t\t\t<\/div>\n\t\t<\/div>\n\n\t\t[\/vc_column][\/vc_row][vc_row el_class=&#8221;sp-intro&#8221;][vc_column width=&#8221;1\/4&#8243; el_class=&#8221;c1&#8243;]\t\n\t\t<nav class=\" sidenav \">\n\t\t<a href=\"https:\/\/www.belinal-fir.com\/sl\/znanstvena-podlaga\/\" class=\"sidenav-title\"><h2>Znanstvena podlaga<\/h2><\/a>\n\t\t<ul>\n\t\t<li class=\"page_item page-item-846\"><a href=\"https:\/\/www.belinal-fir.com\/sl\/znanstvena-podlaga\/znanost-in-raziskave\/\">Znanost in raziskave<\/a><\/li>\n<li class=\"page_item page-item-845\"><a href=\"https:\/\/www.belinal-fir.com\/sl\/znanstvena-podlaga\/dokumenti-za-prenos\/\">Dokumenti za prenos<\/a><\/li>\n\t   \t<\/ul>\n\t<\/nav>\n\t\n\t[\/vc_column][vc_column width=&#8221;3\/4&#8243; el_class=&#8221;c2&#8243;]\t\t\n\t\t<div class=\"title-banner\" style=\"background-image: url();\">\n\t\t\t<div class=\"container\">\n\t\t\t\t<h1 class=\"entry-title\">Dokumenti za prenos<\/h1>\n\n\t\t\t\t\t\t\t<\/div>\n\t\t<\/div>\n\n\t\t[vc_column_text]<\/p>\n<h3>V na\u0161em strokovnem gradivu boste na\u0161li poglobljen pregled sestave, znanstvenih raziskav in dokazane u\u010dinkovitosti Belinal\u00ae.<\/h3>\n<p>Dokumentacija je na voljo v angle\u0161kem jeziku.[\/vc_column_text]\t\t\n\t\t<div class=\"file-wrap \" id=\"\">\n\t\t\t\t\t\t\t<a href=\"https:\/\/www.belinal-fir.com\/wp-content\/uploads\/2026\/03\/belinal-cardiovascular-health-white-paper-02_2026.pdf\" target=\"_blank\">Belinal Cardiovascular health<\/a>\n\t\t\t\t<a href=\"https:\/\/www.belinal-fir.com\/wp-content\/uploads\/2026\/03\/belinal-cardiovascular-health-white-paper-02_2026.pdf\" target=\"_blank\" class=\"file-dl-btn\">\n\t\t\t\t\t<div class=\"file-dl-text\">Prenesi<\/div>\n\t\t\t\t\t<i class=\"fa fa-download file-dl-icon fa-dl-file\" aria-hidden=\"true\"><\/i>\n\t\t\t\t<\/a>\n\t\t\t\t\t<\/div>\n\n\t\t\t\t\n\t\t<div class=\"file-wrap \" id=\"\">\n\t\t\t\t\t\t\t<a href=\"https:\/\/www.belinal-fir.com\/wp-content\/uploads\/2026\/03\/belinal-diabetes_-metabolic-syndrom_white-paper_2025.pdf\" target=\"_blank\">Belinal Diabetes metabolic syndrom<\/a>\n\t\t\t\t<a href=\"https:\/\/www.belinal-fir.com\/wp-content\/uploads\/2026\/03\/belinal-diabetes_-metabolic-syndrom_white-paper_2025.pdf\" target=\"_blank\" class=\"file-dl-btn\">\n\t\t\t\t\t<div class=\"file-dl-text\">Prenesi<\/div>\n\t\t\t\t\t<i class=\"fa fa-download file-dl-icon fa-dl-file\" aria-hidden=\"true\"><\/i>\n\t\t\t\t<\/a>\n\t\t\t\t\t<\/div>\n\n\t\t\t\t\n\t\t<div class=\"file-wrap \" id=\"\">\n\t\t\t\t\t\t\t<a href=\"https:\/\/www.belinal-fir.com\/wp-content\/uploads\/2026\/03\/belinal-longevity-white-paper-at-2026.pdf\" target=\"_blank\">Belinal Longevity<\/a>\n\t\t\t\t<a href=\"https:\/\/www.belinal-fir.com\/wp-content\/uploads\/2026\/03\/belinal-longevity-white-paper-at-2026.pdf\" target=\"_blank\" class=\"file-dl-btn\">\n\t\t\t\t\t<div class=\"file-dl-text\">Prenesi<\/div>\n\t\t\t\t\t<i class=\"fa fa-download file-dl-icon fa-dl-file\" aria-hidden=\"true\"><\/i>\n\t\t\t\t<\/a>\n\t\t\t\t\t<\/div>\n\n\t\t\t\t\n\t\t<div class=\"file-wrap \" id=\"\">\n\t\t\t\t\t\t\t<a href=\"https:\/\/www.belinal-fir.com\/wp-content\/uploads\/2026\/03\/belinal-weight-management_white-paper_2025.pdf\" target=\"_blank\">Belinal Weight management<\/a>\n\t\t\t\t<a href=\"https:\/\/www.belinal-fir.com\/wp-content\/uploads\/2026\/03\/belinal-weight-management_white-paper_2025.pdf\" target=\"_blank\" class=\"file-dl-btn\">\n\t\t\t\t\t<div class=\"file-dl-text\">Prenesi<\/div>\n\t\t\t\t\t<i class=\"fa fa-download file-dl-icon fa-dl-file\" aria-hidden=\"true\"><\/i>\n\t\t\t\t<\/a>\n\t\t\t\t\t<\/div>\n\n\t\t\t\t\n\t\t<div class=\"file-wrap \" id=\"\">\n\t\t\t\t\t\t\t<a href=\"https:\/\/www.belinal-fir.com\/wp-content\/uploads\/2026\/03\/belinal-white-paper-beauty-from-within-2025.pdf\" target=\"_blank\">Belinal white paper Beauty from within<\/a>\n\t\t\t\t<a href=\"https:\/\/www.belinal-fir.com\/wp-content\/uploads\/2026\/03\/belinal-white-paper-beauty-from-within-2025.pdf\" target=\"_blank\" class=\"file-dl-btn\">\n\t\t\t\t\t<div class=\"file-dl-text\">Prenesi<\/div>\n\t\t\t\t\t<i class=\"fa fa-download file-dl-icon fa-dl-file\" aria-hidden=\"true\"><\/i>\n\t\t\t\t<\/a>\n\t\t\t\t\t<\/div>\n\n\t\t\t\t\n\t\t<div class=\"file-wrap \" id=\"\">\n\t\t\t\t\t\t\t<a href=\"https:\/\/www.belinal-fir.com\/wp-content\/uploads\/2026\/03\/belinal-white-paper-gut-health-at-2026.pdf\" target=\"_blank\">Belinal White paper Gut health<\/a>\n\t\t\t\t<a href=\"https:\/\/www.belinal-fir.com\/wp-content\/uploads\/2026\/03\/belinal-white-paper-gut-health-at-2026.pdf\" target=\"_blank\" class=\"file-dl-btn\">\n\t\t\t\t\t<div class=\"file-dl-text\">Prenesi<\/div>\n\t\t\t\t\t<i class=\"fa fa-download file-dl-icon fa-dl-file\" aria-hidden=\"true\"><\/i>\n\t\t\t\t<\/a>\n\t\t\t\t\t<\/div>\n\n\t\t\t\t\n\t\t<div class=\"file-wrap \" id=\"\">\n\t\t\t\t\t\t\t<a href=\"https:\/\/www.belinal-fir.com\/wp-content\/uploads\/2026\/03\/belinal-white-paper-joint-health-at-2026.pdf\" target=\"_blank\">Belinal White paper Joint Health<\/a>\n\t\t\t\t<a href=\"https:\/\/www.belinal-fir.com\/wp-content\/uploads\/2026\/03\/belinal-white-paper-joint-health-at-2026.pdf\" target=\"_blank\" class=\"file-dl-btn\">\n\t\t\t\t\t<div class=\"file-dl-text\">Prenesi<\/div>\n\t\t\t\t\t<i class=\"fa fa-download file-dl-icon fa-dl-file\" aria-hidden=\"true\"><\/i>\n\t\t\t\t<\/a>\n\t\t\t\t\t<\/div>\n\n\t\t\t\t\n\t\t<div class=\"file-wrap \" id=\"\">\n\t\t\t\t\t\t\t<a href=\"https:\/\/www.belinal-fir.com\/wp-content\/uploads\/2026\/03\/belinal_white-paper_-cognitive-health-at-2026.pdf\" target=\"_blank\">Belinal_White paper_ Cognitive Health<\/a>\n\t\t\t\t<a href=\"https:\/\/www.belinal-fir.com\/wp-content\/uploads\/2026\/03\/belinal_white-paper_-cognitive-health-at-2026.pdf\" target=\"_blank\" class=\"file-dl-btn\">\n\t\t\t\t\t<div class=\"file-dl-text\">Prenesi<\/div>\n\t\t\t\t\t<i class=\"fa fa-download file-dl-icon fa-dl-file\" aria-hidden=\"true\"><\/i>\n\t\t\t\t<\/a>\n\t\t\t\t\t<\/div>\n\n\t\t[\/vc_column][\/vc_row]<\/p>\n<\/div>","protected":false},"excerpt":{"rendered":"<p>[vc_row full_width=&#8221;stretch_row_content_no_spaces&#8221; el_class=&#8221;sp-page-title&#8221;][vc_column][\/vc_column][\/vc_row][vc_row el_class=&#8221;sp-intro&#8221;][vc_column width=&#8221;1\/4&#8243; el_class=&#8221;c1&#8243;][\/vc_column][vc_column width=&#8221;3\/4&#8243; el_class=&#8221;c2&#8243;][vc_column_text] V na\u0161em strokovnem gradivu boste na\u0161li poglobljen pregled sestave, znanstvenih raziskav in dokazane u\u010dinkovitosti Belinal\u00ae. Dokumentacija je na voljo v angle\u0161kem jeziku.[\/vc_column_text][\/vc_column][\/vc_row]<\/p>\n","protected":false},"author":1,"featured_media":713,"parent":847,"menu_order":1,"comment_status":"closed","ping_status":"closed","template":"","meta":{"footnotes":""},"class_list":["post-845","page","type-page","status-publish","has-post-thumbnail","hentry"],"yoast_head":"<!-- This site is optimized with the Yoast SEO plugin v21.3 - https:\/\/yoast.com\/wordpress\/plugins\/seo\/ -->\n<title>Dokumenti za prenos - Belinal izvle\u010dek vej bele jelke<\/title>\n<meta name=\"description\" content=\"V na\u0161em strokovnem gradivu boste na\u0161li poglobljen pregled sestave, znanstvenih raziskav in dokazane u\u010dinkovitosti Belinal\u00ae. Dokumentacija je na voljo v angle\u0161kem jeziku.\" \/>\n<meta name=\"robots\" content=\"index, follow, max-snippet:-1, max-image-preview:large, max-video-preview:-1\" \/>\n<link rel=\"canonical\" href=\"https:\/\/www.belinal-fir.com\/sl\/znanstvena-podlaga\/dokumenti-za-prenos\/\" \/>\n<meta property=\"og:locale\" content=\"sl_SI\" \/>\n<meta property=\"og:type\" content=\"article\" \/>\n<meta property=\"og:title\" content=\"Dokumenti za prenos - Belinal izvle\u010dek vej bele jelke\" \/>\n<meta property=\"og:description\" content=\"[vc_row full_width=&#8221;stretch_row_content_no_spaces&#8221; el_class=&#8221;sp-page-title&#8221;][vc_column][\/vc_column][\/vc_row][vc_row el_class=&#8221;sp-intro&#8221;][vc_column width=&#8221;1\/4&#8243; el_class=&#8221;c1&#8243;][\/vc_column][vc_column width=&#8221;3\/4&#8243; el_class=&#8221;c2&#8243;][vc_column_text] V na\u0161em strokovnem gradivu boste na\u0161li poglobljen pregled sestave, znanstvenih raziskav in dokazane u\u010dinkovitosti Belinal\u00ae. Dokumentacija je na voljo v angle\u0161kem jeziku.[\/vc_column_text][\/vc_column][\/vc_row]\" \/>\n<meta property=\"og:url\" content=\"https:\/\/www.belinal-fir.com\/sl\/znanstvena-podlaga\/dokumenti-za-prenos\/\" \/>\n<meta property=\"og:site_name\" content=\"Belinal izvle\u010dek vej bele jelke\" \/>\n<meta property=\"article:modified_time\" content=\"2026-03-30T18:32:34+00:00\" \/>\n<meta property=\"og:image\" content=\"https:\/\/www.belinal-fir.com\/wp-content\/uploads\/2026\/03\/white-paper-download2.png\" \/>\n\t<meta property=\"og:image:width\" content=\"1536\" \/>\n\t<meta property=\"og:image:height\" content=\"1024\" \/>\n\t<meta property=\"og:image:type\" content=\"image\/png\" \/>\n<meta name=\"twitter:card\" content=\"summary_large_image\" \/>\n<meta name=\"twitter:label1\" content=\"Est. reading time\" \/>\n\t<meta name=\"twitter:data1\" content=\"1 minuta\" \/>\n<script type=\"application\/ld+json\" class=\"yoast-schema-graph\">{\"@context\":\"https:\/\/schema.org\",\"@graph\":[{\"@type\":\"WebPage\",\"@id\":\"https:\/\/www.belinal-fir.com\/sl\/znanstvena-podlaga\/dokumenti-za-prenos\/\",\"url\":\"https:\/\/www.belinal-fir.com\/sl\/znanstvena-podlaga\/dokumenti-za-prenos\/\",\"name\":\"Dokumenti za prenos - Belinal izvle\u010dek vej bele jelke\",\"isPartOf\":{\"@id\":\"https:\/\/www.belinal-fir.com\/#website\"},\"datePublished\":\"2024-02-21T15:10:53+00:00\",\"dateModified\":\"2026-03-30T18:32:34+00:00\",\"breadcrumb\":{\"@id\":\"https:\/\/www.belinal-fir.com\/sl\/znanstvena-podlaga\/dokumenti-za-prenos\/#breadcrumb\"},\"inLanguage\":\"sl-SI\",\"potentialAction\":[{\"@type\":\"ReadAction\",\"target\":[\"https:\/\/www.belinal-fir.com\/sl\/znanstvena-podlaga\/dokumenti-za-prenos\/\"]}]},{\"@type\":\"BreadcrumbList\",\"@id\":\"https:\/\/www.belinal-fir.com\/sl\/znanstvena-podlaga\/dokumenti-za-prenos\/#breadcrumb\",\"itemListElement\":[{\"@type\":\"ListItem\",\"position\":1,\"name\":\"Home\",\"item\":\"https:\/\/www.belinal-fir.com\/sl\/\"},{\"@type\":\"ListItem\",\"position\":2,\"name\":\"Znanstvena podlaga\",\"item\":\"https:\/\/www.belinal-fir.com\/sl\/znanstvena-podlaga\/\"},{\"@type\":\"ListItem\",\"position\":3,\"name\":\"Dokumenti za prenos\"}]},{\"@type\":\"WebSite\",\"@id\":\"https:\/\/www.belinal-fir.com\/#website\",\"url\":\"https:\/\/www.belinal-fir.com\/\",\"name\":\"Belinal izvle\u010dek vej bele jelke\",\"description\":\"\",\"potentialAction\":[{\"@type\":\"SearchAction\",\"target\":{\"@type\":\"EntryPoint\",\"urlTemplate\":\"https:\/\/www.belinal-fir.com\/?s={search_term_string}\"},\"query-input\":\"required name=search_term_string\"}],\"inLanguage\":\"sl-SI\"}]}<\/script>\n<!-- \/ Yoast SEO plugin. -->","yoast_head_json":{"title":"Dokumenti za prenos - Belinal izvle\u010dek vej bele jelke","description":"V na\u0161em strokovnem gradivu boste na\u0161li poglobljen pregled sestave, znanstvenih raziskav in dokazane u\u010dinkovitosti Belinal\u00ae. Dokumentacija je na voljo v angle\u0161kem jeziku.","robots":{"index":"index","follow":"follow","max-snippet":"max-snippet:-1","max-image-preview":"max-image-preview:large","max-video-preview":"max-video-preview:-1"},"canonical":"https:\/\/www.belinal-fir.com\/sl\/znanstvena-podlaga\/dokumenti-za-prenos\/","og_locale":"sl_SI","og_type":"article","og_title":"Dokumenti za prenos - Belinal izvle\u010dek vej bele jelke","og_description":"[vc_row full_width=&#8221;stretch_row_content_no_spaces&#8221; el_class=&#8221;sp-page-title&#8221;][vc_column][\/vc_column][\/vc_row][vc_row el_class=&#8221;sp-intro&#8221;][vc_column width=&#8221;1\/4&#8243; el_class=&#8221;c1&#8243;][\/vc_column][vc_column width=&#8221;3\/4&#8243; el_class=&#8221;c2&#8243;][vc_column_text] V na\u0161em strokovnem gradivu boste na\u0161li poglobljen pregled sestave, znanstvenih raziskav in dokazane u\u010dinkovitosti Belinal\u00ae. Dokumentacija je na voljo v angle\u0161kem jeziku.[\/vc_column_text][\/vc_column][\/vc_row]","og_url":"https:\/\/www.belinal-fir.com\/sl\/znanstvena-podlaga\/dokumenti-za-prenos\/","og_site_name":"Belinal izvle\u010dek vej bele jelke","article_modified_time":"2026-03-30T18:32:34+00:00","og_image":[{"width":1536,"height":1024,"url":"https:\/\/www.belinal-fir.com\/wp-content\/uploads\/2026\/03\/white-paper-download2.png","type":"image\/png"}],"twitter_card":"summary_large_image","twitter_misc":{"Est. reading time":"1 minuta"},"schema":{"@context":"https:\/\/schema.org","@graph":[{"@type":"WebPage","@id":"https:\/\/www.belinal-fir.com\/sl\/znanstvena-podlaga\/dokumenti-za-prenos\/","url":"https:\/\/www.belinal-fir.com\/sl\/znanstvena-podlaga\/dokumenti-za-prenos\/","name":"Dokumenti za prenos - Belinal izvle\u010dek vej bele jelke","isPartOf":{"@id":"https:\/\/www.belinal-fir.com\/#website"},"datePublished":"2024-02-21T15:10:53+00:00","dateModified":"2026-03-30T18:32:34+00:00","breadcrumb":{"@id":"https:\/\/www.belinal-fir.com\/sl\/znanstvena-podlaga\/dokumenti-za-prenos\/#breadcrumb"},"inLanguage":"sl-SI","potentialAction":[{"@type":"ReadAction","target":["https:\/\/www.belinal-fir.com\/sl\/znanstvena-podlaga\/dokumenti-za-prenos\/"]}]},{"@type":"BreadcrumbList","@id":"https:\/\/www.belinal-fir.com\/sl\/znanstvena-podlaga\/dokumenti-za-prenos\/#breadcrumb","itemListElement":[{"@type":"ListItem","position":1,"name":"Home","item":"https:\/\/www.belinal-fir.com\/sl\/"},{"@type":"ListItem","position":2,"name":"Znanstvena podlaga","item":"https:\/\/www.belinal-fir.com\/sl\/znanstvena-podlaga\/"},{"@type":"ListItem","position":3,"name":"Dokumenti za prenos"}]},{"@type":"WebSite","@id":"https:\/\/www.belinal-fir.com\/#website","url":"https:\/\/www.belinal-fir.com\/","name":"Belinal izvle\u010dek vej bele jelke","description":"","potentialAction":[{"@type":"SearchAction","target":{"@type":"EntryPoint","urlTemplate":"https:\/\/www.belinal-fir.com\/?s={search_term_string}"},"query-input":"required name=search_term_string"}],"inLanguage":"sl-SI"}]}},"_links":{"self":[{"href":"https:\/\/www.belinal-fir.com\/sl\/wp-json\/wp\/v2\/pages\/845","targetHints":{"allow":["GET"]}}],"collection":[{"href":"https:\/\/www.belinal-fir.com\/sl\/wp-json\/wp\/v2\/pages"}],"about":[{"href":"https:\/\/www.belinal-fir.com\/sl\/wp-json\/wp\/v2\/types\/page"}],"author":[{"embeddable":true,"href":"https:\/\/www.belinal-fir.com\/sl\/wp-json\/wp\/v2\/users\/1"}],"replies":[{"embeddable":true,"href":"https:\/\/www.belinal-fir.com\/sl\/wp-json\/wp\/v2\/comments?post=845"}],"version-history":[{"count":0,"href":"https:\/\/www.belinal-fir.com\/sl\/wp-json\/wp\/v2\/pages\/845\/revisions"}],"up":[{"embeddable":true,"href":"https:\/\/www.belinal-fir.com\/sl\/wp-json\/wp\/v2\/pages\/847"}],"wp:featuredmedia":[{"embeddable":true,"href":"https:\/\/www.belinal-fir.com\/sl\/wp-json\/wp\/v2\/media\/713"}],"wp:attachment":[{"href":"https:\/\/www.belinal-fir.com\/sl\/wp-json\/wp\/v2\/media?parent=845"}],"curies":[{"name":"wp","href":"https:\/\/api.w.org\/{rel}","templated":true}]}}