{"id":846,"date":"2024-02-21T15:10:04","date_gmt":"2024-02-21T15:10:04","guid":{"rendered":"https:\/\/www.belinal-fir.com\/science-and-research\/"},"modified":"2026-03-30T18:27:37","modified_gmt":"2026-03-30T18:27:37","slug":"znanost-in-raziskave","status":"publish","type":"page","link":"https:\/\/www.belinal-fir.com\/sl\/znanstvena-podlaga\/znanost-in-raziskave\/","title":{"rendered":"Znanost in raziskave"},"content":{"rendered":"<div class=\"wpb-content-wrapper\"><p>[vc_row full_width=&#8221;stretch_row_content_no_spaces&#8221; el_class=&#8221;sp-page-title&#8221;][vc_column]\t\t\n\t\t<div class=\"title-banner\" style=\"background-image: linear-gradient(rgba(0, 0, 0, 0.0),rgba(0, 0, 0, 0.0)),url();\">\n\t\t\t<div class=\"container\">\n\t\t\t\t<div class=\"breadcrumbs-container\">\n\t\t\t\t\t\t<div class=\"breadcrumbs\">\n\t\t\t\t\t\t\t\n\t<ul class=\"ns-breadcrumbs\">\n\t\t\t<li><a href=\"https:\/\/www.belinal-fir.com\/sl\/\">Home<\/a><\/li>\n\t\t\t\t\t<li><a href=\"https:\/\/www.belinal-fir.com\/sl\/znanstvena-podlaga\/\">Znanstvena podlaga<\/a><\/li>\n\t\t\t\t<li>Znanost in raziskave<\/li>\n\t<\/ul>\n\t\n\t\t\t\t\t\t\t\t<div class=\"clearfix\"><\/div>\n\t\t\t\t\t\t<\/div>\n\t\t\t\t<\/div>\n\t\t\t\t\t\t\t<\/div>\n\t\t<\/div>\n\n\t\t[\/vc_column][\/vc_row][vc_row el_class=&#8221;sp-intro&#8221;][vc_column width=&#8221;1\/4&#8243; el_class=&#8221;c1&#8243;]\t\n\t\t<nav class=\" sidenav \">\n\t\t<a href=\"https:\/\/www.belinal-fir.com\/sl\/znanstvena-podlaga\/\" class=\"sidenav-title\"><h2>Znanstvena podlaga<\/h2><\/a>\n\t\t<ul>\n\t\t<li class=\"page_item page-item-846\"><a href=\"https:\/\/www.belinal-fir.com\/sl\/znanstvena-podlaga\/znanost-in-raziskave\/\">Znanost in raziskave<\/a><\/li>\n<li class=\"page_item page-item-845\"><a href=\"https:\/\/www.belinal-fir.com\/sl\/znanstvena-podlaga\/dokumenti-za-prenos\/\">Dokumenti za prenos<\/a><\/li>\n\t   \t<\/ul>\n\t<\/nav>\n\t\n\t[\/vc_column][vc_column width=&#8221;3\/4&#8243; el_class=&#8221;c2&#8243;]\t\t\n\t\t<div class=\"title-banner\" style=\"background-image: url();\">\n\t\t\t<div class=\"container\">\n\t\t\t\t<h1 class=\"entry-title\">Znanost in raziskave<\/h1>\n\n\t\t\t\t\t\t\t<\/div>\n\t\t<\/div>\n\n\t\t[vc_row_inner][vc_column_inner][vc_column_text]Obse\u017ene raziskave so usmerjene v potrjevanje varnosti izvle\u010dka Belinal\u00ae ter njegovih koristi za zdravje ljudi. Znanstvene raziskave in klini\u010dne \u0161tudije potekajo v sodelovanju z Univerzo v Ljubljani in nacionalnimi klinikami.<\/p>\n<p>Povezana mre\u017ea univerz, medicinskih klini\u010dnih centrov in nacionalnih laboratorijev omogo\u010da razvoj u\u010dinkovite, varne in inovativne sestavine za svetovni trg izdelkov za zdravje in dobro po\u010dutje.<\/p>\n<p>Belinal\u00ae je za\u0161\u010diten s tremi patenti. Na voljo je kot aktivna sestavina v obliki pra\u0161ka za uporabo v prehranskih dopolnilih in kozmeti\u010dnih izdelkih.<\/p>\n<p>U\u010dinkovitost Belinal\u00ae potrjuje trdna znanstvena podlaga:<\/p>\n<ul>\n<li>30 znanstvenih in klini\u010dnih raziskav<\/li>\n<li>10 objav v recenziranih znanstvenih revijah<\/li>\n<\/ul>\n<h4>\u010ce i\u0161\u010dete novo sestavino za obogatitev kon\u010dnega izdelka, Belinal\u00ae prina\u0161a prepri\u010dljivo inovativnost in visoko dodano vrednost.<\/h4>\n<p>[\/vc_column_text][\/vc_column_inner][\/vc_row_inner][vc_single_image image=&#8221;220&#8243;][vc_column_text]<\/p>\n<p data-start=\"0\" data-end=\"186\">Laboratorijske raziskave prispevajo k potrjevanju varnosti in biolo\u0161ke uporabnosti izvle\u010dka Belinal\u00ae. Posebna pozornost je namenjena mehanizmom delovanja, ki vplivajo na zdravje in dobro po\u010dutje.<\/p>\n<p data-start=\"188\" data-end=\"277\">Klini\u010dne raziskave na ljudeh so potrdile koristi Belinal\u00ae za zdravje ter njegovo varnost.<\/p>\n<p data-start=\"279\" data-end=\"349\">\u010cistost in u\u010dinkovitost Belinal\u00ae se nenehno spremljata in analizirata.<\/p>\n<p data-start=\"279\" data-end=\"349\">Zagotavljamo stalno visoko kakovost izvle\u010dka Belinal\u00ae.<\/p>\n<h3 data-start=\"422\" data-end=\"473\">Strokovni \u010dlanki, objavljeni v znanstvenih revijah:<\/h3>\n<ol>\n<li>Debeljak J, Ferk P, \u010cokoli\u010d M, Zavratnik A, Tav\u010dar Benkovi\u0107 E, Kreft S, Strukelj B. <strong>Randomised, double blind, cross-over, placebo and active controlled human pharmacodynamic study on the influence of silver fir wood extract (Belinal) on post-prandial glycemic response<\/strong>. Pharmazie. 2016; 71(10).<\/li>\n<li>Dreven\u0161ek G, Lunder M, Tav\u010dar Benkovi\u010d E, Mikelj A, \u0160trukelj B, Kreft S. <strong>Silver fir (<em>Abies alba<\/em>) trunk extract protects Guinea pig arteries from impaired functional responses and morphology due to an atherogenic diet.<\/strong> Phytomedicine. 2015; 22(9)<\/li>\n<li>Dreven\u0161ek G, Lunder M, Tav\u010dar Benkovi\u0107 E, \u0160trukelj B, Kreft S. <strong>Cardioprotective effects of silver fir (<em>Abies alba<\/em>) extract in ischemic-reperfused isolated rat hearts<\/strong>. Food Nutr Res. 2016; 60(1).<\/li>\n<li>Tav\u010dar Benkovi\u0107 E, \u017digon D, Mihailovi\u0107 V, Petelinc T, Jamnik P, Kreft S<strong>. Identification, in vitro and in vivo Antioxidant Activity, and Gastrointestinal Stability of Lignans from Silver Fir (<em>Abies alba<\/em>) Wood Extract Belinal<\/strong>. J Wood Chem Technol [Internet]. 2017 Nov 2;37(6):467\u201377.<\/li>\n<li>Lunder M, Ro\u0161kar I, Ho\u0161ek J, \u0160trukelj B. <strong>Silver Fir (<em>Abies alba<\/em>) Extracts Inhibit Enzymes Involved in Blood Glucose Management and Protect against Oxidative Stress in High Glucose Environment<\/strong>. Plant Foods for Human Nutrition. 2019 Mar; 74(1): 47\u201353.<\/li>\n<li>Sirse M, Fokter K S, Strukelj B, Zupan J. <strong>Silver Fir (<em>Abies alba<\/em>) Polyphenolic Extract ( Belinal) Shows Beneficial Influence on Chondrogenesis In Vitro under Normal and Inflammatory Conditions. <\/strong>Molecules 2020, 25, 4616.<\/li>\n<li>Kreft S.<strong> Phytochemical, pharmacological and clinical studies of an extract prepared from silver fir branches Belinal\u00ae (<em>Abies alba<\/em>). <\/strong>Biologia Serbica, 2021, 43(1): 57-62.<\/li>\n<li>Stojanov S, Ravnikar M, Berlec A, Kreft S. <strong>Interaction between silver fir (<em>Abies alba<\/em>) wood water extract Belinal\u00ae and lactobacilli. <\/strong><em>Pharmazie 76 (2021)<\/em><\/li>\n<li>Schoss K. , Benedetic R. and Kreft S. <strong>The Phenolic Content, Antioxidative Properties and extractable Substances in Silver Fir Branch (<em>Abies alba<\/em> Mill.) Branches Decrease with Distance from the Trunk. <\/strong>Plants 2022, 11, 333<\/li>\n<\/ol>\n<p>[\/vc_column_text][\/vc_column][\/vc_row]<\/p>\n<\/div>","protected":false},"excerpt":{"rendered":"<p>[vc_row full_width=&#8221;stretch_row_content_no_spaces&#8221; el_class=&#8221;sp-page-title&#8221;][vc_column][\/vc_column][\/vc_row][vc_row el_class=&#8221;sp-intro&#8221;][vc_column width=&#8221;1\/4&#8243; el_class=&#8221;c1&#8243;][\/vc_column][vc_column width=&#8221;3\/4&#8243; el_class=&#8221;c2&#8243;][vc_row_inner][vc_column_inner][vc_column_text]Obse\u017ene raziskave so usmerjene v potrjevanje varnosti izvle\u010dka Belinal\u00ae ter njegovih koristi za zdravje ljudi. Znanstvene raziskave in klini\u010dne \u0161tudije potekajo v sodelovanju z Univerzo v Ljubljani in nacionalnimi klinikami. Povezana mre\u017ea univerz, medicinskih klini\u010dnih centrov in nacionalnih laboratorijev omogo\u010da razvoj u\u010dinkovite, varne in inovativne sestavine za svetovni trg izdelkov za zdravje in dobro po\u010dutje. Belinal\u00ae je za\u0161\u010diten s tremi patenti. Na voljo je kot aktivna sestavina v obliki pra\u0161ka za uporabo v prehranskih dopolnilih in kozmeti\u010dnih izdelkih. U\u010dinkovitost Belinal\u00ae potrjuje trdna znanstvena podlaga: 30 znanstvenih in klini\u010dnih raziskav 10 objav v recenziranih znanstvenih revijah \u010ce i\u0161\u010dete novo sestavino za obogatitev kon\u010dnega izdelka, Belinal\u00ae prina\u0161a prepri\u010dljivo inovativnost in visoko dodano vrednost. [\/vc_column_text][\/vc_column_inner][\/vc_row_inner][vc_single_image image=&#8221;220&#8243;][vc_column_text] [&hellip;]<\/p>\n","protected":false},"author":1,"featured_media":708,"parent":847,"menu_order":0,"comment_status":"closed","ping_status":"closed","template":"","meta":{"footnotes":""},"class_list":["post-846","page","type-page","status-publish","has-post-thumbnail","hentry"],"yoast_head":"<!-- This site is optimized with the Yoast SEO plugin v21.3 - https:\/\/yoast.com\/wordpress\/plugins\/seo\/ -->\n<title>Znanost in raziskave - Belinal izvle\u010dek vej bele jelke<\/title>\n<meta name=\"description\" content=\"Obse\u017ene raziskave so usmerjene v potrjevanje varnosti izvle\u010dka Belinal\u00ae ter njegovih koristi za zdravje ljudi. Znanstvene raziskave in klini\u010dne \u0161tudije potekajo v sodelovanju z Univerzo v Ljubljani in nacionalnimi klinikami.\" \/>\n<meta name=\"robots\" content=\"index, follow, max-snippet:-1, max-image-preview:large, max-video-preview:-1\" \/>\n<link rel=\"canonical\" href=\"https:\/\/www.belinal-fir.com\/sl\/znanstvena-podlaga\/znanost-in-raziskave\/\" \/>\n<meta property=\"og:locale\" content=\"sl_SI\" \/>\n<meta property=\"og:type\" content=\"article\" \/>\n<meta property=\"og:title\" content=\"Znanost in raziskave - Belinal izvle\u010dek vej bele jelke\" \/>\n<meta property=\"og:description\" content=\"[vc_row full_width=&#8221;stretch_row_content_no_spaces&#8221; el_class=&#8221;sp-page-title&#8221;][vc_column][\/vc_column][\/vc_row][vc_row el_class=&#8221;sp-intro&#8221;][vc_column width=&#8221;1\/4&#8243; el_class=&#8221;c1&#8243;][\/vc_column][vc_column width=&#8221;3\/4&#8243; el_class=&#8221;c2&#8243;][vc_row_inner][vc_column_inner][vc_column_text]Obse\u017ene raziskave so usmerjene v potrjevanje varnosti izvle\u010dka Belinal\u00ae ter njegovih koristi za zdravje ljudi. Znanstvene raziskave in klini\u010dne \u0161tudije potekajo v sodelovanju z Univerzo v Ljubljani in nacionalnimi klinikami. Povezana mre\u017ea univerz, medicinskih klini\u010dnih centrov in nacionalnih laboratorijev omogo\u010da razvoj u\u010dinkovite, varne in inovativne sestavine za svetovni trg izdelkov za zdravje in dobro po\u010dutje. Belinal\u00ae je za\u0161\u010diten s tremi patenti. Na voljo je kot aktivna sestavina v obliki pra\u0161ka za uporabo v prehranskih dopolnilih in kozmeti\u010dnih izdelkih. U\u010dinkovitost Belinal\u00ae potrjuje trdna znanstvena podlaga: 30 znanstvenih in klini\u010dnih raziskav 10 objav v recenziranih znanstvenih revijah \u010ce i\u0161\u010dete novo sestavino za obogatitev kon\u010dnega izdelka, Belinal\u00ae prina\u0161a prepri\u010dljivo inovativnost in visoko dodano vrednost. [\/vc_column_text][\/vc_column_inner][\/vc_row_inner][vc_single_image image=&#8221;220&#8243;][vc_column_text] [&hellip;]\" \/>\n<meta property=\"og:url\" content=\"https:\/\/www.belinal-fir.com\/sl\/znanstvena-podlaga\/znanost-in-raziskave\/\" \/>\n<meta property=\"og:site_name\" content=\"Belinal izvle\u010dek vej bele jelke\" \/>\n<meta property=\"article:modified_time\" content=\"2026-03-30T18:27:37+00:00\" \/>\n<meta property=\"og:image\" content=\"https:\/\/www.belinal-fir.com\/wp-content\/uploads\/2026\/03\/sciense-and-research-scaled.jpg\" \/>\n\t<meta property=\"og:image:width\" content=\"2560\" \/>\n\t<meta property=\"og:image:height\" content=\"1702\" \/>\n\t<meta property=\"og:image:type\" content=\"image\/jpeg\" \/>\n<meta name=\"twitter:card\" content=\"summary_large_image\" \/>\n<meta name=\"twitter:label1\" content=\"Est. reading time\" \/>\n\t<meta name=\"twitter:data1\" content=\"3 minute\" \/>\n<script type=\"application\/ld+json\" class=\"yoast-schema-graph\">{\"@context\":\"https:\/\/schema.org\",\"@graph\":[{\"@type\":\"WebPage\",\"@id\":\"https:\/\/www.belinal-fir.com\/sl\/znanstvena-podlaga\/znanost-in-raziskave\/\",\"url\":\"https:\/\/www.belinal-fir.com\/sl\/znanstvena-podlaga\/znanost-in-raziskave\/\",\"name\":\"Znanost in raziskave - Belinal izvle\u010dek vej bele jelke\",\"isPartOf\":{\"@id\":\"https:\/\/www.belinal-fir.com\/#website\"},\"datePublished\":\"2024-02-21T15:10:04+00:00\",\"dateModified\":\"2026-03-30T18:27:37+00:00\",\"breadcrumb\":{\"@id\":\"https:\/\/www.belinal-fir.com\/sl\/znanstvena-podlaga\/znanost-in-raziskave\/#breadcrumb\"},\"inLanguage\":\"sl-SI\",\"potentialAction\":[{\"@type\":\"ReadAction\",\"target\":[\"https:\/\/www.belinal-fir.com\/sl\/znanstvena-podlaga\/znanost-in-raziskave\/\"]}]},{\"@type\":\"BreadcrumbList\",\"@id\":\"https:\/\/www.belinal-fir.com\/sl\/znanstvena-podlaga\/znanost-in-raziskave\/#breadcrumb\",\"itemListElement\":[{\"@type\":\"ListItem\",\"position\":1,\"name\":\"Home\",\"item\":\"https:\/\/www.belinal-fir.com\/sl\/\"},{\"@type\":\"ListItem\",\"position\":2,\"name\":\"Znanstvena podlaga\",\"item\":\"https:\/\/www.belinal-fir.com\/sl\/znanstvena-podlaga\/\"},{\"@type\":\"ListItem\",\"position\":3,\"name\":\"Znanost in raziskave\"}]},{\"@type\":\"WebSite\",\"@id\":\"https:\/\/www.belinal-fir.com\/#website\",\"url\":\"https:\/\/www.belinal-fir.com\/\",\"name\":\"Belinal izvle\u010dek vej bele jelke\",\"description\":\"\",\"potentialAction\":[{\"@type\":\"SearchAction\",\"target\":{\"@type\":\"EntryPoint\",\"urlTemplate\":\"https:\/\/www.belinal-fir.com\/?s={search_term_string}\"},\"query-input\":\"required name=search_term_string\"}],\"inLanguage\":\"sl-SI\"}]}<\/script>\n<!-- \/ Yoast SEO plugin. -->","yoast_head_json":{"title":"Znanost in raziskave - Belinal izvle\u010dek vej bele jelke","description":"Obse\u017ene raziskave so usmerjene v potrjevanje varnosti izvle\u010dka Belinal\u00ae ter njegovih koristi za zdravje ljudi. Znanstvene raziskave in klini\u010dne \u0161tudije potekajo v sodelovanju z Univerzo v Ljubljani in nacionalnimi klinikami.","robots":{"index":"index","follow":"follow","max-snippet":"max-snippet:-1","max-image-preview":"max-image-preview:large","max-video-preview":"max-video-preview:-1"},"canonical":"https:\/\/www.belinal-fir.com\/sl\/znanstvena-podlaga\/znanost-in-raziskave\/","og_locale":"sl_SI","og_type":"article","og_title":"Znanost in raziskave - Belinal izvle\u010dek vej bele jelke","og_description":"[vc_row full_width=&#8221;stretch_row_content_no_spaces&#8221; el_class=&#8221;sp-page-title&#8221;][vc_column][\/vc_column][\/vc_row][vc_row el_class=&#8221;sp-intro&#8221;][vc_column width=&#8221;1\/4&#8243; el_class=&#8221;c1&#8243;][\/vc_column][vc_column width=&#8221;3\/4&#8243; el_class=&#8221;c2&#8243;][vc_row_inner][vc_column_inner][vc_column_text]Obse\u017ene raziskave so usmerjene v potrjevanje varnosti izvle\u010dka Belinal\u00ae ter njegovih koristi za zdravje ljudi. Znanstvene raziskave in klini\u010dne \u0161tudije potekajo v sodelovanju z Univerzo v Ljubljani in nacionalnimi klinikami. Povezana mre\u017ea univerz, medicinskih klini\u010dnih centrov in nacionalnih laboratorijev omogo\u010da razvoj u\u010dinkovite, varne in inovativne sestavine za svetovni trg izdelkov za zdravje in dobro po\u010dutje. Belinal\u00ae je za\u0161\u010diten s tremi patenti. Na voljo je kot aktivna sestavina v obliki pra\u0161ka za uporabo v prehranskih dopolnilih in kozmeti\u010dnih izdelkih. U\u010dinkovitost Belinal\u00ae potrjuje trdna znanstvena podlaga: 30 znanstvenih in klini\u010dnih raziskav 10 objav v recenziranih znanstvenih revijah \u010ce i\u0161\u010dete novo sestavino za obogatitev kon\u010dnega izdelka, Belinal\u00ae prina\u0161a prepri\u010dljivo inovativnost in visoko dodano vrednost. [\/vc_column_text][\/vc_column_inner][\/vc_row_inner][vc_single_image image=&#8221;220&#8243;][vc_column_text] [&hellip;]","og_url":"https:\/\/www.belinal-fir.com\/sl\/znanstvena-podlaga\/znanost-in-raziskave\/","og_site_name":"Belinal izvle\u010dek vej bele jelke","article_modified_time":"2026-03-30T18:27:37+00:00","og_image":[{"width":2560,"height":1702,"url":"https:\/\/www.belinal-fir.com\/wp-content\/uploads\/2026\/03\/sciense-and-research-scaled.jpg","type":"image\/jpeg"}],"twitter_card":"summary_large_image","twitter_misc":{"Est. reading time":"3 minute"},"schema":{"@context":"https:\/\/schema.org","@graph":[{"@type":"WebPage","@id":"https:\/\/www.belinal-fir.com\/sl\/znanstvena-podlaga\/znanost-in-raziskave\/","url":"https:\/\/www.belinal-fir.com\/sl\/znanstvena-podlaga\/znanost-in-raziskave\/","name":"Znanost in raziskave - Belinal izvle\u010dek vej bele jelke","isPartOf":{"@id":"https:\/\/www.belinal-fir.com\/#website"},"datePublished":"2024-02-21T15:10:04+00:00","dateModified":"2026-03-30T18:27:37+00:00","breadcrumb":{"@id":"https:\/\/www.belinal-fir.com\/sl\/znanstvena-podlaga\/znanost-in-raziskave\/#breadcrumb"},"inLanguage":"sl-SI","potentialAction":[{"@type":"ReadAction","target":["https:\/\/www.belinal-fir.com\/sl\/znanstvena-podlaga\/znanost-in-raziskave\/"]}]},{"@type":"BreadcrumbList","@id":"https:\/\/www.belinal-fir.com\/sl\/znanstvena-podlaga\/znanost-in-raziskave\/#breadcrumb","itemListElement":[{"@type":"ListItem","position":1,"name":"Home","item":"https:\/\/www.belinal-fir.com\/sl\/"},{"@type":"ListItem","position":2,"name":"Znanstvena podlaga","item":"https:\/\/www.belinal-fir.com\/sl\/znanstvena-podlaga\/"},{"@type":"ListItem","position":3,"name":"Znanost in raziskave"}]},{"@type":"WebSite","@id":"https:\/\/www.belinal-fir.com\/#website","url":"https:\/\/www.belinal-fir.com\/","name":"Belinal izvle\u010dek vej bele jelke","description":"","potentialAction":[{"@type":"SearchAction","target":{"@type":"EntryPoint","urlTemplate":"https:\/\/www.belinal-fir.com\/?s={search_term_string}"},"query-input":"required name=search_term_string"}],"inLanguage":"sl-SI"}]}},"_links":{"self":[{"href":"https:\/\/www.belinal-fir.com\/sl\/wp-json\/wp\/v2\/pages\/846","targetHints":{"allow":["GET"]}}],"collection":[{"href":"https:\/\/www.belinal-fir.com\/sl\/wp-json\/wp\/v2\/pages"}],"about":[{"href":"https:\/\/www.belinal-fir.com\/sl\/wp-json\/wp\/v2\/types\/page"}],"author":[{"embeddable":true,"href":"https:\/\/www.belinal-fir.com\/sl\/wp-json\/wp\/v2\/users\/1"}],"replies":[{"embeddable":true,"href":"https:\/\/www.belinal-fir.com\/sl\/wp-json\/wp\/v2\/comments?post=846"}],"version-history":[{"count":0,"href":"https:\/\/www.belinal-fir.com\/sl\/wp-json\/wp\/v2\/pages\/846\/revisions"}],"up":[{"embeddable":true,"href":"https:\/\/www.belinal-fir.com\/sl\/wp-json\/wp\/v2\/pages\/847"}],"wp:featuredmedia":[{"embeddable":true,"href":"https:\/\/www.belinal-fir.com\/sl\/wp-json\/wp\/v2\/media\/708"}],"wp:attachment":[{"href":"https:\/\/www.belinal-fir.com\/sl\/wp-json\/wp\/v2\/media?parent=846"}],"curies":[{"name":"wp","href":"https:\/\/api.w.org\/{rel}","templated":true}]}}