{"id":847,"date":"2024-02-21T15:09:02","date_gmt":"2024-02-21T15:09:02","guid":{"rendered":"https:\/\/www.belinal-fir.com\/science-behind\/"},"modified":"2026-03-30T16:59:50","modified_gmt":"2026-03-30T16:59:50","slug":"znanstvena-podlaga","status":"publish","type":"page","link":"https:\/\/www.belinal-fir.com\/sl\/znanstvena-podlaga\/","title":{"rendered":"Znanstvena podlaga"},"content":{"rendered":"<div class=\"wpb-content-wrapper\"><p>[vc_row full_width=&#8221;stretch_row_content_no_spaces&#8221; el_class=&#8221;sp-page-title&#8221;][vc_column]\t\t\n\t\t<div class=\"title-banner\" style=\"background-image: linear-gradient(rgba(0, 0, 0, 0.0),rgba(0, 0, 0, 0.0)),url();\">\n\t\t\t<div class=\"container\">\n\t\t\t\t<div class=\"breadcrumbs-container\">\n\t\t\t\t\t\t<div class=\"breadcrumbs\">\n\t\t\t\t\t\t\t\n\t<ul class=\"ns-breadcrumbs\">\n\t\t\t<li><a href=\"https:\/\/www.belinal-fir.com\/sl\/\">Home<\/a><\/li>\n\t\t\t\t<li>Znanstvena podlaga<\/li>\n\t<\/ul>\n\t\n\t\t\t\t\t\t\t\t<div class=\"clearfix\"><\/div>\n\t\t\t\t\t\t<\/div>\n\t\t\t\t<\/div>\n\t\t\t\t\t\t\t\t\t<h1 class=\"entry-title\">Znanstvena podlaga<\/h1>\n\t\t\t\t\t\t\t<\/div>\n\t\t<\/div>\n\n\t\t[\/vc_column][\/vc_row][vc_row][vc_column][vc_column_text]Belinal\u00ae temelji na obse\u017enih znanstvenih raziskavah in klini\u010dnih \u0161tudijah, ki potrjujejo njegovo varnost, u\u010dinkovitost in biolo\u0161ko uporabnost. Razvit je bil v sodelovanju z vodilnimi ustanovami, kot so Univerza v Ljubljani, nacionalne klinike in mednarodna raziskovalna mre\u017ea, zato predstavlja inovativno in zanesljivo sestavino za podro\u010dje zdravja in dobrega po\u010dutja. Njegove u\u010dinke potrjuje 30 znanstvenih in klini\u010dnih raziskav ter 10 objav v recenziranih znanstvenih revijah, kar dodatno potrjuje njegove koristi za zdravje. Stalne laboratorijske analize in klini\u010dna presku\u0161anja na ljudeh zagotavljajo enakomerno \u010distost, u\u010dinkovitost in varnost, napredne raziskave mehanizmov delovanja pa omogo\u010dajo globlji vpogled v njegov vpliv na splo\u0161no dobro po\u010dutje.[\/vc_column_text]          \n\n\n              \n                  <div class=\"subcat-wrap subcat-wrap-slider\" id=\"69ed025c3d8eb\">\n    \n\n                        <div class=\"subcat-cont\">\n              <a href=\"https:\/\/www.belinal-fir.com\/sl\/znanstvena-podlaga\/znanost-in-raziskave\/\" class=\"subcat-item\">\n                <div>\n                    <div class=\"image\">\n                      <img decoding=\"async\" src=\"https:\/\/www.belinal-fir.com\/wp-content\/uploads\/2026\/03\/sciense-and-research-scaled.jpg\">\n                      <div class=\"svg\"><svg xmlns=\"http:\/\/www.w3.org\/2000\/svg\" width=\"33\" height=\"33\" viewBox=\"0 0 33 33\"><g id=\"Group_39\" data-name=\"Group 39\" transform=\"translate(-1.5 -1.5)\"><path id=\"Path_493\" data-name=\"Path 493\" d=\"M33,18A15,15,0,1,1,18,3,15,15,0,0,1,33,18Z\" fill=\"none\" stroke=\"#fff\" stroke-linecap=\"round\" stroke-linejoin=\"round\" stroke-width=\"3\"\/><path id=\"Path_494\" data-name=\"Path 494\" d=\"M-303.861-1973.939a1.5,1.5,0,0,1,0-2.121l3.439-3.439H-308.8a1.5,1.5,0,0,1-1.5-1.5,1.5,1.5,0,0,1,1.5-1.5h8.378l-3.439-3.439a1.5,1.5,0,0,1,0-2.121,1.5,1.5,0,0,1,2.121,0l6,6a1.5,1.5,0,0,1,.416,1.325v.006l-.006.03,0,.008-.006.027,0,.01-.006.026,0,.008-.008.028,0,.006-.01.032h0a1.487,1.487,0,0,1-.229.45l-.012.016-.007.009-.019.024,0,0a1.508,1.508,0,0,1-.121.131l-5.982,5.982a1.492,1.492,0,0,1-1.06.439A1.494,1.494,0,0,1-303.861-1973.939Z\" transform=\"translate(320.8 1999)\" fill=\"#fff\"\/><\/g><\/svg><\/div>\n                    <\/div>\n                    <div class=\"text\">\n                      <h3>Znanost in raziskave<\/h3>                      <p><\/p>\n                    <\/div>\n                    \n                                        <\/a> \n                <\/div>\n              <\/a>\n            <\/div>\n                        <div class=\"subcat-cont\">\n              <a href=\"https:\/\/www.belinal-fir.com\/sl\/znanstvena-podlaga\/dokumenti-za-prenos\/\" class=\"subcat-item\">\n                <div>\n                    <div class=\"image\">\n                      <img decoding=\"async\" src=\"https:\/\/www.belinal-fir.com\/wp-content\/uploads\/2026\/03\/white-paper-download2.png\">\n                      <div class=\"svg\"><svg xmlns=\"http:\/\/www.w3.org\/2000\/svg\" width=\"33\" height=\"33\" viewBox=\"0 0 33 33\"><g id=\"Group_39\" data-name=\"Group 39\" transform=\"translate(-1.5 -1.5)\"><path id=\"Path_493\" data-name=\"Path 493\" d=\"M33,18A15,15,0,1,1,18,3,15,15,0,0,1,33,18Z\" fill=\"none\" stroke=\"#fff\" stroke-linecap=\"round\" stroke-linejoin=\"round\" stroke-width=\"3\"\/><path id=\"Path_494\" data-name=\"Path 494\" d=\"M-303.861-1973.939a1.5,1.5,0,0,1,0-2.121l3.439-3.439H-308.8a1.5,1.5,0,0,1-1.5-1.5,1.5,1.5,0,0,1,1.5-1.5h8.378l-3.439-3.439a1.5,1.5,0,0,1,0-2.121,1.5,1.5,0,0,1,2.121,0l6,6a1.5,1.5,0,0,1,.416,1.325v.006l-.006.03,0,.008-.006.027,0,.01-.006.026,0,.008-.008.028,0,.006-.01.032h0a1.487,1.487,0,0,1-.229.45l-.012.016-.007.009-.019.024,0,0a1.508,1.508,0,0,1-.121.131l-5.982,5.982a1.492,1.492,0,0,1-1.06.439A1.494,1.494,0,0,1-303.861-1973.939Z\" transform=\"translate(320.8 1999)\" fill=\"#fff\"\/><\/g><\/svg><\/div>\n                    <\/div>\n                    <div class=\"text\">\n                      <h3>Dokumenti za prenos<\/h3>                      <p><\/p>\n                    <\/div>\n                    \n                                        <\/a> \n                <\/div>\n              <\/a>\n            <\/div>\n                    <\/div>\n        \n\n\n\n                \n        \n    \n        [\/vc_column][\/vc_row]<\/p>\n<\/div>","protected":false},"excerpt":{"rendered":"<p>[vc_row full_width=&#8221;stretch_row_content_no_spaces&#8221; el_class=&#8221;sp-page-title&#8221;][vc_column][\/vc_column][\/vc_row][vc_row][vc_column][vc_column_text]Belinal\u00ae temelji na obse\u017enih znanstvenih raziskavah in klini\u010dnih \u0161tudijah, ki potrjujejo njegovo varnost, u\u010dinkovitost in biolo\u0161ko uporabnost. Razvit je bil v sodelovanju z vodilnimi ustanovami, kot so Univerza v Ljubljani, nacionalne klinike in mednarodna raziskovalna mre\u017ea, zato predstavlja inovativno in zanesljivo sestavino za podro\u010dje zdravja in dobrega po\u010dutja. Njegove u\u010dinke potrjuje 30 znanstvenih in klini\u010dnih raziskav ter 10 objav v recenziranih znanstvenih revijah, kar dodatno potrjuje njegove koristi za zdravje. Stalne laboratorijske analize in klini\u010dna presku\u0161anja na ljudeh zagotavljajo enakomerno \u010distost, u\u010dinkovitost in varnost, napredne raziskave mehanizmov delovanja pa omogo\u010dajo globlji vpogled v njegov vpliv na splo\u0161no dobro po\u010dutje.[\/vc_column_text][\/vc_column][\/vc_row]<\/p>\n","protected":false},"author":1,"featured_media":0,"parent":0,"menu_order":3,"comment_status":"closed","ping_status":"closed","template":"","meta":{"footnotes":""},"class_list":["post-847","page","type-page","status-publish","hentry"],"yoast_head":"<!-- This site is optimized with the Yoast SEO plugin v21.3 - https:\/\/yoast.com\/wordpress\/plugins\/seo\/ -->\n<title>Znanstvena podlaga - Belinal izvle\u010dek vej bele jelke<\/title>\n<meta name=\"description\" content=\"Belinal\u00ae temelji na obse\u017enih znanstvenih raziskavah in klini\u010dnih \u0161tudijah, ki potrjujejo njegovo varnost, u\u010dinkovitost in biolo\u0161ko uporabnost. Razvit je bil v sodelovanju z vodilnimi ustanovami, kot so Univerza v Ljubljani,\" \/>\n<meta name=\"robots\" content=\"index, follow, max-snippet:-1, max-image-preview:large, max-video-preview:-1\" \/>\n<link rel=\"canonical\" href=\"https:\/\/www.belinal-fir.com\/sl\/znanstvena-podlaga\/\" \/>\n<meta property=\"og:locale\" content=\"sl_SI\" \/>\n<meta property=\"og:type\" content=\"article\" \/>\n<meta property=\"og:title\" content=\"Znanstvena podlaga - Belinal izvle\u010dek vej bele jelke\" \/>\n<meta property=\"og:description\" content=\"[vc_row full_width=&#8221;stretch_row_content_no_spaces&#8221; el_class=&#8221;sp-page-title&#8221;][vc_column][\/vc_column][\/vc_row][vc_row][vc_column][vc_column_text]Belinal\u00ae temelji na obse\u017enih znanstvenih raziskavah in klini\u010dnih \u0161tudijah, ki potrjujejo njegovo varnost, u\u010dinkovitost in biolo\u0161ko uporabnost. Razvit je bil v sodelovanju z vodilnimi ustanovami, kot so Univerza v Ljubljani, nacionalne klinike in mednarodna raziskovalna mre\u017ea, zato predstavlja inovativno in zanesljivo sestavino za podro\u010dje zdravja in dobrega po\u010dutja. Njegove u\u010dinke potrjuje 30 znanstvenih in klini\u010dnih raziskav ter 10 objav v recenziranih znanstvenih revijah, kar dodatno potrjuje njegove koristi za zdravje. Stalne laboratorijske analize in klini\u010dna presku\u0161anja na ljudeh zagotavljajo enakomerno \u010distost, u\u010dinkovitost in varnost, napredne raziskave mehanizmov delovanja pa omogo\u010dajo globlji vpogled v njegov vpliv na splo\u0161no dobro po\u010dutje.[\/vc_column_text][\/vc_column][\/vc_row]\" \/>\n<meta property=\"og:url\" content=\"https:\/\/www.belinal-fir.com\/sl\/znanstvena-podlaga\/\" \/>\n<meta property=\"og:site_name\" content=\"Belinal izvle\u010dek vej bele jelke\" \/>\n<meta property=\"article:modified_time\" content=\"2026-03-30T16:59:50+00:00\" \/>\n<meta name=\"twitter:card\" content=\"summary_large_image\" \/>\n<meta name=\"twitter:label1\" content=\"Est. reading time\" \/>\n\t<meta name=\"twitter:data1\" content=\"1 minuta\" \/>\n<script type=\"application\/ld+json\" class=\"yoast-schema-graph\">{\"@context\":\"https:\/\/schema.org\",\"@graph\":[{\"@type\":\"WebPage\",\"@id\":\"https:\/\/www.belinal-fir.com\/sl\/znanstvena-podlaga\/\",\"url\":\"https:\/\/www.belinal-fir.com\/sl\/znanstvena-podlaga\/\",\"name\":\"Znanstvena podlaga - Belinal izvle\u010dek vej bele jelke\",\"isPartOf\":{\"@id\":\"https:\/\/www.belinal-fir.com\/#website\"},\"datePublished\":\"2024-02-21T15:09:02+00:00\",\"dateModified\":\"2026-03-30T16:59:50+00:00\",\"breadcrumb\":{\"@id\":\"https:\/\/www.belinal-fir.com\/sl\/znanstvena-podlaga\/#breadcrumb\"},\"inLanguage\":\"sl-SI\",\"potentialAction\":[{\"@type\":\"ReadAction\",\"target\":[\"https:\/\/www.belinal-fir.com\/sl\/znanstvena-podlaga\/\"]}]},{\"@type\":\"BreadcrumbList\",\"@id\":\"https:\/\/www.belinal-fir.com\/sl\/znanstvena-podlaga\/#breadcrumb\",\"itemListElement\":[{\"@type\":\"ListItem\",\"position\":1,\"name\":\"Home\",\"item\":\"https:\/\/www.belinal-fir.com\/sl\/\"},{\"@type\":\"ListItem\",\"position\":2,\"name\":\"Znanstvena podlaga\"}]},{\"@type\":\"WebSite\",\"@id\":\"https:\/\/www.belinal-fir.com\/#website\",\"url\":\"https:\/\/www.belinal-fir.com\/\",\"name\":\"Belinal izvle\u010dek vej bele jelke\",\"description\":\"\",\"potentialAction\":[{\"@type\":\"SearchAction\",\"target\":{\"@type\":\"EntryPoint\",\"urlTemplate\":\"https:\/\/www.belinal-fir.com\/?s={search_term_string}\"},\"query-input\":\"required name=search_term_string\"}],\"inLanguage\":\"sl-SI\"}]}<\/script>\n<!-- \/ Yoast SEO plugin. -->","yoast_head_json":{"title":"Znanstvena podlaga - Belinal izvle\u010dek vej bele jelke","description":"Belinal\u00ae temelji na obse\u017enih znanstvenih raziskavah in klini\u010dnih \u0161tudijah, ki potrjujejo njegovo varnost, u\u010dinkovitost in biolo\u0161ko uporabnost. Razvit je bil v sodelovanju z vodilnimi ustanovami, kot so Univerza v Ljubljani,","robots":{"index":"index","follow":"follow","max-snippet":"max-snippet:-1","max-image-preview":"max-image-preview:large","max-video-preview":"max-video-preview:-1"},"canonical":"https:\/\/www.belinal-fir.com\/sl\/znanstvena-podlaga\/","og_locale":"sl_SI","og_type":"article","og_title":"Znanstvena podlaga - Belinal izvle\u010dek vej bele jelke","og_description":"[vc_row full_width=&#8221;stretch_row_content_no_spaces&#8221; el_class=&#8221;sp-page-title&#8221;][vc_column][\/vc_column][\/vc_row][vc_row][vc_column][vc_column_text]Belinal\u00ae temelji na obse\u017enih znanstvenih raziskavah in klini\u010dnih \u0161tudijah, ki potrjujejo njegovo varnost, u\u010dinkovitost in biolo\u0161ko uporabnost. Razvit je bil v sodelovanju z vodilnimi ustanovami, kot so Univerza v Ljubljani, nacionalne klinike in mednarodna raziskovalna mre\u017ea, zato predstavlja inovativno in zanesljivo sestavino za podro\u010dje zdravja in dobrega po\u010dutja. Njegove u\u010dinke potrjuje 30 znanstvenih in klini\u010dnih raziskav ter 10 objav v recenziranih znanstvenih revijah, kar dodatno potrjuje njegove koristi za zdravje. Stalne laboratorijske analize in klini\u010dna presku\u0161anja na ljudeh zagotavljajo enakomerno \u010distost, u\u010dinkovitost in varnost, napredne raziskave mehanizmov delovanja pa omogo\u010dajo globlji vpogled v njegov vpliv na splo\u0161no dobro po\u010dutje.[\/vc_column_text][\/vc_column][\/vc_row]","og_url":"https:\/\/www.belinal-fir.com\/sl\/znanstvena-podlaga\/","og_site_name":"Belinal izvle\u010dek vej bele jelke","article_modified_time":"2026-03-30T16:59:50+00:00","twitter_card":"summary_large_image","twitter_misc":{"Est. reading time":"1 minuta"},"schema":{"@context":"https:\/\/schema.org","@graph":[{"@type":"WebPage","@id":"https:\/\/www.belinal-fir.com\/sl\/znanstvena-podlaga\/","url":"https:\/\/www.belinal-fir.com\/sl\/znanstvena-podlaga\/","name":"Znanstvena podlaga - Belinal izvle\u010dek vej bele jelke","isPartOf":{"@id":"https:\/\/www.belinal-fir.com\/#website"},"datePublished":"2024-02-21T15:09:02+00:00","dateModified":"2026-03-30T16:59:50+00:00","breadcrumb":{"@id":"https:\/\/www.belinal-fir.com\/sl\/znanstvena-podlaga\/#breadcrumb"},"inLanguage":"sl-SI","potentialAction":[{"@type":"ReadAction","target":["https:\/\/www.belinal-fir.com\/sl\/znanstvena-podlaga\/"]}]},{"@type":"BreadcrumbList","@id":"https:\/\/www.belinal-fir.com\/sl\/znanstvena-podlaga\/#breadcrumb","itemListElement":[{"@type":"ListItem","position":1,"name":"Home","item":"https:\/\/www.belinal-fir.com\/sl\/"},{"@type":"ListItem","position":2,"name":"Znanstvena podlaga"}]},{"@type":"WebSite","@id":"https:\/\/www.belinal-fir.com\/#website","url":"https:\/\/www.belinal-fir.com\/","name":"Belinal izvle\u010dek vej bele jelke","description":"","potentialAction":[{"@type":"SearchAction","target":{"@type":"EntryPoint","urlTemplate":"https:\/\/www.belinal-fir.com\/?s={search_term_string}"},"query-input":"required name=search_term_string"}],"inLanguage":"sl-SI"}]}},"_links":{"self":[{"href":"https:\/\/www.belinal-fir.com\/sl\/wp-json\/wp\/v2\/pages\/847","targetHints":{"allow":["GET"]}}],"collection":[{"href":"https:\/\/www.belinal-fir.com\/sl\/wp-json\/wp\/v2\/pages"}],"about":[{"href":"https:\/\/www.belinal-fir.com\/sl\/wp-json\/wp\/v2\/types\/page"}],"author":[{"embeddable":true,"href":"https:\/\/www.belinal-fir.com\/sl\/wp-json\/wp\/v2\/users\/1"}],"replies":[{"embeddable":true,"href":"https:\/\/www.belinal-fir.com\/sl\/wp-json\/wp\/v2\/comments?post=847"}],"version-history":[{"count":0,"href":"https:\/\/www.belinal-fir.com\/sl\/wp-json\/wp\/v2\/pages\/847\/revisions"}],"wp:attachment":[{"href":"https:\/\/www.belinal-fir.com\/sl\/wp-json\/wp\/v2\/media?parent=847"}],"curies":[{"name":"wp","href":"https:\/\/api.w.org\/{rel}","templated":true}]}}