{"id":848,"date":"2024-02-21T15:01:09","date_gmt":"2024-02-21T15:01:09","guid":{"rendered":"https:\/\/www.belinal-fir.com\/sustainability\/"},"modified":"2026-04-06T17:35:30","modified_gmt":"2026-04-06T17:35:30","slug":"trajnost","status":"publish","type":"page","link":"https:\/\/www.belinal-fir.com\/sl\/belinal-izvlecek\/trajnost\/","title":{"rendered":"Trajnost"},"content":{"rendered":"<div class=\"wpb-content-wrapper\"><p>[vc_row full_width=&#8221;stretch_row_content_no_spaces&#8221; el_class=&#8221;sp-page-title&#8221;][vc_column]\t\t\n\t\t<div class=\"title-banner\" style=\"background-image: linear-gradient(rgba(0, 0, 0, 0.0),rgba(0, 0, 0, 0.0)),url();\">\n\t\t\t<div class=\"container\">\n\t\t\t\t<div class=\"breadcrumbs-container\">\n\t\t\t\t\t\t<div class=\"breadcrumbs\">\n\t\t\t\t\t\t\t\n\t<ul class=\"ns-breadcrumbs\">\n\t\t\t<li><a href=\"https:\/\/www.belinal-fir.com\/sl\/\">Home<\/a><\/li>\n\t\t\t\t\t<li><a href=\"https:\/\/www.belinal-fir.com\/sl\/belinal-izvlecek\/\">Belinal izvle\u010dek<\/a><\/li>\n\t\t\t\t<li>Trajnost<\/li>\n\t<\/ul>\n\t\n\t\t\t\t\t\t\t\t<div class=\"clearfix\"><\/div>\n\t\t\t\t\t\t<\/div>\n\t\t\t\t<\/div>\n\t\t\t\t\t\t\t<\/div>\n\t\t<\/div>\n\n\t\t[\/vc_column][\/vc_row][vc_row el_class=&#8221;sp-intro&#8221;][vc_column width=&#8221;1\/4&#8243; el_class=&#8221;c1&#8243;]\t\n\t\t<nav class=\" sidenav \">\n\t\t<a href=\"https:\/\/www.belinal-fir.com\/sl\/belinal-izvlecek\/\" class=\"sidenav-title\"><h2>Belinal izvle\u010dek<\/h2><\/a>\n\t\t<ul>\n\t\t<li class=\"page_item page-item-850\"><a href=\"https:\/\/www.belinal-fir.com\/sl\/belinal-izvlecek\/kaj-je-belinal\/\">Kaj je Belinal\u00ae<\/a><\/li>\n<li class=\"page_item page-item-852\"><a href=\"https:\/\/www.belinal-fir.com\/sl\/belinal-izvlecek\/zgodba-o-beli-jelki\/\">Zgodba o beli jelki<\/a><\/li>\n<li class=\"page_item page-item-851\"><a href=\"https:\/\/www.belinal-fir.com\/sl\/belinal-izvlecek\/prednosti-in-lastnosti\/\">Prednosti in lastnosti<\/a><\/li>\n<li class=\"page_item page-item-849\"><a href=\"https:\/\/www.belinal-fir.com\/sl\/belinal-izvlecek\/varnost-in-kakovost\/\">Varnost in kakovost<\/a><\/li>\n<li class=\"page_item page-item-848\"><a href=\"https:\/\/www.belinal-fir.com\/sl\/belinal-izvlecek\/trajnost\/\">Trajnost<\/a><\/li>\n\t   \t<\/ul>\n\t<\/nav>\n\t\n\t[\/vc_column][vc_column width=&#8221;3\/4&#8243; el_class=&#8221;c2&#8243;]\t\t\n\t\t<div class=\"title-banner\" style=\"background-image: url();\">\n\t\t\t<div class=\"container\">\n\t\t\t\t<h1 class=\"entry-title\">Trajnost<\/h1>\n\n\t\t\t\t\t\t\t<\/div>\n\t\t<\/div>\n\n\t\t[vc_row_inner][vc_column_inner][vc_column_text]<\/p>\n<h2>Naravni izvor iz gorskih gozdov Evropske unije<\/h2>\n<p>Visoko v hladnih gorskih gozdovih uspevajo le najbolj trdo\u017eive rastline, ki prenesejo zahtevne naravne razmere. Med njimi je tudi bela jelka, ki vsebuje dragocene spojine, oblikovane skozi milijone let. Za proizvodnjo izvle\u010dka Belinal\u00ae so ro\u010dno izbrane veje bele jelke iz neokrnjenih evropskih gorskih gozdov. Tako zagotavljamo najvi\u0161jo kakovost rastlinskega materiala in popolno sledljivost njegovega izvora.<\/p>\n<p>Veje, ki jih uporabljamo, izvirajo izklju\u010dno iz rednega gospodarjenja z gozdovi. <strong>Za pridobivanje surovine ni posekano niti eno drevo.<\/strong> V postopku ekstrakcije <strong>uporabljamo samo vodo<\/strong>, vsi proizvodni procesi pa so zasnovani <strong>okolju prijazno<\/strong>. Zavezani smo varovanju narave in trajnostnemu ravnanju. Belinal\u00ae ima <strong>certifikat Ecocert Cosmos<\/strong> za naravno sestavino.[\/vc_column_text][vc_single_image image=&#8221;434&#8243;][\/vc_column_inner][\/vc_row_inner][vc_empty_space][\/vc_column][\/vc_row]<\/p>\n<\/div>","protected":false},"excerpt":{"rendered":"<p>[vc_row full_width=&#8221;stretch_row_content_no_spaces&#8221; el_class=&#8221;sp-page-title&#8221;][vc_column][\/vc_column][\/vc_row][vc_row el_class=&#8221;sp-intro&#8221;][vc_column width=&#8221;1\/4&#8243; el_class=&#8221;c1&#8243;][\/vc_column][vc_column width=&#8221;3\/4&#8243; el_class=&#8221;c2&#8243;][vc_row_inner][vc_column_inner][vc_column_text] Naravni izvor iz gorskih gozdov Evropske unije Visoko v hladnih gorskih gozdovih uspevajo le najbolj trdo\u017eive rastline, ki prenesejo zahtevne naravne razmere. Med njimi je tudi bela jelka, ki vsebuje dragocene spojine, oblikovane skozi milijone let. Za proizvodnjo izvle\u010dka Belinal\u00ae so ro\u010dno izbrane veje bele jelke iz neokrnjenih evropskih gorskih gozdov. Tako zagotavljamo najvi\u0161jo kakovost rastlinskega materiala in popolno sledljivost njegovega izvora. Veje, ki jih uporabljamo, izvirajo izklju\u010dno iz rednega gospodarjenja z gozdovi. Za pridobivanje surovine ni posekano niti eno drevo. V postopku ekstrakcije uporabljamo samo vodo, vsi proizvodni procesi pa so zasnovani okolju prijazno. Zavezani smo varovanju narave in trajnostnemu ravnanju. Belinal\u00ae ima certifikat Ecocert Cosmos za naravno sestavino.[\/vc_column_text][vc_single_image image=&#8221;434&#8243;][\/vc_column_inner][\/vc_row_inner][vc_empty_space][\/vc_column][\/vc_row]<\/p>\n","protected":false},"author":1,"featured_media":684,"parent":853,"menu_order":4,"comment_status":"closed","ping_status":"closed","template":"","meta":{"footnotes":""},"class_list":["post-848","page","type-page","status-publish","has-post-thumbnail","hentry"],"yoast_head":"<!-- This site is optimized with the Yoast SEO plugin v21.3 - https:\/\/yoast.com\/wordpress\/plugins\/seo\/ -->\n<title>Trajnost - Belinal izvle\u010dek vej bele jelke<\/title>\n<meta name=\"description\" content=\"Belinal\u00ae je \u010dist izvle\u010dek bele jelke, pridobljen na trajnosten na\u010din iz evropskih gorskih gozdov ter proizveden ob popolni sledljivosti in z okolju prijaznimi postopki.\" \/>\n<meta name=\"robots\" content=\"index, follow, max-snippet:-1, max-image-preview:large, max-video-preview:-1\" \/>\n<link rel=\"canonical\" href=\"https:\/\/www.belinal-fir.com\/sl\/belinal-izvlecek\/trajnost\/\" \/>\n<meta property=\"og:locale\" content=\"sl_SI\" \/>\n<meta property=\"og:type\" content=\"article\" \/>\n<meta property=\"og:title\" content=\"Trajnost - Belinal izvle\u010dek vej bele jelke\" \/>\n<meta property=\"og:description\" content=\"Belinal\u00ae je \u010dist izvle\u010dek bele jelke, pridobljen na trajnosten na\u010din iz evropskih gorskih gozdov ter proizveden ob popolni sledljivosti in z okolju prijaznimi postopki.\" \/>\n<meta property=\"og:url\" content=\"https:\/\/www.belinal-fir.com\/sl\/belinal-izvlecek\/trajnost\/\" \/>\n<meta property=\"og:site_name\" content=\"Belinal izvle\u010dek vej bele jelke\" \/>\n<meta property=\"article:modified_time\" content=\"2026-04-06T17:35:30+00:00\" \/>\n<meta property=\"og:image\" content=\"https:\/\/www.belinal-fir.com\/wp-content\/uploads\/2026\/03\/sustainability.jpg\" \/>\n\t<meta property=\"og:image:width\" content=\"2256\" \/>\n\t<meta property=\"og:image:height\" content=\"1496\" \/>\n\t<meta property=\"og:image:type\" content=\"image\/jpeg\" \/>\n<meta name=\"twitter:card\" content=\"summary_large_image\" \/>\n<meta name=\"twitter:label1\" content=\"Est. reading time\" \/>\n\t<meta name=\"twitter:data1\" content=\"1 minuta\" \/>\n<script type=\"application\/ld+json\" class=\"yoast-schema-graph\">{\"@context\":\"https:\/\/schema.org\",\"@graph\":[{\"@type\":\"WebPage\",\"@id\":\"https:\/\/www.belinal-fir.com\/sl\/belinal-izvlecek\/trajnost\/\",\"url\":\"https:\/\/www.belinal-fir.com\/sl\/belinal-izvlecek\/trajnost\/\",\"name\":\"Trajnost - Belinal izvle\u010dek vej bele jelke\",\"isPartOf\":{\"@id\":\"https:\/\/www.belinal-fir.com\/#website\"},\"datePublished\":\"2024-02-21T15:01:09+00:00\",\"dateModified\":\"2026-04-06T17:35:30+00:00\",\"description\":\"Belinal\u00ae je \u010dist izvle\u010dek bele jelke, pridobljen na trajnosten na\u010din iz evropskih gorskih gozdov ter proizveden ob popolni sledljivosti in z okolju prijaznimi postopki.\",\"breadcrumb\":{\"@id\":\"https:\/\/www.belinal-fir.com\/sl\/belinal-izvlecek\/trajnost\/#breadcrumb\"},\"inLanguage\":\"sl-SI\",\"potentialAction\":[{\"@type\":\"ReadAction\",\"target\":[\"https:\/\/www.belinal-fir.com\/sl\/belinal-izvlecek\/trajnost\/\"]}]},{\"@type\":\"BreadcrumbList\",\"@id\":\"https:\/\/www.belinal-fir.com\/sl\/belinal-izvlecek\/trajnost\/#breadcrumb\",\"itemListElement\":[{\"@type\":\"ListItem\",\"position\":1,\"name\":\"Home\",\"item\":\"https:\/\/www.belinal-fir.com\/sl\/\"},{\"@type\":\"ListItem\",\"position\":2,\"name\":\"Belinal izvle\u010dek\",\"item\":\"https:\/\/www.belinal-fir.com\/sl\/belinal-izvlecek\/\"},{\"@type\":\"ListItem\",\"position\":3,\"name\":\"Trajnost\"}]},{\"@type\":\"WebSite\",\"@id\":\"https:\/\/www.belinal-fir.com\/#website\",\"url\":\"https:\/\/www.belinal-fir.com\/\",\"name\":\"Belinal izvle\u010dek vej bele jelke\",\"description\":\"\",\"potentialAction\":[{\"@type\":\"SearchAction\",\"target\":{\"@type\":\"EntryPoint\",\"urlTemplate\":\"https:\/\/www.belinal-fir.com\/?s={search_term_string}\"},\"query-input\":\"required name=search_term_string\"}],\"inLanguage\":\"sl-SI\"}]}<\/script>\n<!-- \/ Yoast SEO plugin. -->","yoast_head_json":{"title":"Trajnost - Belinal izvle\u010dek vej bele jelke","description":"Belinal\u00ae je \u010dist izvle\u010dek bele jelke, pridobljen na trajnosten na\u010din iz evropskih gorskih gozdov ter proizveden ob popolni sledljivosti in z okolju prijaznimi postopki.","robots":{"index":"index","follow":"follow","max-snippet":"max-snippet:-1","max-image-preview":"max-image-preview:large","max-video-preview":"max-video-preview:-1"},"canonical":"https:\/\/www.belinal-fir.com\/sl\/belinal-izvlecek\/trajnost\/","og_locale":"sl_SI","og_type":"article","og_title":"Trajnost - Belinal izvle\u010dek vej bele jelke","og_description":"Belinal\u00ae je \u010dist izvle\u010dek bele jelke, pridobljen na trajnosten na\u010din iz evropskih gorskih gozdov ter proizveden ob popolni sledljivosti in z okolju prijaznimi postopki.","og_url":"https:\/\/www.belinal-fir.com\/sl\/belinal-izvlecek\/trajnost\/","og_site_name":"Belinal izvle\u010dek vej bele jelke","article_modified_time":"2026-04-06T17:35:30+00:00","og_image":[{"width":2256,"height":1496,"url":"https:\/\/www.belinal-fir.com\/wp-content\/uploads\/2026\/03\/sustainability.jpg","type":"image\/jpeg"}],"twitter_card":"summary_large_image","twitter_misc":{"Est. reading time":"1 minuta"},"schema":{"@context":"https:\/\/schema.org","@graph":[{"@type":"WebPage","@id":"https:\/\/www.belinal-fir.com\/sl\/belinal-izvlecek\/trajnost\/","url":"https:\/\/www.belinal-fir.com\/sl\/belinal-izvlecek\/trajnost\/","name":"Trajnost - Belinal izvle\u010dek vej bele jelke","isPartOf":{"@id":"https:\/\/www.belinal-fir.com\/#website"},"datePublished":"2024-02-21T15:01:09+00:00","dateModified":"2026-04-06T17:35:30+00:00","description":"Belinal\u00ae je \u010dist izvle\u010dek bele jelke, pridobljen na trajnosten na\u010din iz evropskih gorskih gozdov ter proizveden ob popolni sledljivosti in z okolju prijaznimi postopki.","breadcrumb":{"@id":"https:\/\/www.belinal-fir.com\/sl\/belinal-izvlecek\/trajnost\/#breadcrumb"},"inLanguage":"sl-SI","potentialAction":[{"@type":"ReadAction","target":["https:\/\/www.belinal-fir.com\/sl\/belinal-izvlecek\/trajnost\/"]}]},{"@type":"BreadcrumbList","@id":"https:\/\/www.belinal-fir.com\/sl\/belinal-izvlecek\/trajnost\/#breadcrumb","itemListElement":[{"@type":"ListItem","position":1,"name":"Home","item":"https:\/\/www.belinal-fir.com\/sl\/"},{"@type":"ListItem","position":2,"name":"Belinal izvle\u010dek","item":"https:\/\/www.belinal-fir.com\/sl\/belinal-izvlecek\/"},{"@type":"ListItem","position":3,"name":"Trajnost"}]},{"@type":"WebSite","@id":"https:\/\/www.belinal-fir.com\/#website","url":"https:\/\/www.belinal-fir.com\/","name":"Belinal izvle\u010dek vej bele jelke","description":"","potentialAction":[{"@type":"SearchAction","target":{"@type":"EntryPoint","urlTemplate":"https:\/\/www.belinal-fir.com\/?s={search_term_string}"},"query-input":"required name=search_term_string"}],"inLanguage":"sl-SI"}]}},"_links":{"self":[{"href":"https:\/\/www.belinal-fir.com\/sl\/wp-json\/wp\/v2\/pages\/848","targetHints":{"allow":["GET"]}}],"collection":[{"href":"https:\/\/www.belinal-fir.com\/sl\/wp-json\/wp\/v2\/pages"}],"about":[{"href":"https:\/\/www.belinal-fir.com\/sl\/wp-json\/wp\/v2\/types\/page"}],"author":[{"embeddable":true,"href":"https:\/\/www.belinal-fir.com\/sl\/wp-json\/wp\/v2\/users\/1"}],"replies":[{"embeddable":true,"href":"https:\/\/www.belinal-fir.com\/sl\/wp-json\/wp\/v2\/comments?post=848"}],"version-history":[{"count":2,"href":"https:\/\/www.belinal-fir.com\/sl\/wp-json\/wp\/v2\/pages\/848\/revisions"}],"predecessor-version":[{"id":997,"href":"https:\/\/www.belinal-fir.com\/sl\/wp-json\/wp\/v2\/pages\/848\/revisions\/997"}],"up":[{"embeddable":true,"href":"https:\/\/www.belinal-fir.com\/sl\/wp-json\/wp\/v2\/pages\/853"}],"wp:featuredmedia":[{"embeddable":true,"href":"https:\/\/www.belinal-fir.com\/sl\/wp-json\/wp\/v2\/media\/684"}],"wp:attachment":[{"href":"https:\/\/www.belinal-fir.com\/sl\/wp-json\/wp\/v2\/media?parent=848"}],"curies":[{"name":"wp","href":"https:\/\/api.w.org\/{rel}","templated":true}]}}