{"id":849,"date":"2024-02-21T15:00:30","date_gmt":"2024-02-21T15:00:30","guid":{"rendered":"https:\/\/www.belinal-fir.com\/safety-quality\/"},"modified":"2026-04-06T17:37:05","modified_gmt":"2026-04-06T17:37:05","slug":"varnost-in-kakovost","status":"publish","type":"page","link":"https:\/\/www.belinal-fir.com\/sl\/belinal-izvlecek\/varnost-in-kakovost\/","title":{"rendered":"Varnost in kakovost"},"content":{"rendered":"<div class=\"wpb-content-wrapper\"><p>[vc_row full_width=&#8221;stretch_row_content_no_spaces&#8221; el_class=&#8221;sp-page-title&#8221;][vc_column]\t\t\n\t\t<div class=\"title-banner\" style=\"background-image: linear-gradient(rgba(0, 0, 0, 0.0),rgba(0, 0, 0, 0.0)),url();\">\n\t\t\t<div class=\"container\">\n\t\t\t\t<div class=\"breadcrumbs-container\">\n\t\t\t\t\t\t<div class=\"breadcrumbs\">\n\t\t\t\t\t\t\t\n\t<ul class=\"ns-breadcrumbs\">\n\t\t\t<li><a href=\"https:\/\/www.belinal-fir.com\/sl\/\">Home<\/a><\/li>\n\t\t\t\t\t<li><a href=\"https:\/\/www.belinal-fir.com\/sl\/belinal-izvlecek\/\">Belinal izvle\u010dek<\/a><\/li>\n\t\t\t\t<li>Varnost in kakovost<\/li>\n\t<\/ul>\n\t\n\t\t\t\t\t\t\t\t<div class=\"clearfix\"><\/div>\n\t\t\t\t\t\t<\/div>\n\t\t\t\t<\/div>\n\t\t\t\t\t\t\t<\/div>\n\t\t<\/div>\n\n\t\t[\/vc_column][\/vc_row][vc_row el_class=&#8221;sp-intro&#8221;][vc_column width=&#8221;1\/4&#8243; el_class=&#8221;c1&#8243;]\t\n\t\t<nav class=\" sidenav \">\n\t\t<a href=\"https:\/\/www.belinal-fir.com\/sl\/belinal-izvlecek\/\" class=\"sidenav-title\"><h2>Belinal izvle\u010dek<\/h2><\/a>\n\t\t<ul>\n\t\t<li class=\"page_item page-item-850\"><a href=\"https:\/\/www.belinal-fir.com\/sl\/belinal-izvlecek\/kaj-je-belinal\/\">Kaj je Belinal\u00ae<\/a><\/li>\n<li class=\"page_item page-item-852\"><a href=\"https:\/\/www.belinal-fir.com\/sl\/belinal-izvlecek\/zgodba-o-beli-jelki\/\">Zgodba o beli jelki<\/a><\/li>\n<li class=\"page_item page-item-851\"><a href=\"https:\/\/www.belinal-fir.com\/sl\/belinal-izvlecek\/prednosti-in-lastnosti\/\">Prednosti in lastnosti<\/a><\/li>\n<li class=\"page_item page-item-849\"><a href=\"https:\/\/www.belinal-fir.com\/sl\/belinal-izvlecek\/varnost-in-kakovost\/\">Varnost in kakovost<\/a><\/li>\n<li class=\"page_item page-item-848\"><a href=\"https:\/\/www.belinal-fir.com\/sl\/belinal-izvlecek\/trajnost\/\">Trajnost<\/a><\/li>\n\t   \t<\/ul>\n\t<\/nav>\n\t\n\t[\/vc_column][vc_column width=&#8221;3\/4&#8243; el_class=&#8221;c2&#8243;]\t\t\n\t\t<div class=\"title-banner\" style=\"background-image: url();\">\n\t\t\t<div class=\"container\">\n\t\t\t\t<h1 class=\"entry-title\">Varnost in kakovost<\/h1>\n\n\t\t\t\t\t\t\t<\/div>\n\t\t<\/div>\n\n\t\t[vc_row_inner][vc_column_inner][vc_column_text]Belinal\u00ae je botani\u010dni izvle\u010dek visoke \u010distosti, pridobljen izklju\u010dno iz vej evropske bele jelke (Abies alba), ki raste v neokrnjenih gorskih gozdovih. Njegova proizvodnja poteka v skladu s strogimi znanstvenimi, okoljskimi in regulativnimi merili, kar zagotavlja izjemno varnost, sledljivost ter visoko kakovost bioaktivnih snovi.<\/p>\n<h3>Popolna sledljivost od gozda do izvle\u010dka<\/h3>\n<p>Belinal\u00ae nastaja v okviru natan\u010dno zasnovanega sistema sledljivosti, ki spremlja vsak korak \u2013 od gorskega gozda v Evropski uniji, kjer je drevo raslo, do kon\u010dnega standardiziranega izvle\u010dka. Tak\u0161en pristop zagotavlja stalno kakovost, pristnost surovine in skladnost z evropskimi varnostnimi standardi za botani\u010dne sestavine.<\/p>\n<h3>Ekstrakcija s \u010disto vodo za najve\u010djo varnost<\/h3>\n<p>V postopku ekstrakcije se uporablja izklju\u010dno pre\u010di\u0161\u010dena voda, brez organskih topil in kemi\u010dnih dodatkov. Rezultat je \u010dist in varen izvle\u010dek, primeren za dolgotrajno uporabo v prehranskih dopolnilih.[\/vc_column_text][\/vc_column_inner][\/vc_row_inner][vc_row_inner][vc_column_inner width=&#8221;1\/2&#8243;][vc_column_text]<\/p>\n<h3>Proizveden v skladu s standardi GMP<\/h3>\n<p>Belinal\u00ae se proizvaja v obratih, ki delujejo v skladu z na\u010deli dobre proizvodne prakse (GMP), kar zagotavlja nadzor farmacevtske ravni v vseh fazah proizvodnje. Ta standard je klju\u010den za zagotavljanje zanesljivosti in varnosti izdelka Belinal\u00ae.[\/vc_column_text][\/vc_column_inner][vc_column_inner width=&#8221;1\/2&#8243;][vc_column_text]<\/p>\n<h3>Kosher certifikat<\/h3>\n<p>Belinal\u00ae ima kosher certifikat, ki potrjuje, da sta njegovo pridobivanje in proizvodnja skladna s strogimi zahtevami glede \u010distosti in kakovosti.[\/vc_column_text][\/vc_column_inner][\/vc_row_inner][vc_row_inner][vc_column_inner width=&#8221;1\/2&#8243;][vc_single_image image=&#8221;526&#8243; img_size=&#8221;120&#215;120&#8243; alignment=&#8221;center&#8221;][\/vc_column_inner][vc_column_inner width=&#8221;1\/2&#8243;][vc_single_image image=&#8221;527&#8243; img_size=&#8221;120&#215;120&#8243; alignment=&#8221;center&#8221;][\/vc_column_inner][\/vc_row_inner][vc_column_text]<\/p>\n<h3>Podprto z obse\u017enimi znanstvenimi raziskavami<\/h3>\n<p>Varnost in u\u010dinkovitost izvle\u010dka Belinal\u00ae temeljita na trdni znanstveni podlagi:<\/p>\n<ul>\n<li>30 znanstvenih in klini\u010dnih raziskav<\/li>\n<li>10 znanstvenih objav v recenziranih publikacijah<\/li>\n<\/ul>\n<p>Obseg raziskav dodatno potrjuje zanesljivost izvle\u010dka in njegovo znanstveno verodostojnost.<\/p>\n<h3>Priznan kot sestavina prehranskih dopolnil v EU<\/h3>\n<p>Belinal\u00ae je bil leta 2018 uradno priznan kot sestavina za uporabo v prehranskih dopolnilih v evropskem katalogu Novel Food. Ta status potrjuje, da Belinal\u00ae izpolnjuje varnostne in regulativne zahteve za uporabo v prehranskih dopolnilih po celotni Evropski uniji.<\/p>\n<p>[\/vc_column_text][vc_single_image image=&#8221;428&#8243;][vc_empty_space][\/vc_column][\/vc_row]<\/p>\n<\/div>","protected":false},"excerpt":{"rendered":"<p>[vc_row full_width=&#8221;stretch_row_content_no_spaces&#8221; el_class=&#8221;sp-page-title&#8221;][vc_column][\/vc_column][\/vc_row][vc_row el_class=&#8221;sp-intro&#8221;][vc_column width=&#8221;1\/4&#8243; el_class=&#8221;c1&#8243;][\/vc_column][vc_column width=&#8221;3\/4&#8243; el_class=&#8221;c2&#8243;][vc_row_inner][vc_column_inner][vc_column_text]Belinal\u00ae je botani\u010dni izvle\u010dek visoke \u010distosti, pridobljen izklju\u010dno iz vej evropske bele jelke (Abies alba), ki raste v neokrnjenih gorskih gozdovih. Njegova proizvodnja poteka v skladu s strogimi znanstvenimi, okoljskimi in regulativnimi merili, kar zagotavlja izjemno varnost, sledljivost ter visoko kakovost bioaktivnih snovi. Popolna sledljivost od gozda do izvle\u010dka Belinal\u00ae nastaja v okviru natan\u010dno zasnovanega sistema sledljivosti, ki spremlja vsak korak \u2013 od gorskega gozda v Evropski uniji, kjer je drevo raslo, do kon\u010dnega standardiziranega izvle\u010dka. Tak\u0161en pristop zagotavlja stalno kakovost, pristnost surovine in skladnost z evropskimi varnostnimi standardi za botani\u010dne sestavine. Ekstrakcija s \u010disto vodo za najve\u010djo varnost V postopku ekstrakcije se uporablja izklju\u010dno pre\u010di\u0161\u010dena voda, brez organskih topil in kemi\u010dnih dodatkov. [&hellip;]<\/p>\n","protected":false},"author":1,"featured_media":683,"parent":853,"menu_order":3,"comment_status":"closed","ping_status":"closed","template":"","meta":{"footnotes":""},"class_list":["post-849","page","type-page","status-publish","has-post-thumbnail","hentry"],"yoast_head":"<!-- This site is optimized with the Yoast SEO plugin v21.3 - https:\/\/yoast.com\/wordpress\/plugins\/seo\/ -->\n<title>Varnost in kakovost - Belinal izvle\u010dek vej bele jelke<\/title>\n<meta name=\"description\" content=\"Belinal\u00ae je izvle\u010dek bele jelke visoke \u010distosti, z zagotovljeno popolno sledljivostjo, proizvodnjo v skladu s standardi GMP in trdno znanstveno podlago, kar zagotavlja izjemno varnost in kakovost.\" \/>\n<meta name=\"robots\" content=\"index, follow, max-snippet:-1, max-image-preview:large, max-video-preview:-1\" \/>\n<link rel=\"canonical\" href=\"https:\/\/www.belinal-fir.com\/sl\/belinal-izvlecek\/varnost-in-kakovost\/\" \/>\n<meta property=\"og:locale\" content=\"sl_SI\" \/>\n<meta property=\"og:type\" content=\"article\" \/>\n<meta property=\"og:title\" content=\"Varnost in kakovost - Belinal izvle\u010dek vej bele jelke\" \/>\n<meta property=\"og:description\" content=\"Belinal\u00ae je izvle\u010dek bele jelke visoke \u010distosti, z zagotovljeno popolno sledljivostjo, proizvodnjo v skladu s standardi GMP in trdno znanstveno podlago, kar zagotavlja izjemno varnost in kakovost.\" \/>\n<meta property=\"og:url\" content=\"https:\/\/www.belinal-fir.com\/sl\/belinal-izvlecek\/varnost-in-kakovost\/\" \/>\n<meta property=\"og:site_name\" content=\"Belinal izvle\u010dek vej bele jelke\" \/>\n<meta property=\"article:modified_time\" content=\"2026-04-06T17:37:05+00:00\" \/>\n<meta property=\"og:image\" content=\"https:\/\/www.belinal-fir.com\/wp-content\/uploads\/2026\/03\/science-behind-scaled.jpg\" \/>\n\t<meta property=\"og:image:width\" content=\"2560\" \/>\n\t<meta property=\"og:image:height\" content=\"1702\" \/>\n\t<meta property=\"og:image:type\" content=\"image\/jpeg\" \/>\n<meta name=\"twitter:card\" content=\"summary_large_image\" \/>\n<meta name=\"twitter:label1\" content=\"Est. reading time\" \/>\n\t<meta name=\"twitter:data1\" content=\"2 minuti\" \/>\n<script type=\"application\/ld+json\" class=\"yoast-schema-graph\">{\"@context\":\"https:\/\/schema.org\",\"@graph\":[{\"@type\":\"WebPage\",\"@id\":\"https:\/\/www.belinal-fir.com\/sl\/belinal-izvlecek\/varnost-in-kakovost\/\",\"url\":\"https:\/\/www.belinal-fir.com\/sl\/belinal-izvlecek\/varnost-in-kakovost\/\",\"name\":\"Varnost in kakovost - Belinal izvle\u010dek vej bele jelke\",\"isPartOf\":{\"@id\":\"https:\/\/www.belinal-fir.com\/#website\"},\"datePublished\":\"2024-02-21T15:00:30+00:00\",\"dateModified\":\"2026-04-06T17:37:05+00:00\",\"description\":\"Belinal\u00ae je izvle\u010dek bele jelke visoke \u010distosti, z zagotovljeno popolno sledljivostjo, proizvodnjo v skladu s standardi GMP in trdno znanstveno podlago, kar zagotavlja izjemno varnost in kakovost.\",\"breadcrumb\":{\"@id\":\"https:\/\/www.belinal-fir.com\/sl\/belinal-izvlecek\/varnost-in-kakovost\/#breadcrumb\"},\"inLanguage\":\"sl-SI\",\"potentialAction\":[{\"@type\":\"ReadAction\",\"target\":[\"https:\/\/www.belinal-fir.com\/sl\/belinal-izvlecek\/varnost-in-kakovost\/\"]}]},{\"@type\":\"BreadcrumbList\",\"@id\":\"https:\/\/www.belinal-fir.com\/sl\/belinal-izvlecek\/varnost-in-kakovost\/#breadcrumb\",\"itemListElement\":[{\"@type\":\"ListItem\",\"position\":1,\"name\":\"Home\",\"item\":\"https:\/\/www.belinal-fir.com\/sl\/\"},{\"@type\":\"ListItem\",\"position\":2,\"name\":\"Belinal izvle\u010dek\",\"item\":\"https:\/\/www.belinal-fir.com\/sl\/belinal-izvlecek\/\"},{\"@type\":\"ListItem\",\"position\":3,\"name\":\"Varnost in kakovost\"}]},{\"@type\":\"WebSite\",\"@id\":\"https:\/\/www.belinal-fir.com\/#website\",\"url\":\"https:\/\/www.belinal-fir.com\/\",\"name\":\"Belinal izvle\u010dek vej bele jelke\",\"description\":\"\",\"potentialAction\":[{\"@type\":\"SearchAction\",\"target\":{\"@type\":\"EntryPoint\",\"urlTemplate\":\"https:\/\/www.belinal-fir.com\/?s={search_term_string}\"},\"query-input\":\"required name=search_term_string\"}],\"inLanguage\":\"sl-SI\"}]}<\/script>\n<!-- \/ Yoast SEO plugin. -->","yoast_head_json":{"title":"Varnost in kakovost - Belinal izvle\u010dek vej bele jelke","description":"Belinal\u00ae je izvle\u010dek bele jelke visoke \u010distosti, z zagotovljeno popolno sledljivostjo, proizvodnjo v skladu s standardi GMP in trdno znanstveno podlago, kar zagotavlja izjemno varnost in kakovost.","robots":{"index":"index","follow":"follow","max-snippet":"max-snippet:-1","max-image-preview":"max-image-preview:large","max-video-preview":"max-video-preview:-1"},"canonical":"https:\/\/www.belinal-fir.com\/sl\/belinal-izvlecek\/varnost-in-kakovost\/","og_locale":"sl_SI","og_type":"article","og_title":"Varnost in kakovost - Belinal izvle\u010dek vej bele jelke","og_description":"Belinal\u00ae je izvle\u010dek bele jelke visoke \u010distosti, z zagotovljeno popolno sledljivostjo, proizvodnjo v skladu s standardi GMP in trdno znanstveno podlago, kar zagotavlja izjemno varnost in kakovost.","og_url":"https:\/\/www.belinal-fir.com\/sl\/belinal-izvlecek\/varnost-in-kakovost\/","og_site_name":"Belinal izvle\u010dek vej bele jelke","article_modified_time":"2026-04-06T17:37:05+00:00","og_image":[{"width":2560,"height":1702,"url":"https:\/\/www.belinal-fir.com\/wp-content\/uploads\/2026\/03\/science-behind-scaled.jpg","type":"image\/jpeg"}],"twitter_card":"summary_large_image","twitter_misc":{"Est. reading time":"2 minuti"},"schema":{"@context":"https:\/\/schema.org","@graph":[{"@type":"WebPage","@id":"https:\/\/www.belinal-fir.com\/sl\/belinal-izvlecek\/varnost-in-kakovost\/","url":"https:\/\/www.belinal-fir.com\/sl\/belinal-izvlecek\/varnost-in-kakovost\/","name":"Varnost in kakovost - Belinal izvle\u010dek vej bele jelke","isPartOf":{"@id":"https:\/\/www.belinal-fir.com\/#website"},"datePublished":"2024-02-21T15:00:30+00:00","dateModified":"2026-04-06T17:37:05+00:00","description":"Belinal\u00ae je izvle\u010dek bele jelke visoke \u010distosti, z zagotovljeno popolno sledljivostjo, proizvodnjo v skladu s standardi GMP in trdno znanstveno podlago, kar zagotavlja izjemno varnost in kakovost.","breadcrumb":{"@id":"https:\/\/www.belinal-fir.com\/sl\/belinal-izvlecek\/varnost-in-kakovost\/#breadcrumb"},"inLanguage":"sl-SI","potentialAction":[{"@type":"ReadAction","target":["https:\/\/www.belinal-fir.com\/sl\/belinal-izvlecek\/varnost-in-kakovost\/"]}]},{"@type":"BreadcrumbList","@id":"https:\/\/www.belinal-fir.com\/sl\/belinal-izvlecek\/varnost-in-kakovost\/#breadcrumb","itemListElement":[{"@type":"ListItem","position":1,"name":"Home","item":"https:\/\/www.belinal-fir.com\/sl\/"},{"@type":"ListItem","position":2,"name":"Belinal izvle\u010dek","item":"https:\/\/www.belinal-fir.com\/sl\/belinal-izvlecek\/"},{"@type":"ListItem","position":3,"name":"Varnost in kakovost"}]},{"@type":"WebSite","@id":"https:\/\/www.belinal-fir.com\/#website","url":"https:\/\/www.belinal-fir.com\/","name":"Belinal izvle\u010dek vej bele jelke","description":"","potentialAction":[{"@type":"SearchAction","target":{"@type":"EntryPoint","urlTemplate":"https:\/\/www.belinal-fir.com\/?s={search_term_string}"},"query-input":"required name=search_term_string"}],"inLanguage":"sl-SI"}]}},"_links":{"self":[{"href":"https:\/\/www.belinal-fir.com\/sl\/wp-json\/wp\/v2\/pages\/849","targetHints":{"allow":["GET"]}}],"collection":[{"href":"https:\/\/www.belinal-fir.com\/sl\/wp-json\/wp\/v2\/pages"}],"about":[{"href":"https:\/\/www.belinal-fir.com\/sl\/wp-json\/wp\/v2\/types\/page"}],"author":[{"embeddable":true,"href":"https:\/\/www.belinal-fir.com\/sl\/wp-json\/wp\/v2\/users\/1"}],"replies":[{"embeddable":true,"href":"https:\/\/www.belinal-fir.com\/sl\/wp-json\/wp\/v2\/comments?post=849"}],"version-history":[{"count":2,"href":"https:\/\/www.belinal-fir.com\/sl\/wp-json\/wp\/v2\/pages\/849\/revisions"}],"predecessor-version":[{"id":999,"href":"https:\/\/www.belinal-fir.com\/sl\/wp-json\/wp\/v2\/pages\/849\/revisions\/999"}],"up":[{"embeddable":true,"href":"https:\/\/www.belinal-fir.com\/sl\/wp-json\/wp\/v2\/pages\/853"}],"wp:featuredmedia":[{"embeddable":true,"href":"https:\/\/www.belinal-fir.com\/sl\/wp-json\/wp\/v2\/media\/683"}],"wp:attachment":[{"href":"https:\/\/www.belinal-fir.com\/sl\/wp-json\/wp\/v2\/media?parent=849"}],"curies":[{"name":"wp","href":"https:\/\/api.w.org\/{rel}","templated":true}]}}