{"id":850,"date":"2024-02-21T14:59:41","date_gmt":"2024-02-21T14:59:41","guid":{"rendered":"https:\/\/www.belinal-fir.com\/about-belinal\/"},"modified":"2026-04-06T17:26:15","modified_gmt":"2026-04-06T17:26:15","slug":"kaj-je-belinal","status":"publish","type":"page","link":"https:\/\/www.belinal-fir.com\/sl\/belinal-izvlecek\/kaj-je-belinal\/","title":{"rendered":"Kaj je Belinal\u00ae"},"content":{"rendered":"<div class=\"wpb-content-wrapper\"><p>[vc_row full_width=&#8221;stretch_row_content_no_spaces&#8221; el_class=&#8221;sp-page-title&#8221;][vc_column]\t\t\n\t\t<div class=\"title-banner\" style=\"background-image: linear-gradient(rgba(0, 0, 0, 0.0),rgba(0, 0, 0, 0.0)),url();\">\n\t\t\t<div class=\"container\">\n\t\t\t\t<div class=\"breadcrumbs-container\">\n\t\t\t\t\t\t<div class=\"breadcrumbs\">\n\t\t\t\t\t\t\t\n\t<ul class=\"ns-breadcrumbs\">\n\t\t\t<li><a href=\"https:\/\/www.belinal-fir.com\/sl\/\">Home<\/a><\/li>\n\t\t\t\t\t<li><a href=\"https:\/\/www.belinal-fir.com\/sl\/belinal-izvlecek\/\">Belinal izvle\u010dek<\/a><\/li>\n\t\t\t\t<li>Kaj je Belinal\u00ae<\/li>\n\t<\/ul>\n\t\n\t\t\t\t\t\t\t\t<div class=\"clearfix\"><\/div>\n\t\t\t\t\t\t<\/div>\n\t\t\t\t<\/div>\n\t\t\t\t\t\t\t<\/div>\n\t\t<\/div>\n\n\t\t[\/vc_column][\/vc_row][vc_row el_class=&#8221;sp-intro&#8221;][vc_column width=&#8221;1\/4&#8243; el_class=&#8221;c1&#8243;]\t\n\t\t<nav class=\" sidenav \">\n\t\t<a href=\"https:\/\/www.belinal-fir.com\/sl\/belinal-izvlecek\/\" class=\"sidenav-title\"><h2>Belinal izvle\u010dek<\/h2><\/a>\n\t\t<ul>\n\t\t<li class=\"page_item page-item-850\"><a href=\"https:\/\/www.belinal-fir.com\/sl\/belinal-izvlecek\/kaj-je-belinal\/\">Kaj je Belinal\u00ae<\/a><\/li>\n<li class=\"page_item page-item-852\"><a href=\"https:\/\/www.belinal-fir.com\/sl\/belinal-izvlecek\/zgodba-o-beli-jelki\/\">Zgodba o beli jelki<\/a><\/li>\n<li class=\"page_item page-item-851\"><a href=\"https:\/\/www.belinal-fir.com\/sl\/belinal-izvlecek\/prednosti-in-lastnosti\/\">Prednosti in lastnosti<\/a><\/li>\n<li class=\"page_item page-item-849\"><a href=\"https:\/\/www.belinal-fir.com\/sl\/belinal-izvlecek\/varnost-in-kakovost\/\">Varnost in kakovost<\/a><\/li>\n<li class=\"page_item page-item-848\"><a href=\"https:\/\/www.belinal-fir.com\/sl\/belinal-izvlecek\/trajnost\/\">Trajnost<\/a><\/li>\n\t   \t<\/ul>\n\t<\/nav>\n\t\n\t[\/vc_column][vc_column width=&#8221;3\/4&#8243; el_class=&#8221;c2&#8243;]\t\t\n\t\t<div class=\"title-banner\" style=\"background-image: url();\">\n\t\t\t<div class=\"container\">\n\t\t\t\t<h1 class=\"entry-title\">Kaj je Belinal\u00ae<\/h1>\n\n\t\t\t\t\t\t\t<\/div>\n\t\t<\/div>\n\n\t\t[vc_row_inner][vc_column_inner][vc_column_text]<\/p>\n<h2 data-start=\"0\" data-end=\"40\">Izvor, sestava in znanstvena podpora<\/h2>\n<p data-start=\"42\" data-end=\"543\"><strong>Belinal\u00ae je vrhunski izvle\u010dek vej bele jelke<\/strong> (<em data-start=\"91\" data-end=\"103\">Abies alba<\/em> Mill.), pridobljen iz najve\u010djih evropskih gorskih gozdov. Za proizvodnjo izvle\u010dka Belinal\u00ae so skrbno izbrane veje bele jelke, ki rastejo v teh neokrnjenih naravnih okoljih. To zagotavlja najvi\u0161jo kakovost rastlinskega materiala in popolno sledljivost izvora. Vse uporabljene veje izvirajo izklju\u010dno iz rednega, trajnostnega gospodarjenja z gozdovi. Bela jelka uspeva v gorskih gozdovih, ki so naravno neonesna\u017eeni in brez pesticidov.<\/p>\n<p data-start=\"545\" data-end=\"1085\">Dolgo je veljalo prepri\u010danje, da so najvi\u0161je ravni polifenolov prisotne v temnem sadju, kot so borovnice, grozdje, bezeg in \u010drni ribez. Novej\u0161e raziskave rastlinskih tkiv vej pa so pokazale, da je najve\u010dja koncentracija polifenolnih spojin prisotna v dolo\u010denih delih vej in gr\u010dah lesa bele jelke. Belinal\u00ae se odlikuje po edinstvenem izvoru in sestavi ter sodi med najbolj bioaktivne celostne izvle\u010dke, saj je bogat s flavonoidi, fenolnimi kislinami, lignani in polisaharidi. Podrobnej\u0161a sestava je predstavljena v poglavju <em data-start=\"1071\" data-end=\"1084\">Zna\u010dilnosti<\/em>.<\/p>\n<p data-start=\"1087\" data-end=\"1607\">Ta napredna <strong>polifenolna sestavina prina\u0161a izjemne koristi za zdravje in dobro po\u010dutje.<\/strong> Mre\u017ea raziskovalnih sodelovanj z univerzami in nacionalnimi klinikami nam omogo\u010da razvoj inovativne, u\u010dinkovite in varne sestavine za globalni trg zdravja. Za Belinal\u00ae so znanstveno dokazani <strong>antioksidativni, protivnetni in antidiabeti\u010dni u\u010dinki<\/strong>. Podpira zdravje srca in o\u017eilja, sklepov, mo\u017eganov in prebave, prispeva k lep\u0161emu videzu ter spodbuja zdravo staranje. Podrobnej\u0161e informacije so na voljo v poglavju <em data-start=\"1585\" data-end=\"1606\">Zdravstvene koristi<\/em>.<\/p>\n<p>[\/vc_column_text][\/vc_column_inner][\/vc_row_inner][vc_row_inner][vc_column_inner][vc_single_image image=&#8221;412&#8243;][\/vc_column_inner][\/vc_row_inner][vc_empty_space][\/vc_column][\/vc_row]<\/p>\n<\/div>","protected":false},"excerpt":{"rendered":"<p>[vc_row full_width=&#8221;stretch_row_content_no_spaces&#8221; el_class=&#8221;sp-page-title&#8221;][vc_column][\/vc_column][\/vc_row][vc_row el_class=&#8221;sp-intro&#8221;][vc_column width=&#8221;1\/4&#8243; el_class=&#8221;c1&#8243;][\/vc_column][vc_column width=&#8221;3\/4&#8243; el_class=&#8221;c2&#8243;][vc_row_inner][vc_column_inner][vc_column_text] Izvor, sestava in znanstvena podpora Belinal\u00ae je vrhunski izvle\u010dek vej bele jelke (Abies alba Mill.), pridobljen iz najve\u010djih evropskih gorskih gozdov. Za proizvodnjo izvle\u010dka Belinal\u00ae so skrbno izbrane veje bele jelke, ki rastejo v teh neokrnjenih naravnih okoljih. To zagotavlja najvi\u0161jo kakovost rastlinskega materiala in popolno sledljivost izvora. Vse uporabljene veje izvirajo izklju\u010dno iz rednega, trajnostnega gospodarjenja z gozdovi. Bela jelka uspeva v gorskih gozdovih, ki so naravno neonesna\u017eeni in brez pesticidov. Dolgo je veljalo prepri\u010danje, da so najvi\u0161je ravni polifenolov prisotne v temnem sadju, kot so borovnice, grozdje, bezeg in \u010drni ribez. Novej\u0161e raziskave rastlinskih tkiv vej pa so pokazale, da je najve\u010dja koncentracija polifenolnih spojin prisotna v dolo\u010denih delih vej [&hellip;]<\/p>\n","protected":false},"author":1,"featured_media":679,"parent":853,"menu_order":0,"comment_status":"closed","ping_status":"closed","template":"","meta":{"footnotes":""},"class_list":["post-850","page","type-page","status-publish","has-post-thumbnail","hentry"],"yoast_head":"<!-- This site is optimized with the Yoast SEO plugin v21.3 - https:\/\/yoast.com\/wordpress\/plugins\/seo\/ -->\n<title>Kaj je Belinal\u00ae - Belinal izvle\u010dek vej bele jelke<\/title>\n<meta name=\"description\" content=\"Izvor, sestava in znanstvena podpora Belinal\u00ae je vrhunski izvle\u010dek vej bele jelke (Abies alba Mill.), pridobljen iz najve\u010djih evropskih gorskih gozdov. Za proizvodnjo izvle\u010dka Belinal\u00ae so skrbno izbrane veje bele\" \/>\n<meta name=\"robots\" content=\"index, follow, max-snippet:-1, max-image-preview:large, max-video-preview:-1\" \/>\n<link rel=\"canonical\" href=\"https:\/\/www.belinal-fir.com\/sl\/belinal-izvlecek\/kaj-je-belinal\/\" \/>\n<meta property=\"og:locale\" content=\"sl_SI\" \/>\n<meta property=\"og:type\" content=\"article\" \/>\n<meta property=\"og:title\" content=\"Kaj je Belinal\u00ae - Belinal izvle\u010dek vej bele jelke\" \/>\n<meta property=\"og:description\" content=\"[vc_row full_width=&#8221;stretch_row_content_no_spaces&#8221; el_class=&#8221;sp-page-title&#8221;][vc_column][\/vc_column][\/vc_row][vc_row el_class=&#8221;sp-intro&#8221;][vc_column width=&#8221;1\/4&#8243; el_class=&#8221;c1&#8243;][\/vc_column][vc_column width=&#8221;3\/4&#8243; el_class=&#8221;c2&#8243;][vc_row_inner][vc_column_inner][vc_column_text] Izvor, sestava in znanstvena podpora Belinal\u00ae je vrhunski izvle\u010dek vej bele jelke (Abies alba Mill.), pridobljen iz najve\u010djih evropskih gorskih gozdov. Za proizvodnjo izvle\u010dka Belinal\u00ae so skrbno izbrane veje bele jelke, ki rastejo v teh neokrnjenih naravnih okoljih. To zagotavlja najvi\u0161jo kakovost rastlinskega materiala in popolno sledljivost izvora. Vse uporabljene veje izvirajo izklju\u010dno iz rednega, trajnostnega gospodarjenja z gozdovi. Bela jelka uspeva v gorskih gozdovih, ki so naravno neonesna\u017eeni in brez pesticidov. Dolgo je veljalo prepri\u010danje, da so najvi\u0161je ravni polifenolov prisotne v temnem sadju, kot so borovnice, grozdje, bezeg in \u010drni ribez. Novej\u0161e raziskave rastlinskih tkiv vej pa so pokazale, da je najve\u010dja koncentracija polifenolnih spojin prisotna v dolo\u010denih delih vej [&hellip;]\" \/>\n<meta property=\"og:url\" content=\"https:\/\/www.belinal-fir.com\/sl\/belinal-izvlecek\/kaj-je-belinal\/\" \/>\n<meta property=\"og:site_name\" content=\"Belinal izvle\u010dek vej bele jelke\" \/>\n<meta property=\"article:modified_time\" content=\"2026-04-06T17:26:15+00:00\" \/>\n<meta property=\"og:image\" content=\"https:\/\/www.belinal-fir.com\/wp-content\/uploads\/2026\/03\/rezkan-rez-drevesa-z-napisom.png\" \/>\n\t<meta property=\"og:image:width\" content=\"1536\" \/>\n\t<meta property=\"og:image:height\" content=\"1024\" \/>\n\t<meta property=\"og:image:type\" content=\"image\/png\" \/>\n<meta name=\"twitter:card\" content=\"summary_large_image\" \/>\n<meta name=\"twitter:label1\" content=\"Est. reading time\" \/>\n\t<meta name=\"twitter:data1\" content=\"1 minuta\" \/>\n<script type=\"application\/ld+json\" class=\"yoast-schema-graph\">{\"@context\":\"https:\/\/schema.org\",\"@graph\":[{\"@type\":\"WebPage\",\"@id\":\"https:\/\/www.belinal-fir.com\/sl\/belinal-izvlecek\/kaj-je-belinal\/\",\"url\":\"https:\/\/www.belinal-fir.com\/sl\/belinal-izvlecek\/kaj-je-belinal\/\",\"name\":\"Kaj je Belinal\u00ae - Belinal izvle\u010dek vej bele jelke\",\"isPartOf\":{\"@id\":\"https:\/\/www.belinal-fir.com\/#website\"},\"datePublished\":\"2024-02-21T14:59:41+00:00\",\"dateModified\":\"2026-04-06T17:26:15+00:00\",\"breadcrumb\":{\"@id\":\"https:\/\/www.belinal-fir.com\/sl\/belinal-izvlecek\/kaj-je-belinal\/#breadcrumb\"},\"inLanguage\":\"sl-SI\",\"potentialAction\":[{\"@type\":\"ReadAction\",\"target\":[\"https:\/\/www.belinal-fir.com\/sl\/belinal-izvlecek\/kaj-je-belinal\/\"]}]},{\"@type\":\"BreadcrumbList\",\"@id\":\"https:\/\/www.belinal-fir.com\/sl\/belinal-izvlecek\/kaj-je-belinal\/#breadcrumb\",\"itemListElement\":[{\"@type\":\"ListItem\",\"position\":1,\"name\":\"Home\",\"item\":\"https:\/\/www.belinal-fir.com\/sl\/\"},{\"@type\":\"ListItem\",\"position\":2,\"name\":\"Belinal izvle\u010dek\",\"item\":\"https:\/\/www.belinal-fir.com\/sl\/belinal-izvlecek\/\"},{\"@type\":\"ListItem\",\"position\":3,\"name\":\"Kaj je Belinal\u00ae\"}]},{\"@type\":\"WebSite\",\"@id\":\"https:\/\/www.belinal-fir.com\/#website\",\"url\":\"https:\/\/www.belinal-fir.com\/\",\"name\":\"Belinal izvle\u010dek vej bele jelke\",\"description\":\"\",\"potentialAction\":[{\"@type\":\"SearchAction\",\"target\":{\"@type\":\"EntryPoint\",\"urlTemplate\":\"https:\/\/www.belinal-fir.com\/?s={search_term_string}\"},\"query-input\":\"required name=search_term_string\"}],\"inLanguage\":\"sl-SI\"}]}<\/script>\n<!-- \/ Yoast SEO plugin. -->","yoast_head_json":{"title":"Kaj je Belinal\u00ae - Belinal izvle\u010dek vej bele jelke","description":"Izvor, sestava in znanstvena podpora Belinal\u00ae je vrhunski izvle\u010dek vej bele jelke (Abies alba Mill.), pridobljen iz najve\u010djih evropskih gorskih gozdov. Za proizvodnjo izvle\u010dka Belinal\u00ae so skrbno izbrane veje bele","robots":{"index":"index","follow":"follow","max-snippet":"max-snippet:-1","max-image-preview":"max-image-preview:large","max-video-preview":"max-video-preview:-1"},"canonical":"https:\/\/www.belinal-fir.com\/sl\/belinal-izvlecek\/kaj-je-belinal\/","og_locale":"sl_SI","og_type":"article","og_title":"Kaj je Belinal\u00ae - Belinal izvle\u010dek vej bele jelke","og_description":"[vc_row full_width=&#8221;stretch_row_content_no_spaces&#8221; el_class=&#8221;sp-page-title&#8221;][vc_column][\/vc_column][\/vc_row][vc_row el_class=&#8221;sp-intro&#8221;][vc_column width=&#8221;1\/4&#8243; el_class=&#8221;c1&#8243;][\/vc_column][vc_column width=&#8221;3\/4&#8243; el_class=&#8221;c2&#8243;][vc_row_inner][vc_column_inner][vc_column_text] Izvor, sestava in znanstvena podpora Belinal\u00ae je vrhunski izvle\u010dek vej bele jelke (Abies alba Mill.), pridobljen iz najve\u010djih evropskih gorskih gozdov. Za proizvodnjo izvle\u010dka Belinal\u00ae so skrbno izbrane veje bele jelke, ki rastejo v teh neokrnjenih naravnih okoljih. To zagotavlja najvi\u0161jo kakovost rastlinskega materiala in popolno sledljivost izvora. Vse uporabljene veje izvirajo izklju\u010dno iz rednega, trajnostnega gospodarjenja z gozdovi. Bela jelka uspeva v gorskih gozdovih, ki so naravno neonesna\u017eeni in brez pesticidov. Dolgo je veljalo prepri\u010danje, da so najvi\u0161je ravni polifenolov prisotne v temnem sadju, kot so borovnice, grozdje, bezeg in \u010drni ribez. Novej\u0161e raziskave rastlinskih tkiv vej pa so pokazale, da je najve\u010dja koncentracija polifenolnih spojin prisotna v dolo\u010denih delih vej [&hellip;]","og_url":"https:\/\/www.belinal-fir.com\/sl\/belinal-izvlecek\/kaj-je-belinal\/","og_site_name":"Belinal izvle\u010dek vej bele jelke","article_modified_time":"2026-04-06T17:26:15+00:00","og_image":[{"width":1536,"height":1024,"url":"https:\/\/www.belinal-fir.com\/wp-content\/uploads\/2026\/03\/rezkan-rez-drevesa-z-napisom.png","type":"image\/png"}],"twitter_card":"summary_large_image","twitter_misc":{"Est. reading time":"1 minuta"},"schema":{"@context":"https:\/\/schema.org","@graph":[{"@type":"WebPage","@id":"https:\/\/www.belinal-fir.com\/sl\/belinal-izvlecek\/kaj-je-belinal\/","url":"https:\/\/www.belinal-fir.com\/sl\/belinal-izvlecek\/kaj-je-belinal\/","name":"Kaj je Belinal\u00ae - Belinal izvle\u010dek vej bele jelke","isPartOf":{"@id":"https:\/\/www.belinal-fir.com\/#website"},"datePublished":"2024-02-21T14:59:41+00:00","dateModified":"2026-04-06T17:26:15+00:00","breadcrumb":{"@id":"https:\/\/www.belinal-fir.com\/sl\/belinal-izvlecek\/kaj-je-belinal\/#breadcrumb"},"inLanguage":"sl-SI","potentialAction":[{"@type":"ReadAction","target":["https:\/\/www.belinal-fir.com\/sl\/belinal-izvlecek\/kaj-je-belinal\/"]}]},{"@type":"BreadcrumbList","@id":"https:\/\/www.belinal-fir.com\/sl\/belinal-izvlecek\/kaj-je-belinal\/#breadcrumb","itemListElement":[{"@type":"ListItem","position":1,"name":"Home","item":"https:\/\/www.belinal-fir.com\/sl\/"},{"@type":"ListItem","position":2,"name":"Belinal izvle\u010dek","item":"https:\/\/www.belinal-fir.com\/sl\/belinal-izvlecek\/"},{"@type":"ListItem","position":3,"name":"Kaj je Belinal\u00ae"}]},{"@type":"WebSite","@id":"https:\/\/www.belinal-fir.com\/#website","url":"https:\/\/www.belinal-fir.com\/","name":"Belinal izvle\u010dek vej bele jelke","description":"","potentialAction":[{"@type":"SearchAction","target":{"@type":"EntryPoint","urlTemplate":"https:\/\/www.belinal-fir.com\/?s={search_term_string}"},"query-input":"required name=search_term_string"}],"inLanguage":"sl-SI"}]}},"_links":{"self":[{"href":"https:\/\/www.belinal-fir.com\/sl\/wp-json\/wp\/v2\/pages\/850","targetHints":{"allow":["GET"]}}],"collection":[{"href":"https:\/\/www.belinal-fir.com\/sl\/wp-json\/wp\/v2\/pages"}],"about":[{"href":"https:\/\/www.belinal-fir.com\/sl\/wp-json\/wp\/v2\/types\/page"}],"author":[{"embeddable":true,"href":"https:\/\/www.belinal-fir.com\/sl\/wp-json\/wp\/v2\/users\/1"}],"replies":[{"embeddable":true,"href":"https:\/\/www.belinal-fir.com\/sl\/wp-json\/wp\/v2\/comments?post=850"}],"version-history":[{"count":2,"href":"https:\/\/www.belinal-fir.com\/sl\/wp-json\/wp\/v2\/pages\/850\/revisions"}],"predecessor-version":[{"id":992,"href":"https:\/\/www.belinal-fir.com\/sl\/wp-json\/wp\/v2\/pages\/850\/revisions\/992"}],"up":[{"embeddable":true,"href":"https:\/\/www.belinal-fir.com\/sl\/wp-json\/wp\/v2\/pages\/853"}],"wp:featuredmedia":[{"embeddable":true,"href":"https:\/\/www.belinal-fir.com\/sl\/wp-json\/wp\/v2\/media\/679"}],"wp:attachment":[{"href":"https:\/\/www.belinal-fir.com\/sl\/wp-json\/wp\/v2\/media?parent=850"}],"curies":[{"name":"wp","href":"https:\/\/api.w.org\/{rel}","templated":true}]}}