{"id":851,"date":"2024-02-21T14:56:18","date_gmt":"2024-02-21T14:56:18","guid":{"rendered":"https:\/\/www.belinal-fir.com\/advantages\/"},"modified":"2026-04-06T17:32:28","modified_gmt":"2026-04-06T17:32:28","slug":"prednosti-in-lastnosti","status":"publish","type":"page","link":"https:\/\/www.belinal-fir.com\/sl\/belinal-izvlecek\/prednosti-in-lastnosti\/","title":{"rendered":"Prednosti in lastnosti"},"content":{"rendered":"<div class=\"wpb-content-wrapper\"><p>[vc_row full_width=&#8221;stretch_row_content_no_spaces&#8221; el_class=&#8221;sp-page-title&#8221;][vc_column]\t\t\n\t\t<div class=\"title-banner\" style=\"background-image: linear-gradient(rgba(0, 0, 0, 0.0),rgba(0, 0, 0, 0.0)),url();\">\n\t\t\t<div class=\"container\">\n\t\t\t\t<div class=\"breadcrumbs-container\">\n\t\t\t\t\t\t<div class=\"breadcrumbs\">\n\t\t\t\t\t\t\t\n\t<ul class=\"ns-breadcrumbs\">\n\t\t\t<li><a href=\"https:\/\/www.belinal-fir.com\/sl\/\">Home<\/a><\/li>\n\t\t\t\t\t<li><a href=\"https:\/\/www.belinal-fir.com\/sl\/belinal-izvlecek\/\">Belinal izvle\u010dek<\/a><\/li>\n\t\t\t\t<li>Prednosti in lastnosti<\/li>\n\t<\/ul>\n\t\n\t\t\t\t\t\t\t\t<div class=\"clearfix\"><\/div>\n\t\t\t\t\t\t<\/div>\n\t\t\t\t<\/div>\n\t\t\t\t\t\t\t<\/div>\n\t\t<\/div>\n\n\t\t[\/vc_column][\/vc_row][vc_row el_class=&#8221;sp-intro&#8221;][vc_column width=&#8221;1\/4&#8243; el_class=&#8221;c1&#8243;]\t\n\t\t<nav class=\" sidenav \">\n\t\t<a href=\"https:\/\/www.belinal-fir.com\/sl\/belinal-izvlecek\/\" class=\"sidenav-title\"><h2>Belinal izvle\u010dek<\/h2><\/a>\n\t\t<ul>\n\t\t<li class=\"page_item page-item-850\"><a href=\"https:\/\/www.belinal-fir.com\/sl\/belinal-izvlecek\/kaj-je-belinal\/\">Kaj je Belinal\u00ae<\/a><\/li>\n<li class=\"page_item page-item-852\"><a href=\"https:\/\/www.belinal-fir.com\/sl\/belinal-izvlecek\/zgodba-o-beli-jelki\/\">Zgodba o beli jelki<\/a><\/li>\n<li class=\"page_item page-item-851\"><a href=\"https:\/\/www.belinal-fir.com\/sl\/belinal-izvlecek\/prednosti-in-lastnosti\/\">Prednosti in lastnosti<\/a><\/li>\n<li class=\"page_item page-item-849\"><a href=\"https:\/\/www.belinal-fir.com\/sl\/belinal-izvlecek\/varnost-in-kakovost\/\">Varnost in kakovost<\/a><\/li>\n<li class=\"page_item page-item-848\"><a href=\"https:\/\/www.belinal-fir.com\/sl\/belinal-izvlecek\/trajnost\/\">Trajnost<\/a><\/li>\n\t   \t<\/ul>\n\t<\/nav>\n\t\n\t[\/vc_column][vc_column width=&#8221;3\/4&#8243; el_class=&#8221;c2&#8243;]\t\t\n\t\t<div class=\"title-banner\" style=\"background-image: url();\">\n\t\t\t<div class=\"container\">\n\t\t\t\t<h1 class=\"entry-title\">Prednosti in lastnosti<\/h1>\n\n\t\t\t\t\t\t\t<\/div>\n\t\t<\/div>\n\n\t\t[vc_row_inner][vc_column_inner][vc_column_text]<\/p>\n<h2>Prednosti in lastnosti Belinal\u00ae<\/h2>\n<p>Belinal\u00ae je napredna polifenolna sestavina, ki prina\u0161a izjemne koristi za zdravje in splo\u0161no dobro po\u010dutje. Ta inovativni botani\u010dni izvle\u010dek s \u0161irokim spektrom delovanja podpira ve\u010d razli\u010dnih mehanizmov in deluje sinergijsko, zato se jasno razlikuje od sestavin, ki temeljijo le na enem, izoliranem na\u010dinu delovanja.<\/p>\n<ul>\n<li><strong>\u010cist postopek ekstrakcije na vodni osnovi:<\/strong> Belinal\u00ae je pridobljen s \u010distim postopkom ekstrakcije brez uporabe organskih topil. Surovina izvira izklju\u010dno iz neokrnjenih gorskih gozdov EU, kar zagotavlja izjemno \u010distost, trajnostno pridobivanje in popolno sledljivost.<\/li>\n<li><strong>Edinstvena prednost na trgu:<\/strong> Belinal\u00ae znamkam omogo\u010da jasno razlikovanje na trgu, krepi vrednost izdelka ter pove\u010duje zaupanje potro\u0161nikov.<\/li>\n<li><strong>Ve\u010dja stabilnost formulacij:<\/strong> Belinal\u00ae prispeva k dolgoro\u010dni obstojnosti izdelka in ohranja svojo u\u010dinkovitost skozi celotno petletno obdobje uporabnosti.<\/li>\n<li><strong>Vrhunska u\u010dinkovitost:<\/strong> Primerjalna vrednotenja ka\u017eejo, da Belinal\u00ae dosega bolj\u0161e u\u010dinke kot nekatere uveljavljene sestavine na trgu, kot so resveratrol, Pycnogenol\u00ae, kvercetin in izvle\u010dki zelenega \u010daja.<\/li>\n<li><strong>Nizek u\u010dinkovit odmerek:<\/strong> Priporo\u010den dnevni vnos zna\u0161a le od 50 do 150 mg, kar omogo\u010da visoko u\u010dinkovitost in hkrati odli\u010dno razmerje med vrednostjo in uporabo.<\/li>\n<\/ul>\n<h4>\u010ce i\u0161\u010dete inovativno sestavino za obogatitev kon\u010dnega izdelka, Belinal\u00ae ponuja re\u0161itev brez primere.<\/h4>\n<p>[\/vc_column_text][vc_single_image image=&#8221;549&#8243;][\/vc_column_inner][\/vc_row_inner][vc_empty_space][\/vc_column][\/vc_row]<\/p>\n<\/div>","protected":false},"excerpt":{"rendered":"<p>[vc_row full_width=&#8221;stretch_row_content_no_spaces&#8221; el_class=&#8221;sp-page-title&#8221;][vc_column][\/vc_column][\/vc_row][vc_row el_class=&#8221;sp-intro&#8221;][vc_column width=&#8221;1\/4&#8243; el_class=&#8221;c1&#8243;][\/vc_column][vc_column width=&#8221;3\/4&#8243; el_class=&#8221;c2&#8243;][vc_row_inner][vc_column_inner][vc_column_text] Prednosti in lastnosti Belinal\u00ae Belinal\u00ae je napredna polifenolna sestavina, ki prina\u0161a izjemne koristi za zdravje in splo\u0161no dobro po\u010dutje. Ta inovativni botani\u010dni izvle\u010dek s \u0161irokim spektrom delovanja podpira ve\u010d razli\u010dnih mehanizmov in deluje sinergijsko, zato se jasno razlikuje od sestavin, ki temeljijo le na enem, izoliranem na\u010dinu delovanja. \u010cist postopek ekstrakcije na vodni osnovi: Belinal\u00ae je pridobljen s \u010distim postopkom ekstrakcije brez uporabe organskih topil. Surovina izvira izklju\u010dno iz neokrnjenih gorskih gozdov EU, kar zagotavlja izjemno \u010distost, trajnostno pridobivanje in popolno sledljivost. Edinstvena prednost na trgu: Belinal\u00ae znamkam omogo\u010da jasno razlikovanje na trgu, krepi vrednost izdelka ter pove\u010duje zaupanje potro\u0161nikov. Ve\u010dja stabilnost formulacij: Belinal\u00ae prispeva k dolgoro\u010dni obstojnosti izdelka in ohranja svojo [&hellip;]<\/p>\n","protected":false},"author":1,"featured_media":715,"parent":853,"menu_order":2,"comment_status":"closed","ping_status":"closed","template":"","meta":{"footnotes":""},"class_list":["post-851","page","type-page","status-publish","has-post-thumbnail","hentry"],"yoast_head":"<!-- This site is optimized with the Yoast SEO plugin v21.3 - https:\/\/yoast.com\/wordpress\/plugins\/seo\/ -->\n<title>Prednosti in lastnosti - Belinal izvle\u010dek vej bele jelke<\/title>\n<meta name=\"description\" content=\"Belinal\u00ae je inovativen rastlinski izvle\u010dek s \u0161irokim delovanjem, ki naprednim formulacijam za podporo zdravju prina\u0161a visoko u\u010dinkovitost, stabilnost in jasno konkuren\u010dno prednost.\" \/>\n<meta name=\"robots\" content=\"index, follow, max-snippet:-1, max-image-preview:large, max-video-preview:-1\" \/>\n<link rel=\"canonical\" href=\"https:\/\/www.belinal-fir.com\/sl\/belinal-izvlecek\/prednosti-in-lastnosti\/\" \/>\n<meta property=\"og:locale\" content=\"sl_SI\" \/>\n<meta property=\"og:type\" content=\"article\" \/>\n<meta property=\"og:title\" content=\"Prednosti in lastnosti - Belinal izvle\u010dek vej bele jelke\" \/>\n<meta property=\"og:description\" content=\"Belinal\u00ae je inovativen rastlinski izvle\u010dek s \u0161irokim delovanjem, ki naprednim formulacijam za podporo zdravju prina\u0161a visoko u\u010dinkovitost, stabilnost in jasno konkuren\u010dno prednost.\" \/>\n<meta property=\"og:url\" content=\"https:\/\/www.belinal-fir.com\/sl\/belinal-izvlecek\/prednosti-in-lastnosti\/\" \/>\n<meta property=\"og:site_name\" content=\"Belinal izvle\u010dek vej bele jelke\" \/>\n<meta property=\"article:modified_time\" content=\"2026-04-06T17:32:28+00:00\" \/>\n<meta property=\"og:image\" content=\"https:\/\/www.belinal-fir.com\/wp-content\/uploads\/2026\/03\/water-extraction-scaled.jpg\" \/>\n\t<meta property=\"og:image:width\" content=\"2560\" \/>\n\t<meta property=\"og:image:height\" content=\"1697\" \/>\n\t<meta property=\"og:image:type\" content=\"image\/jpeg\" \/>\n<meta name=\"twitter:card\" content=\"summary_large_image\" \/>\n<meta name=\"twitter:label1\" content=\"Est. reading time\" \/>\n\t<meta name=\"twitter:data1\" content=\"1 minuta\" \/>\n<script type=\"application\/ld+json\" class=\"yoast-schema-graph\">{\"@context\":\"https:\/\/schema.org\",\"@graph\":[{\"@type\":\"WebPage\",\"@id\":\"https:\/\/www.belinal-fir.com\/sl\/belinal-izvlecek\/prednosti-in-lastnosti\/\",\"url\":\"https:\/\/www.belinal-fir.com\/sl\/belinal-izvlecek\/prednosti-in-lastnosti\/\",\"name\":\"Prednosti in lastnosti - Belinal izvle\u010dek vej bele jelke\",\"isPartOf\":{\"@id\":\"https:\/\/www.belinal-fir.com\/#website\"},\"datePublished\":\"2024-02-21T14:56:18+00:00\",\"dateModified\":\"2026-04-06T17:32:28+00:00\",\"description\":\"Belinal\u00ae je inovativen rastlinski izvle\u010dek s \u0161irokim delovanjem, ki naprednim formulacijam za podporo zdravju prina\u0161a visoko u\u010dinkovitost, stabilnost in jasno konkuren\u010dno prednost.\",\"breadcrumb\":{\"@id\":\"https:\/\/www.belinal-fir.com\/sl\/belinal-izvlecek\/prednosti-in-lastnosti\/#breadcrumb\"},\"inLanguage\":\"sl-SI\",\"potentialAction\":[{\"@type\":\"ReadAction\",\"target\":[\"https:\/\/www.belinal-fir.com\/sl\/belinal-izvlecek\/prednosti-in-lastnosti\/\"]}]},{\"@type\":\"BreadcrumbList\",\"@id\":\"https:\/\/www.belinal-fir.com\/sl\/belinal-izvlecek\/prednosti-in-lastnosti\/#breadcrumb\",\"itemListElement\":[{\"@type\":\"ListItem\",\"position\":1,\"name\":\"Home\",\"item\":\"https:\/\/www.belinal-fir.com\/sl\/\"},{\"@type\":\"ListItem\",\"position\":2,\"name\":\"Belinal izvle\u010dek\",\"item\":\"https:\/\/www.belinal-fir.com\/sl\/belinal-izvlecek\/\"},{\"@type\":\"ListItem\",\"position\":3,\"name\":\"Prednosti in lastnosti\"}]},{\"@type\":\"WebSite\",\"@id\":\"https:\/\/www.belinal-fir.com\/#website\",\"url\":\"https:\/\/www.belinal-fir.com\/\",\"name\":\"Belinal izvle\u010dek vej bele jelke\",\"description\":\"\",\"potentialAction\":[{\"@type\":\"SearchAction\",\"target\":{\"@type\":\"EntryPoint\",\"urlTemplate\":\"https:\/\/www.belinal-fir.com\/?s={search_term_string}\"},\"query-input\":\"required name=search_term_string\"}],\"inLanguage\":\"sl-SI\"}]}<\/script>\n<!-- \/ Yoast SEO plugin. -->","yoast_head_json":{"title":"Prednosti in lastnosti - Belinal izvle\u010dek vej bele jelke","description":"Belinal\u00ae je inovativen rastlinski izvle\u010dek s \u0161irokim delovanjem, ki naprednim formulacijam za podporo zdravju prina\u0161a visoko u\u010dinkovitost, stabilnost in jasno konkuren\u010dno prednost.","robots":{"index":"index","follow":"follow","max-snippet":"max-snippet:-1","max-image-preview":"max-image-preview:large","max-video-preview":"max-video-preview:-1"},"canonical":"https:\/\/www.belinal-fir.com\/sl\/belinal-izvlecek\/prednosti-in-lastnosti\/","og_locale":"sl_SI","og_type":"article","og_title":"Prednosti in lastnosti - Belinal izvle\u010dek vej bele jelke","og_description":"Belinal\u00ae je inovativen rastlinski izvle\u010dek s \u0161irokim delovanjem, ki naprednim formulacijam za podporo zdravju prina\u0161a visoko u\u010dinkovitost, stabilnost in jasno konkuren\u010dno prednost.","og_url":"https:\/\/www.belinal-fir.com\/sl\/belinal-izvlecek\/prednosti-in-lastnosti\/","og_site_name":"Belinal izvle\u010dek vej bele jelke","article_modified_time":"2026-04-06T17:32:28+00:00","og_image":[{"width":2560,"height":1697,"url":"https:\/\/www.belinal-fir.com\/wp-content\/uploads\/2026\/03\/water-extraction-scaled.jpg","type":"image\/jpeg"}],"twitter_card":"summary_large_image","twitter_misc":{"Est. reading time":"1 minuta"},"schema":{"@context":"https:\/\/schema.org","@graph":[{"@type":"WebPage","@id":"https:\/\/www.belinal-fir.com\/sl\/belinal-izvlecek\/prednosti-in-lastnosti\/","url":"https:\/\/www.belinal-fir.com\/sl\/belinal-izvlecek\/prednosti-in-lastnosti\/","name":"Prednosti in lastnosti - Belinal izvle\u010dek vej bele jelke","isPartOf":{"@id":"https:\/\/www.belinal-fir.com\/#website"},"datePublished":"2024-02-21T14:56:18+00:00","dateModified":"2026-04-06T17:32:28+00:00","description":"Belinal\u00ae je inovativen rastlinski izvle\u010dek s \u0161irokim delovanjem, ki naprednim formulacijam za podporo zdravju prina\u0161a visoko u\u010dinkovitost, stabilnost in jasno konkuren\u010dno prednost.","breadcrumb":{"@id":"https:\/\/www.belinal-fir.com\/sl\/belinal-izvlecek\/prednosti-in-lastnosti\/#breadcrumb"},"inLanguage":"sl-SI","potentialAction":[{"@type":"ReadAction","target":["https:\/\/www.belinal-fir.com\/sl\/belinal-izvlecek\/prednosti-in-lastnosti\/"]}]},{"@type":"BreadcrumbList","@id":"https:\/\/www.belinal-fir.com\/sl\/belinal-izvlecek\/prednosti-in-lastnosti\/#breadcrumb","itemListElement":[{"@type":"ListItem","position":1,"name":"Home","item":"https:\/\/www.belinal-fir.com\/sl\/"},{"@type":"ListItem","position":2,"name":"Belinal izvle\u010dek","item":"https:\/\/www.belinal-fir.com\/sl\/belinal-izvlecek\/"},{"@type":"ListItem","position":3,"name":"Prednosti in lastnosti"}]},{"@type":"WebSite","@id":"https:\/\/www.belinal-fir.com\/#website","url":"https:\/\/www.belinal-fir.com\/","name":"Belinal izvle\u010dek vej bele jelke","description":"","potentialAction":[{"@type":"SearchAction","target":{"@type":"EntryPoint","urlTemplate":"https:\/\/www.belinal-fir.com\/?s={search_term_string}"},"query-input":"required name=search_term_string"}],"inLanguage":"sl-SI"}]}},"_links":{"self":[{"href":"https:\/\/www.belinal-fir.com\/sl\/wp-json\/wp\/v2\/pages\/851","targetHints":{"allow":["GET"]}}],"collection":[{"href":"https:\/\/www.belinal-fir.com\/sl\/wp-json\/wp\/v2\/pages"}],"about":[{"href":"https:\/\/www.belinal-fir.com\/sl\/wp-json\/wp\/v2\/types\/page"}],"author":[{"embeddable":true,"href":"https:\/\/www.belinal-fir.com\/sl\/wp-json\/wp\/v2\/users\/1"}],"replies":[{"embeddable":true,"href":"https:\/\/www.belinal-fir.com\/sl\/wp-json\/wp\/v2\/comments?post=851"}],"version-history":[{"count":1,"href":"https:\/\/www.belinal-fir.com\/sl\/wp-json\/wp\/v2\/pages\/851\/revisions"}],"predecessor-version":[{"id":995,"href":"https:\/\/www.belinal-fir.com\/sl\/wp-json\/wp\/v2\/pages\/851\/revisions\/995"}],"up":[{"embeddable":true,"href":"https:\/\/www.belinal-fir.com\/sl\/wp-json\/wp\/v2\/pages\/853"}],"wp:featuredmedia":[{"embeddable":true,"href":"https:\/\/www.belinal-fir.com\/sl\/wp-json\/wp\/v2\/media\/715"}],"wp:attachment":[{"href":"https:\/\/www.belinal-fir.com\/sl\/wp-json\/wp\/v2\/media?parent=851"}],"curies":[{"name":"wp","href":"https:\/\/api.w.org\/{rel}","templated":true}]}}