{"id":855,"date":"2024-02-21T10:31:02","date_gmt":"2024-02-21T10:31:02","guid":{"rendered":"https:\/\/www.belinal-fir.com\/contact\/"},"modified":"2026-04-07T06:05:14","modified_gmt":"2026-04-07T06:05:14","slug":"kontakt","status":"publish","type":"page","link":"https:\/\/www.belinal-fir.com\/sl\/kontakt\/","title":{"rendered":"Kontakt"},"content":{"rendered":"<div class=\"wpb-content-wrapper\"><p>[vc_row full_width=&#8221;stretch_row_content_no_spaces&#8221; el_class=&#8221;sp-page-title&#8221;][vc_column]\t\t\n\t\t<div class=\"title-banner\" style=\"background-image: linear-gradient(rgba(0, 0, 0, 0.0),rgba(0, 0, 0, 0.0)),url();\">\n\t\t\t<div class=\"container\">\n\t\t\t\t<div class=\"breadcrumbs-container\">\n\t\t\t\t\t\t<div class=\"breadcrumbs\">\n\t\t\t\t\t\t\t\n\t<ul class=\"ns-breadcrumbs\">\n\t\t\t<li><a href=\"https:\/\/www.belinal-fir.com\/sl\/\">Home<\/a><\/li>\n\t\t\t\t<li>Kontakt<\/li>\n\t<\/ul>\n\t\n\t\t\t\t\t\t\t\t<div class=\"clearfix\"><\/div>\n\t\t\t\t\t\t<\/div>\n\t\t\t\t<\/div>\n\t\t\t\t\t\t\t\t\t<h1 class=\"entry-title\">Kontakt<\/h1>\n\t\t\t\t\t\t\t<\/div>\n\t\t<\/div>\n\n\t\t[\/vc_column][\/vc_row][vc_row el_class=&#8221;sp-kontakt-sec-1&#8243;][vc_column width=&#8221;5\/12&#8243; el_class=&#8221;col-left&#8221;]\t\t\r\n\t\t<p class=\"info \"><b>B+F d.o.o.<\/b><br>\r\nCelov\u0161ka 172, 1000 Ljubljana<br>\r\nSIovenia, Europe<br>\r\nVAT: SI 22110801<\/p>\r\n\r\n\t\t[vc_empty_space height=&#8221;12px&#8221;]\r\n\t\t<div class=\"wpb_raw_code wpb_content_element wpb_raw_html  \">\r\n      <div class=\"wpb_wrapper\">\r\n        \t\r\n              <a href=\"tel:+386  31 343 555\">\r\n                      <svg width=\"18\" height=\"18\" viewBox=\"0 0 18 18\" fill=\"none\" xmlns=\"http:\/\/www.w3.org\/2000\/svg\">\r\n    <path d=\"M17.2282 12.3335L12.8897 10.3892C12.6932 10.305 12.4787 10.2711 12.2657 10.2907C12.0528 10.3102 11.848 10.3826 11.6701 10.5012C11.652 10.5128 11.6348 10.5257 11.6187 10.5398L9.35114 12.4685C9.32762 12.4813 9.30143 12.4885 9.27465 12.4894C9.24787 12.4904 9.22123 12.4851 9.19685 12.474C7.73935 11.7705 6.22951 10.2698 5.52326 8.83251C5.5115 8.8085 5.50538 8.78211 5.50538 8.75537C5.50538 8.72863 5.5115 8.70224 5.52326 8.67822L7.45832 6.38222C7.47221 6.36523 7.48509 6.34745 7.49689 6.32895C7.61389 6.15033 7.68455 5.94538 7.70251 5.73261C7.72047 5.51984 7.68516 5.30594 7.59976 5.11024L5.66928 0.779058C5.55965 0.523383 5.37006 0.310161 5.12895 0.171393C4.88785 0.0326249 4.60824 -0.0242032 4.3321 0.00943748C3.13196 0.167216 2.03033 0.756591 1.23307 1.66743C0.435819 2.57826 -0.0025051 3.74823 1.07704e-05 4.9587C1.07704e-05 12.1498 5.85021 18 13.0413 18C14.2517 18.0023 15.4215 17.5639 16.3323 16.7667C17.2431 15.9695 17.8325 14.868 17.9905 13.6679C18.0241 13.393 17.968 13.1147 17.8307 12.8743C17.6933 12.6338 17.4821 12.4442 17.2282 12.3335ZM13.0413 16.8979C6.45819 16.8979 1.10209 11.5418 1.10209 4.9587C1.09902 4.01636 1.43914 3.10513 2.05892 2.39527C2.67869 1.68541 3.53571 1.22548 4.46985 1.10142H4.49098C4.52799 1.10211 4.56393 1.11396 4.59408 1.13543C4.62423 1.1569 4.6472 1.18698 4.65996 1.22173L6.59778 5.54831C6.60884 5.57237 6.61456 5.59853 6.61456 5.625C6.61456 5.65147 6.60884 5.67763 6.59778 5.70169L4.65905 8.0032C4.64458 8.01963 4.63138 8.03713 4.61955 8.05555C4.49824 8.24075 4.4268 8.45414 4.41216 8.67505C4.39752 8.89597 4.44017 9.11692 4.53598 9.31651C5.3506 10.9843 7.03127 12.6521 8.71745 13.4668C8.91821 13.562 9.14023 13.6037 9.36187 13.5876C9.58351 13.5715 9.79719 13.4982 9.98208 13.3749C9.99953 13.363 10.017 13.3501 10.0335 13.3364L12.3001 11.4077C12.3225 11.3957 12.3472 11.3886 12.3726 11.387C12.3979 11.3855 12.4234 11.3894 12.4471 11.3985L16.7865 13.3428C16.8219 13.3579 16.8517 13.3837 16.8717 13.4167C16.8916 13.4497 16.9007 13.4881 16.8976 13.5265C16.7742 14.461 16.3147 15.3187 15.605 15.9392C14.8953 16.5596 13.9839 16.9004 13.0413 16.8979Z\" fill=\"#CC0000\"\/>\r\n    <\/svg>\r\n     \r\n                      <span>\r\n                            <span class='hide-mobile'><\/span><span class='inner-contents'>031 343 555<\/span>\r\n              \r\n                      <\/span>\r\n                <\/a>\r\n              <\/div>\r\n    <\/div>\r\n\r\n\t\t\t\t\r\n\t\t<div class=\"wpb_raw_code wpb_content_element wpb_raw_html  \">\r\n      <div class=\"wpb_wrapper\">\r\n             <a href=\"&#109;&#x61;i&#x6c;&#x74;&#111;&#x3a;o&#x72;&#x64;&#101;&#x72;s&#x40;&#x61;&#98;&#x69;e&#x73;&#x74;&#114;&#x61;d&#x65;&#x2e;&#99;&#x6f;m\">\r\n                    <svg width=\"18\" height=\"14\" viewBox=\"0 0 18 14\" fill=\"none\" xmlns=\"http:\/\/www.w3.org\/2000\/svg\">\r\n    <path d=\"M1.615 14C1.155 14 0.771 13.846 0.463 13.538C0.154333 13.2293 0 12.845 0 12.385V1.615C0 1.155 0.154333 0.771 0.463 0.463C0.771 0.154333 1.155 0 1.615 0H16.385C16.845 0 17.229 0.154333 17.537 0.463C17.8457 0.771 18 1.155 18 1.615V12.385C18 12.845 17.846 13.229 17.538 13.537C17.2293 13.8457 16.845 14 16.385 14H1.615ZM9 7.115L1 1.885V12.385C1 12.5643 1.05767 12.7117 1.173 12.827C1.28833 12.9423 1.43567 13 1.615 13H16.385C16.5643 13 16.7117 12.9423 16.827 12.827C16.9423 12.7117 17 12.5643 17 12.385V1.885L9 7.115ZM9 6L16.692 1H1.308L9 6ZM1 1.885V1V12.385C1 12.5643 1.05767 12.7117 1.173 12.827C1.28833 12.9423 1.43567 13 1.615 13H1V1.885Z\" fill=\"#CC0000\"\/>\r\n    <\/svg>\r\n     \r\n                    <span>\r\n                          <span class='hide-mobile'><\/span><span class='inner-contents'>o&#x72;&#x64;e&#114;&#x73;&#64;a&#x62;&#x69;e&#115;&#x74;ra&#x64;&#x65;.&#99;&#x6f;m<\/span>\r\n            \r\n                    <\/span>\r\n            <\/a>\r\n      <\/div>\r\n    <\/div>\r\n\r\n\t\t[vc_empty_space][vc_column_text]<strong>Proizvodnja: <\/strong><\/p>\n<p>B+F Production<br \/>\nLjubljanska cesta 4A, 1295 Ivanca Gorica<br \/>\nSlovenia, Europe[\/vc_column_text][\/vc_column][vc_column width=&#8221;7\/12&#8243; el_class=&#8221;col-right&#8221;]\n<div class=\"wpcf7 no-js\" id=\"wpcf7-f980-o1\" lang=\"en-US\" dir=\"ltr\">\n<div class=\"screen-reader-response\"><p role=\"status\" aria-live=\"polite\" aria-atomic=\"true\"><\/p> <ul><\/ul><\/div>\n<form action=\"\/sl\/wp-json\/wp\/v2\/pages\/855#wpcf7-f980-o1\" method=\"post\" class=\"wpcf7-form init\" aria-label=\"Contact form\" novalidate=\"novalidate\" data-status=\"init\">\n<div style=\"display: none;\">\n<input type=\"hidden\" name=\"_wpcf7\" value=\"980\" \/>\n<input type=\"hidden\" name=\"_wpcf7_version\" value=\"5.8.7\" \/>\n<input type=\"hidden\" name=\"_wpcf7_locale\" value=\"en_US\" \/>\n<input type=\"hidden\" name=\"_wpcf7_unit_tag\" value=\"wpcf7-f980-o1\" \/>\n<input type=\"hidden\" name=\"_wpcf7_container_post\" value=\"0\" \/>\n<input type=\"hidden\" name=\"_wpcf7_posted_data_hash\" value=\"\" \/>\n<input type=\"hidden\" name=\"_wpcf7_recaptcha_response\" value=\"\" \/>\n<\/div>\n<h3>Kontaktni obrazec\n<\/h3>\n<p>Kontaktirajte nas in odgovorili vam bomo v najkraj\u0161em mo\u017enem \u010dasu.\n<\/p>\n<p class=\"p-input\"><span class=\"wpcf7-form-control-wrap\" data-name=\"your-name\"><input size=\"40\" class=\"wpcf7-form-control wpcf7-text wpcf7-validates-as-required\" aria-required=\"true\" aria-invalid=\"false\" placeholder=\"Ime in priimek *\" value=\"\" type=\"text\" name=\"your-name\" \/><\/span>\n<\/p>\n<p class=\"p-input\"><span class=\"wpcf7-form-control-wrap\" data-name=\"your-email\"><input size=\"40\" class=\"wpcf7-form-control wpcf7-email wpcf7-validates-as-required wpcf7-text wpcf7-validates-as-email\" aria-required=\"true\" aria-invalid=\"false\" placeholder=\"E-po\u0161ta *\" value=\"\" type=\"email\" name=\"your-email\" \/><\/span>\n<\/p>\n<p class=\"p-input\"><span class=\"wpcf7-form-control-wrap\" data-name=\"your-tel\"><input size=\"40\" class=\"wpcf7-form-control wpcf7-text wpcf7-validates-as-required\" aria-required=\"true\" aria-invalid=\"false\" placeholder=\"Telefon *\" value=\"\" type=\"text\" name=\"your-tel\" \/><\/span>\n<\/p>\n<p class=\"p-input\"><span class=\"wpcf7-form-control-wrap\" data-name=\"your-message\"><textarea cols=\"40\" rows=\"10\" class=\"wpcf7-form-control wpcf7-textarea\" aria-invalid=\"false\" placeholder=\"Sporo\u010dilo...\" name=\"your-message\"><\/textarea><\/span>\n<\/p>\n<p><span class=\"wpcf7-form-control-wrap\" data-name=\"your-gdpr\"><span class=\"wpcf7-form-control wpcf7-checkbox wpcf7-validates-as-required\"><span class=\"wpcf7-list-item first last\"><input type=\"checkbox\" name=\"your-gdpr[]\" value=\"*\" \/><span class=\"wpcf7-list-item-label\">*<\/span><\/span><\/span><\/span> Strinjam se, da podjetje B+F d.o.o. shranjuje osebne podatke iz obrazca za interno uporabo in komunikacijo z menoj za namene oddanega povpra\u0161evanja. Uporabnik lahko zahteva izbris osebnih podatkov po e-po\u0161ti <a href=\"mai&#108;&#x74;&#x6f;&#x3a;&#x6f;rde&#114;&#x73;&#x40;&#x61;&#x62;ies&#116;&#114;&#x61;&#x64;&#x65;&#x2e;com\">ord&#101;&#x72;&#x73;&#x40;&#x61;bie&#115;&#x74;&#x72;&#x61;&#x64;e.c&#111;&#109;<\/a>.\n<\/p>\n<p><input class=\"wpcf7-form-control wpcf7-submit has-spinner\" type=\"submit\" value=\"Po\u0161lji\" \/>\n<\/p><div class=\"wpcf7-response-output\" aria-hidden=\"true\"><\/div>\n<\/form>\n<\/div>\n[\/vc_column][\/vc_row][vc_row full_width=&#8221;stretch_row_content_no_spaces&#8221; el_class=&#8221;sp-kontakt-sec-3&#8243;][vc_column][vc_gmaps link=&#8221;#E-8_JTNDaWZyYW1lJTIwc3JjJTNEJTIyaHR0cHMlM0ElMkYlMkZ3d3cuZ29vZ2xlLmNvbSUyRm1hcHMlMkZlbWJlZCUzRnBiJTNEJTIxMW0xOCUyMTFtMTIlMjExbTMlMjExZDE4MTM4Ljk2MjAxNjkwMTI1NiUyMTJkMTQuNzgyNDg2NDI3MDUzNjM2JTIxM2Q0NS45NDUwMDIzMjIzNTg2MyUyMTJtMyUyMTFmMCUyMTJmMCUyMTNmMCUyMTNtMiUyMTFpMTAyNCUyMTJpNzY4JTIxNGYxMy4xJTIxM20zJTIxMW0yJTIxMXMweDQ3NjUyMjIwYjQzYzA1NDElMjUzQTB4ZTk1MjFlMzMyMTg4NmU5OSUyMTJzTGp1YmxqYW5za2ElMjUyMGNlc3RhJTI1MjA0YSUyNTJDJTI1MjAxMjk1JTI1MjBJdmFuJTI1QzQlMjU4RG5hJTI1MjBHb3JpY2ElMjE1ZTAlMjEzbTIlMjExc3NsJTIxMnNzaSUyMTR2MTc3NTU0MTg4NTk5MSUyMTVtMiUyMTFzc2wlMjEyc3NpJTIyJTIwd2lkdGglM0QlMjI2MDAlMjIlMjBoZWlnaHQlM0QlMjI0NTAlMjIlMjBzdHlsZSUzRCUyMmJvcmRlciUzQTAlM0IlMjIlMjBhbGxvd2Z1bGxzY3JlZW4lM0QlMjIlMjIlMjBsb2FkaW5nJTNEJTIybGF6eSUyMiUyMHJlZmVycmVycG9saWN5JTNEJTIybm8tcmVmZXJyZXItd2hlbi1kb3duZ3JhZGUlMjIlM0UlM0MlMkZpZnJhbWUlM0U=&#8221; el_class=&#8221;sp-kontakt-sec-3&#8243;][\/vc_column][\/vc_row]<\/p>\n<\/div>","protected":false},"excerpt":{"rendered":"<p>[vc_row full_width=&#8221;stretch_row_content_no_spaces&#8221; el_class=&#8221;sp-page-title&#8221;][vc_column][\/vc_column][\/vc_row][vc_row el_class=&#8221;sp-kontakt-sec-1&#8243;][vc_column width=&#8221;5\/12&#8243; el_class=&#8221;col-left&#8221;][vc_empty_space height=&#8221;12px&#8221;][vc_empty_space][vc_column_text]Proizvodnja: B+F Production Ljubljanska cesta 4A, 1295 Ivanca Gorica Slovenia, Europe[\/vc_column_text][\/vc_column][vc_column width=&#8221;7\/12&#8243; el_class=&#8221;col-right&#8221;][\/vc_column][\/vc_row][vc_row full_width=&#8221;stretch_row_content_no_spaces&#8221; el_class=&#8221;sp-kontakt-sec-3&#8243;][vc_column][vc_gmaps link=&#8221;#E-8_JTNDaWZyYW1lJTIwc3JjJTNEJTIyaHR0cHMlM0ElMkYlMkZ3d3cuZ29vZ2xlLmNvbSUyRm1hcHMlMkZlbWJlZCUzRnBiJTNEJTIxMW0xOCUyMTFtMTIlMjExbTMlMjExZDE4MTM4Ljk2MjAxNjkwMTI1NiUyMTJkMTQuNzgyNDg2NDI3MDUzNjM2JTIxM2Q0NS45NDUwMDIzMjIzNTg2MyUyMTJtMyUyMTFmMCUyMTJmMCUyMTNmMCUyMTNtMiUyMTFpMTAyNCUyMTJpNzY4JTIxNGYxMy4xJTIxM20zJTIxMW0yJTIxMXMweDQ3NjUyMjIwYjQzYzA1NDElMjUzQTB4ZTk1MjFlMzMyMTg4NmU5OSUyMTJzTGp1YmxqYW5za2ElMjUyMGNlc3RhJTI1MjA0YSUyNTJDJTI1MjAxMjk1JTI1MjBJdmFuJTI1QzQlMjU4RG5hJTI1MjBHb3JpY2ElMjE1ZTAlMjEzbTIlMjExc3NsJTIxMnNzaSUyMTR2MTc3NTU0MTg4NTk5MSUyMTVtMiUyMTFzc2wlMjEyc3NpJTIyJTIwd2lkdGglM0QlMjI2MDAlMjIlMjBoZWlnaHQlM0QlMjI0NTAlMjIlMjBzdHlsZSUzRCUyMmJvcmRlciUzQTAlM0IlMjIlMjBhbGxvd2Z1bGxzY3JlZW4lM0QlMjIlMjIlMjBsb2FkaW5nJTNEJTIybGF6eSUyMiUyMHJlZmVycmVycG9saWN5JTNEJTIybm8tcmVmZXJyZXItd2hlbi1kb3duZ3JhZGUlMjIlM0UlM0MlMkZpZnJhbWUlM0U=&#8221; el_class=&#8221;sp-kontakt-sec-3&#8243;][\/vc_column][\/vc_row]<\/p>\n","protected":false},"author":1,"featured_media":0,"parent":0,"menu_order":6,"comment_status":"closed","ping_status":"closed","template":"","meta":{"footnotes":""},"class_list":["post-855","page","type-page","status-publish","hentry"],"yoast_head":"<!-- This site is optimized with the Yoast SEO plugin v21.3 - https:\/\/yoast.com\/wordpress\/plugins\/seo\/ -->\n<title>Kontakt - Belinal izvle\u010dek vej bele jelke<\/title>\n<meta name=\"description\" content=\"Proizvodnja: B+F Production Ljubljanska cesta 4A, 1295 Ivanca Gorica Slovenia, Europe\" \/>\n<meta name=\"robots\" content=\"index, follow, max-snippet:-1, max-image-preview:large, max-video-preview:-1\" \/>\n<link rel=\"canonical\" href=\"https:\/\/www.belinal-fir.com\/sl\/kontakt\/\" \/>\n<meta property=\"og:locale\" content=\"sl_SI\" \/>\n<meta property=\"og:type\" content=\"article\" \/>\n<meta property=\"og:title\" content=\"Kontakt - Belinal izvle\u010dek vej bele jelke\" \/>\n<meta property=\"og:description\" content=\"[vc_row full_width=&#8221;stretch_row_content_no_spaces&#8221; el_class=&#8221;sp-page-title&#8221;][vc_column][\/vc_column][\/vc_row][vc_row el_class=&#8221;sp-kontakt-sec-1&#8243;][vc_column width=&#8221;5\/12&#8243; el_class=&#8221;col-left&#8221;][vc_empty_space height=&#8221;12px&#8221;][vc_empty_space][vc_column_text]Proizvodnja: B+F Production Ljubljanska cesta 4A, 1295 Ivanca Gorica Slovenia, Europe[\/vc_column_text][\/vc_column][vc_column width=&#8221;7\/12&#8243; el_class=&#8221;col-right&#8221;][\/vc_column][\/vc_row][vc_row full_width=&#8221;stretch_row_content_no_spaces&#8221; el_class=&#8221;sp-kontakt-sec-3&#8243;][vc_column][vc_gmaps link=&#8221;#E-8_JTNDaWZyYW1lJTIwc3JjJTNEJTIyaHR0cHMlM0ElMkYlMkZ3d3cuZ29vZ2xlLmNvbSUyRm1hcHMlMkZlbWJlZCUzRnBiJTNEJTIxMW0xOCUyMTFtMTIlMjExbTMlMjExZDE4MTM4Ljk2MjAxNjkwMTI1NiUyMTJkMTQuNzgyNDg2NDI3MDUzNjM2JTIxM2Q0NS45NDUwMDIzMjIzNTg2MyUyMTJtMyUyMTFmMCUyMTJmMCUyMTNmMCUyMTNtMiUyMTFpMTAyNCUyMTJpNzY4JTIxNGYxMy4xJTIxM20zJTIxMW0yJTIxMXMweDQ3NjUyMjIwYjQzYzA1NDElMjUzQTB4ZTk1MjFlMzMyMTg4NmU5OSUyMTJzTGp1YmxqYW5za2ElMjUyMGNlc3RhJTI1MjA0YSUyNTJDJTI1MjAxMjk1JTI1MjBJdmFuJTI1QzQlMjU4RG5hJTI1MjBHb3JpY2ElMjE1ZTAlMjEzbTIlMjExc3NsJTIxMnNzaSUyMTR2MTc3NTU0MTg4NTk5MSUyMTVtMiUyMTFzc2wlMjEyc3NpJTIyJTIwd2lkdGglM0QlMjI2MDAlMjIlMjBoZWlnaHQlM0QlMjI0NTAlMjIlMjBzdHlsZSUzRCUyMmJvcmRlciUzQTAlM0IlMjIlMjBhbGxvd2Z1bGxzY3JlZW4lM0QlMjIlMjIlMjBsb2FkaW5nJTNEJTIybGF6eSUyMiUyMHJlZmVycmVycG9saWN5JTNEJTIybm8tcmVmZXJyZXItd2hlbi1kb3duZ3JhZGUlMjIlM0UlM0MlMkZpZnJhbWUlM0U=&#8221; el_class=&#8221;sp-kontakt-sec-3&#8243;][\/vc_column][\/vc_row]\" \/>\n<meta property=\"og:url\" content=\"https:\/\/www.belinal-fir.com\/sl\/kontakt\/\" \/>\n<meta property=\"og:site_name\" content=\"Belinal izvle\u010dek vej bele jelke\" \/>\n<meta property=\"article:modified_time\" content=\"2026-04-07T06:05:14+00:00\" \/>\n<meta name=\"twitter:card\" content=\"summary_large_image\" \/>\n<meta name=\"twitter:label1\" content=\"Est. reading time\" \/>\n\t<meta name=\"twitter:data1\" content=\"1 minuta\" \/>\n<script type=\"application\/ld+json\" class=\"yoast-schema-graph\">{\"@context\":\"https:\/\/schema.org\",\"@graph\":[{\"@type\":\"WebPage\",\"@id\":\"https:\/\/www.belinal-fir.com\/sl\/kontakt\/\",\"url\":\"https:\/\/www.belinal-fir.com\/sl\/kontakt\/\",\"name\":\"Kontakt - Belinal izvle\u010dek vej bele jelke\",\"isPartOf\":{\"@id\":\"https:\/\/www.belinal-fir.com\/#website\"},\"datePublished\":\"2024-02-21T10:31:02+00:00\",\"dateModified\":\"2026-04-07T06:05:14+00:00\",\"breadcrumb\":{\"@id\":\"https:\/\/www.belinal-fir.com\/sl\/kontakt\/#breadcrumb\"},\"inLanguage\":\"sl-SI\",\"potentialAction\":[{\"@type\":\"ReadAction\",\"target\":[\"https:\/\/www.belinal-fir.com\/sl\/kontakt\/\"]}]},{\"@type\":\"BreadcrumbList\",\"@id\":\"https:\/\/www.belinal-fir.com\/sl\/kontakt\/#breadcrumb\",\"itemListElement\":[{\"@type\":\"ListItem\",\"position\":1,\"name\":\"Home\",\"item\":\"https:\/\/www.belinal-fir.com\/sl\/\"},{\"@type\":\"ListItem\",\"position\":2,\"name\":\"Kontakt\"}]},{\"@type\":\"WebSite\",\"@id\":\"https:\/\/www.belinal-fir.com\/#website\",\"url\":\"https:\/\/www.belinal-fir.com\/\",\"name\":\"Belinal izvle\u010dek vej bele jelke\",\"description\":\"\",\"potentialAction\":[{\"@type\":\"SearchAction\",\"target\":{\"@type\":\"EntryPoint\",\"urlTemplate\":\"https:\/\/www.belinal-fir.com\/?s={search_term_string}\"},\"query-input\":\"required name=search_term_string\"}],\"inLanguage\":\"sl-SI\"}]}<\/script>\n<!-- \/ Yoast SEO plugin. -->","yoast_head_json":{"title":"Kontakt - Belinal izvle\u010dek vej bele jelke","description":"Proizvodnja: B+F Production Ljubljanska cesta 4A, 1295 Ivanca Gorica Slovenia, Europe","robots":{"index":"index","follow":"follow","max-snippet":"max-snippet:-1","max-image-preview":"max-image-preview:large","max-video-preview":"max-video-preview:-1"},"canonical":"https:\/\/www.belinal-fir.com\/sl\/kontakt\/","og_locale":"sl_SI","og_type":"article","og_title":"Kontakt - Belinal izvle\u010dek vej bele jelke","og_description":"[vc_row full_width=&#8221;stretch_row_content_no_spaces&#8221; el_class=&#8221;sp-page-title&#8221;][vc_column][\/vc_column][\/vc_row][vc_row el_class=&#8221;sp-kontakt-sec-1&#8243;][vc_column width=&#8221;5\/12&#8243; el_class=&#8221;col-left&#8221;][vc_empty_space height=&#8221;12px&#8221;][vc_empty_space][vc_column_text]Proizvodnja: B+F Production Ljubljanska cesta 4A, 1295 Ivanca Gorica Slovenia, Europe[\/vc_column_text][\/vc_column][vc_column width=&#8221;7\/12&#8243; el_class=&#8221;col-right&#8221;][\/vc_column][\/vc_row][vc_row full_width=&#8221;stretch_row_content_no_spaces&#8221; el_class=&#8221;sp-kontakt-sec-3&#8243;][vc_column][vc_gmaps link=&#8221;#E-8_JTNDaWZyYW1lJTIwc3JjJTNEJTIyaHR0cHMlM0ElMkYlMkZ3d3cuZ29vZ2xlLmNvbSUyRm1hcHMlMkZlbWJlZCUzRnBiJTNEJTIxMW0xOCUyMTFtMTIlMjExbTMlMjExZDE4MTM4Ljk2MjAxNjkwMTI1NiUyMTJkMTQuNzgyNDg2NDI3MDUzNjM2JTIxM2Q0NS45NDUwMDIzMjIzNTg2MyUyMTJtMyUyMTFmMCUyMTJmMCUyMTNmMCUyMTNtMiUyMTFpMTAyNCUyMTJpNzY4JTIxNGYxMy4xJTIxM20zJTIxMW0yJTIxMXMweDQ3NjUyMjIwYjQzYzA1NDElMjUzQTB4ZTk1MjFlMzMyMTg4NmU5OSUyMTJzTGp1YmxqYW5za2ElMjUyMGNlc3RhJTI1MjA0YSUyNTJDJTI1MjAxMjk1JTI1MjBJdmFuJTI1QzQlMjU4RG5hJTI1MjBHb3JpY2ElMjE1ZTAlMjEzbTIlMjExc3NsJTIxMnNzaSUyMTR2MTc3NTU0MTg4NTk5MSUyMTVtMiUyMTFzc2wlMjEyc3NpJTIyJTIwd2lkdGglM0QlMjI2MDAlMjIlMjBoZWlnaHQlM0QlMjI0NTAlMjIlMjBzdHlsZSUzRCUyMmJvcmRlciUzQTAlM0IlMjIlMjBhbGxvd2Z1bGxzY3JlZW4lM0QlMjIlMjIlMjBsb2FkaW5nJTNEJTIybGF6eSUyMiUyMHJlZmVycmVycG9saWN5JTNEJTIybm8tcmVmZXJyZXItd2hlbi1kb3duZ3JhZGUlMjIlM0UlM0MlMkZpZnJhbWUlM0U=&#8221; el_class=&#8221;sp-kontakt-sec-3&#8243;][\/vc_column][\/vc_row]","og_url":"https:\/\/www.belinal-fir.com\/sl\/kontakt\/","og_site_name":"Belinal izvle\u010dek vej bele jelke","article_modified_time":"2026-04-07T06:05:14+00:00","twitter_card":"summary_large_image","twitter_misc":{"Est. reading time":"1 minuta"},"schema":{"@context":"https:\/\/schema.org","@graph":[{"@type":"WebPage","@id":"https:\/\/www.belinal-fir.com\/sl\/kontakt\/","url":"https:\/\/www.belinal-fir.com\/sl\/kontakt\/","name":"Kontakt - Belinal izvle\u010dek vej bele jelke","isPartOf":{"@id":"https:\/\/www.belinal-fir.com\/#website"},"datePublished":"2024-02-21T10:31:02+00:00","dateModified":"2026-04-07T06:05:14+00:00","breadcrumb":{"@id":"https:\/\/www.belinal-fir.com\/sl\/kontakt\/#breadcrumb"},"inLanguage":"sl-SI","potentialAction":[{"@type":"ReadAction","target":["https:\/\/www.belinal-fir.com\/sl\/kontakt\/"]}]},{"@type":"BreadcrumbList","@id":"https:\/\/www.belinal-fir.com\/sl\/kontakt\/#breadcrumb","itemListElement":[{"@type":"ListItem","position":1,"name":"Home","item":"https:\/\/www.belinal-fir.com\/sl\/"},{"@type":"ListItem","position":2,"name":"Kontakt"}]},{"@type":"WebSite","@id":"https:\/\/www.belinal-fir.com\/#website","url":"https:\/\/www.belinal-fir.com\/","name":"Belinal izvle\u010dek vej bele jelke","description":"","potentialAction":[{"@type":"SearchAction","target":{"@type":"EntryPoint","urlTemplate":"https:\/\/www.belinal-fir.com\/?s={search_term_string}"},"query-input":"required name=search_term_string"}],"inLanguage":"sl-SI"}]}},"_links":{"self":[{"href":"https:\/\/www.belinal-fir.com\/sl\/wp-json\/wp\/v2\/pages\/855","targetHints":{"allow":["GET"]}}],"collection":[{"href":"https:\/\/www.belinal-fir.com\/sl\/wp-json\/wp\/v2\/pages"}],"about":[{"href":"https:\/\/www.belinal-fir.com\/sl\/wp-json\/wp\/v2\/types\/page"}],"author":[{"embeddable":true,"href":"https:\/\/www.belinal-fir.com\/sl\/wp-json\/wp\/v2\/users\/1"}],"replies":[{"embeddable":true,"href":"https:\/\/www.belinal-fir.com\/sl\/wp-json\/wp\/v2\/comments?post=855"}],"version-history":[{"count":2,"href":"https:\/\/www.belinal-fir.com\/sl\/wp-json\/wp\/v2\/pages\/855\/revisions"}],"predecessor-version":[{"id":1018,"href":"https:\/\/www.belinal-fir.com\/sl\/wp-json\/wp\/v2\/pages\/855\/revisions\/1018"}],"wp:attachment":[{"href":"https:\/\/www.belinal-fir.com\/sl\/wp-json\/wp\/v2\/media?parent=855"}],"curies":[{"name":"wp","href":"https:\/\/api.w.org\/{rel}","templated":true}]}}