{"id":860,"date":"2024-02-21T10:21:48","date_gmt":"2024-02-21T10:21:48","guid":{"rendered":"https:\/\/www.belinal-fir.com\/about-us\/"},"modified":"2026-04-06T17:57:25","modified_gmt":"2026-04-06T17:57:25","slug":"o-nas","status":"publish","type":"page","link":"https:\/\/www.belinal-fir.com\/sl\/o-nas\/","title":{"rendered":"O nas"},"content":{"rendered":"<div class=\"wpb-content-wrapper\"><p>[vc_row full_width=&#8221;stretch_row_content_no_spaces&#8221; el_class=&#8221;sp-page-title&#8221;][vc_column]\t\t\n\t\t<div class=\"title-banner\" style=\"background-image: linear-gradient(rgba(0, 0, 0, 0.0),rgba(0, 0, 0, 0.0)),url();\">\n\t\t\t<div class=\"container\">\n\t\t\t\t<div class=\"breadcrumbs-container\">\n\t\t\t\t\t\t<div class=\"breadcrumbs\">\n\t\t\t\t\t\t\t\n\t<ul class=\"ns-breadcrumbs\">\n\t\t\t<li><a href=\"https:\/\/www.belinal-fir.com\/sl\/\">Home<\/a><\/li>\n\t\t\t\t<li>O nas<\/li>\n\t<\/ul>\n\t\n\t\t\t\t\t\t\t\t<div class=\"clearfix\"><\/div>\n\t\t\t\t\t\t<\/div>\n\t\t\t\t<\/div>\n\t\t\t\t\t\t\t\t\t<h1 class=\"entry-title\">O nas<\/h1>\n\t\t\t\t\t\t\t<\/div>\n\t\t<\/div>\n\n\t\t[\/vc_column][\/vc_row][vc_row][vc_column width=&#8221;1\/2&#8243;][vc_column_text]Belinal\u00ae je na\u0161a edinstvena u\u010dinkovina iz vej bele jelke, katere delovanje potrjujejo znanstvene raziskave. Namenjen je distributerjem, lastnikom blagovnih znamk in razvijalcem izdelkov, ki \u017eelijo na trg uvajati inovativne izdelke z visoko dodano vrednostjo. Belinal\u00ae, kot registrirana blagovna znamka, povezuje naravno mo\u010d bele jelke in znanstveno potrjeno u\u010dinkovitost v inovativno re\u0161itev za dana\u0161nji trg.<\/p>\n<p>V sredi\u0161\u010du na\u0161ega delovanja so zanesljivo partnerstvo, odzivnost in dolgoro\u010dna usmerjenost v uspeh na\u0161ih strank. Vsakemu projektu se posvetimo celovito, od za\u010detne zamisli do kon\u010dne izvedbe, pri tem pa nas ves \u010das vodijo kakovost, zanesljivost in visoki standardi dela.<\/p>\n<p>Na\u0161im partnerjem nudimo pogodbeno proizvodnjo v skladu s standardi GMP ter celovito podporo pri razvoju formulacij. To pomeni, da lahko v vseh fazah razvoja sodelujejo z enim samim, zaupanja vrednim partnerjem \u2013 od prve ideje in razvoja formule do proizvodnje in kon\u010dnega izdelka.<\/p>\n<p>Poleg na\u0161ih osrednjih sestavin in izdelkov ponujamo tudi prehranska dopolnila pod zasebno blagovno znamko, pripravljena za hiter vstop na trg. Tako svojim partnerjem omogo\u010damo prilagodljive in kakovostne re\u0161itve, prilagojene njihovim poslovnim ciljem in tr\u017enim prilo\u017enostim.[\/vc_column_text][\/vc_column][vc_column width=&#8221;1\/2&#8243;][vc_single_image image=&#8221;581&#8243;][\/vc_column][\/vc_row][vc_row][vc_column width=&#8221;1\/2&#8243;][vc_column_text]<\/p>\n<h3>Na\u0161a ekipa<\/h3>\n<p>Na\u0161o izku\u0161eno ekipo sestavljajo strokovnjaki s podro\u010dij raziskav in razvoja, proizvodnje, kontrole kakovosti, logistike, prodaje in upravljanja klju\u010dnih kupcev, kar zagotavlja u\u010dinkovito delo ter visoke standarde v vseh fazah.<\/p>\n<p>Tadej Rejc \u2013 direktor, vodja raziskav in razvoja<br \/>\nTomi Gori\u0161ek \u2013 direktor, vodja prodaje<br \/>\nRebeka Benedeti\u010d \u2013 vodja prodaje<br \/>\nKatja Po\u017eun \u2013 vodja kontrole kakovosti<br \/>\nNastja Kav\u0161ek \u2013 vodja proizvodnje<br \/>\nPeter Mokranjac \u2013 vodja logistike<br \/>\n\u017diga Strmljan \u2013 vodja proizvodnje<br \/>\nMarija Ba\u0161elj \u2013 skrbnica klju\u010dnih kupcev in knjigovodstvo[\/vc_column_text][\/vc_column][vc_column width=&#8221;1\/2&#8243;][vc_column_text]<\/p>\n<h3>Strokovni svet<\/h3>\n<p>Na\u0161 strokovni svet in raziskovalna mre\u017ea, ki vklju\u010duje univerze, medicinske klinike in nacionalne laboratorije, predstavljata trdno podlago za razvoj u\u010dinkovitih, varnih in inovativnih sestavin.<\/p>\n<p><strong>prof. dr. Samo Kreft, mag. farm.<\/strong><br \/>\n<strong>prof. dr. Borut \u0160trukelj, mag. farm.<\/strong>[\/vc_column_text][\/vc_column][\/vc_row][vc_row][vc_column][vc_column_text]<\/p>\n<h3>Sinergija med podjetjema B+F in Abies Trade<\/h3>\n<p>Podjetji B+F d.o.o. in <a href=\"https:\/\/www.abiestrade.com\/\" target=\"_blank\" rel=\"noopener\"><strong>Abies Trade GmbH<\/strong><\/a> sta povezani dru\u017ebi, ki tesno sodelujeta pri razvoju, proizvodnji in tr\u017eenju visokokakovostnega izvle\u010dka vej bele jelke Belinal\u00ae ter prehranskih dopolnil vi\u0161jega razreda.<\/p>\n<p>V okviru tega sodelovanja je B+F d.o.o. zadol\u017een za proizvodnjo, pri \u010demer skrbi za stalno kakovost izdelkov, zanesljivo izvedbo procesov in skladnost z regulativnimi zahtevami. Abies Trade GmbH pa vodi podro\u010dja raziskav in razvoja, tr\u017eenja ter prodaje ter s tem spodbuja inovativnost in rast na trgu.<\/p>\n<p>Skupaj zdru\u017eujemo znanstveno znanje, proizvodno odli\u010dnost in poslovno mo\u010d, da svojim partnerjem zagotavljamo zanesljive, kakovostne re\u0161itve z velikim tr\u017enim potencialom.[\/vc_column_text][\/vc_column][\/vc_row][vc_row el_class=&#8221;hsec-logos&#8221;][vc_column width=&#8221;1\/6&#8243;][vc_single_image image=&#8221;526&#8243; img_size=&#8221;120&#215;120&#8243;][\/vc_column][vc_column width=&#8221;1\/6&#8243;][vc_single_image image=&#8221;341&#8243; img_size=&#8221;120&#215;120&#8243;][\/vc_column][vc_column width=&#8221;1\/6&#8243;][vc_single_image image=&#8221;340&#8243; img_size=&#8221;120&#215;120&#8243;][\/vc_column][vc_column width=&#8221;1\/6&#8243;][vc_single_image image=&#8221;339&#8243; img_size=&#8221;120&#215;120&#8243;][\/vc_column][vc_column width=&#8221;1\/6&#8243;][vc_single_image image=&#8221;338&#8243; img_size=&#8221;120&#215;120&#8243;][\/vc_column][vc_column width=&#8221;1\/6&#8243;][vc_single_image image=&#8221;527&#8243; img_size=&#8221;120&#215;120&#8243;][\/vc_column][\/vc_row]<\/p>\n<\/div>","protected":false},"excerpt":{"rendered":"<p>[vc_row full_width=&#8221;stretch_row_content_no_spaces&#8221; el_class=&#8221;sp-page-title&#8221;][vc_column][\/vc_column][\/vc_row][vc_row][vc_column width=&#8221;1\/2&#8243;][vc_column_text]Belinal\u00ae je na\u0161a edinstvena u\u010dinkovina iz vej bele jelke, katere delovanje potrjujejo znanstvene raziskave. Namenjen je distributerjem, lastnikom blagovnih znamk in razvijalcem izdelkov, ki \u017eelijo na trg uvajati inovativne izdelke z visoko dodano vrednostjo. Belinal\u00ae, kot registrirana blagovna znamka, povezuje naravno mo\u010d bele jelke in znanstveno potrjeno u\u010dinkovitost v inovativno re\u0161itev za dana\u0161nji trg. V sredi\u0161\u010du na\u0161ega delovanja so zanesljivo partnerstvo, odzivnost in dolgoro\u010dna usmerjenost v uspeh na\u0161ih strank. Vsakemu projektu se posvetimo celovito, od za\u010detne zamisli do kon\u010dne izvedbe, pri tem pa nas ves \u010das vodijo kakovost, zanesljivost in visoki standardi dela. Na\u0161im partnerjem nudimo pogodbeno proizvodnjo v skladu s standardi GMP ter celovito podporo pri razvoju formulacij. To pomeni, da lahko v vseh fazah razvoja [&hellip;]<\/p>\n","protected":false},"author":1,"featured_media":0,"parent":0,"menu_order":5,"comment_status":"closed","ping_status":"closed","template":"","meta":{"footnotes":""},"class_list":["post-860","page","type-page","status-publish","hentry"],"yoast_head":"<!-- This site is optimized with the Yoast SEO plugin v21.3 - https:\/\/yoast.com\/wordpress\/plugins\/seo\/ -->\n<title>O nas - Belinal izvle\u010dek vej bele jelke<\/title>\n<meta name=\"description\" content=\"Belinal\u00ae je na\u0161a edinstvena u\u010dinkovina iz vej bele jelke, katere delovanje potrjujejo znanstvene raziskave. Namenjen je distributerjem, lastnikom blagovnih znamk in razvijalcem izdelkov, ki \u017eelijo na trg uvajati inovativne izdelke\" \/>\n<meta name=\"robots\" content=\"index, follow, max-snippet:-1, max-image-preview:large, max-video-preview:-1\" \/>\n<link rel=\"canonical\" href=\"https:\/\/www.belinal-fir.com\/sl\/o-nas\/\" \/>\n<meta property=\"og:locale\" content=\"sl_SI\" \/>\n<meta property=\"og:type\" content=\"article\" \/>\n<meta property=\"og:title\" content=\"O nas - Belinal izvle\u010dek vej bele jelke\" \/>\n<meta property=\"og:description\" content=\"[vc_row full_width=&#8221;stretch_row_content_no_spaces&#8221; el_class=&#8221;sp-page-title&#8221;][vc_column][\/vc_column][\/vc_row][vc_row][vc_column width=&#8221;1\/2&#8243;][vc_column_text]Belinal\u00ae je na\u0161a edinstvena u\u010dinkovina iz vej bele jelke, katere delovanje potrjujejo znanstvene raziskave. Namenjen je distributerjem, lastnikom blagovnih znamk in razvijalcem izdelkov, ki \u017eelijo na trg uvajati inovativne izdelke z visoko dodano vrednostjo. Belinal\u00ae, kot registrirana blagovna znamka, povezuje naravno mo\u010d bele jelke in znanstveno potrjeno u\u010dinkovitost v inovativno re\u0161itev za dana\u0161nji trg. V sredi\u0161\u010du na\u0161ega delovanja so zanesljivo partnerstvo, odzivnost in dolgoro\u010dna usmerjenost v uspeh na\u0161ih strank. Vsakemu projektu se posvetimo celovito, od za\u010detne zamisli do kon\u010dne izvedbe, pri tem pa nas ves \u010das vodijo kakovost, zanesljivost in visoki standardi dela. Na\u0161im partnerjem nudimo pogodbeno proizvodnjo v skladu s standardi GMP ter celovito podporo pri razvoju formulacij. To pomeni, da lahko v vseh fazah razvoja [&hellip;]\" \/>\n<meta property=\"og:url\" content=\"https:\/\/www.belinal-fir.com\/sl\/o-nas\/\" \/>\n<meta property=\"og:site_name\" content=\"Belinal izvle\u010dek vej bele jelke\" \/>\n<meta property=\"article:modified_time\" content=\"2026-04-06T17:57:25+00:00\" \/>\n<meta name=\"twitter:card\" content=\"summary_large_image\" \/>\n<meta name=\"twitter:label1\" content=\"Est. reading time\" \/>\n\t<meta name=\"twitter:data1\" content=\"2 minuti\" \/>\n<script type=\"application\/ld+json\" class=\"yoast-schema-graph\">{\"@context\":\"https:\/\/schema.org\",\"@graph\":[{\"@type\":\"WebPage\",\"@id\":\"https:\/\/www.belinal-fir.com\/sl\/o-nas\/\",\"url\":\"https:\/\/www.belinal-fir.com\/sl\/o-nas\/\",\"name\":\"O nas - Belinal izvle\u010dek vej bele jelke\",\"isPartOf\":{\"@id\":\"https:\/\/www.belinal-fir.com\/#website\"},\"datePublished\":\"2024-02-21T10:21:48+00:00\",\"dateModified\":\"2026-04-06T17:57:25+00:00\",\"breadcrumb\":{\"@id\":\"https:\/\/www.belinal-fir.com\/sl\/o-nas\/#breadcrumb\"},\"inLanguage\":\"sl-SI\",\"potentialAction\":[{\"@type\":\"ReadAction\",\"target\":[\"https:\/\/www.belinal-fir.com\/sl\/o-nas\/\"]}]},{\"@type\":\"BreadcrumbList\",\"@id\":\"https:\/\/www.belinal-fir.com\/sl\/o-nas\/#breadcrumb\",\"itemListElement\":[{\"@type\":\"ListItem\",\"position\":1,\"name\":\"Home\",\"item\":\"https:\/\/www.belinal-fir.com\/sl\/\"},{\"@type\":\"ListItem\",\"position\":2,\"name\":\"O nas\"}]},{\"@type\":\"WebSite\",\"@id\":\"https:\/\/www.belinal-fir.com\/#website\",\"url\":\"https:\/\/www.belinal-fir.com\/\",\"name\":\"Belinal izvle\u010dek vej bele jelke\",\"description\":\"\",\"potentialAction\":[{\"@type\":\"SearchAction\",\"target\":{\"@type\":\"EntryPoint\",\"urlTemplate\":\"https:\/\/www.belinal-fir.com\/?s={search_term_string}\"},\"query-input\":\"required name=search_term_string\"}],\"inLanguage\":\"sl-SI\"}]}<\/script>\n<!-- \/ Yoast SEO plugin. -->","yoast_head_json":{"title":"O nas - Belinal izvle\u010dek vej bele jelke","description":"Belinal\u00ae je na\u0161a edinstvena u\u010dinkovina iz vej bele jelke, katere delovanje potrjujejo znanstvene raziskave. Namenjen je distributerjem, lastnikom blagovnih znamk in razvijalcem izdelkov, ki \u017eelijo na trg uvajati inovativne izdelke","robots":{"index":"index","follow":"follow","max-snippet":"max-snippet:-1","max-image-preview":"max-image-preview:large","max-video-preview":"max-video-preview:-1"},"canonical":"https:\/\/www.belinal-fir.com\/sl\/o-nas\/","og_locale":"sl_SI","og_type":"article","og_title":"O nas - Belinal izvle\u010dek vej bele jelke","og_description":"[vc_row full_width=&#8221;stretch_row_content_no_spaces&#8221; el_class=&#8221;sp-page-title&#8221;][vc_column][\/vc_column][\/vc_row][vc_row][vc_column width=&#8221;1\/2&#8243;][vc_column_text]Belinal\u00ae je na\u0161a edinstvena u\u010dinkovina iz vej bele jelke, katere delovanje potrjujejo znanstvene raziskave. Namenjen je distributerjem, lastnikom blagovnih znamk in razvijalcem izdelkov, ki \u017eelijo na trg uvajati inovativne izdelke z visoko dodano vrednostjo. Belinal\u00ae, kot registrirana blagovna znamka, povezuje naravno mo\u010d bele jelke in znanstveno potrjeno u\u010dinkovitost v inovativno re\u0161itev za dana\u0161nji trg. V sredi\u0161\u010du na\u0161ega delovanja so zanesljivo partnerstvo, odzivnost in dolgoro\u010dna usmerjenost v uspeh na\u0161ih strank. Vsakemu projektu se posvetimo celovito, od za\u010detne zamisli do kon\u010dne izvedbe, pri tem pa nas ves \u010das vodijo kakovost, zanesljivost in visoki standardi dela. Na\u0161im partnerjem nudimo pogodbeno proizvodnjo v skladu s standardi GMP ter celovito podporo pri razvoju formulacij. To pomeni, da lahko v vseh fazah razvoja [&hellip;]","og_url":"https:\/\/www.belinal-fir.com\/sl\/o-nas\/","og_site_name":"Belinal izvle\u010dek vej bele jelke","article_modified_time":"2026-04-06T17:57:25+00:00","twitter_card":"summary_large_image","twitter_misc":{"Est. reading time":"2 minuti"},"schema":{"@context":"https:\/\/schema.org","@graph":[{"@type":"WebPage","@id":"https:\/\/www.belinal-fir.com\/sl\/o-nas\/","url":"https:\/\/www.belinal-fir.com\/sl\/o-nas\/","name":"O nas - Belinal izvle\u010dek vej bele jelke","isPartOf":{"@id":"https:\/\/www.belinal-fir.com\/#website"},"datePublished":"2024-02-21T10:21:48+00:00","dateModified":"2026-04-06T17:57:25+00:00","breadcrumb":{"@id":"https:\/\/www.belinal-fir.com\/sl\/o-nas\/#breadcrumb"},"inLanguage":"sl-SI","potentialAction":[{"@type":"ReadAction","target":["https:\/\/www.belinal-fir.com\/sl\/o-nas\/"]}]},{"@type":"BreadcrumbList","@id":"https:\/\/www.belinal-fir.com\/sl\/o-nas\/#breadcrumb","itemListElement":[{"@type":"ListItem","position":1,"name":"Home","item":"https:\/\/www.belinal-fir.com\/sl\/"},{"@type":"ListItem","position":2,"name":"O nas"}]},{"@type":"WebSite","@id":"https:\/\/www.belinal-fir.com\/#website","url":"https:\/\/www.belinal-fir.com\/","name":"Belinal izvle\u010dek vej bele jelke","description":"","potentialAction":[{"@type":"SearchAction","target":{"@type":"EntryPoint","urlTemplate":"https:\/\/www.belinal-fir.com\/?s={search_term_string}"},"query-input":"required name=search_term_string"}],"inLanguage":"sl-SI"}]}},"_links":{"self":[{"href":"https:\/\/www.belinal-fir.com\/sl\/wp-json\/wp\/v2\/pages\/860","targetHints":{"allow":["GET"]}}],"collection":[{"href":"https:\/\/www.belinal-fir.com\/sl\/wp-json\/wp\/v2\/pages"}],"about":[{"href":"https:\/\/www.belinal-fir.com\/sl\/wp-json\/wp\/v2\/types\/page"}],"author":[{"embeddable":true,"href":"https:\/\/www.belinal-fir.com\/sl\/wp-json\/wp\/v2\/users\/1"}],"replies":[{"embeddable":true,"href":"https:\/\/www.belinal-fir.com\/sl\/wp-json\/wp\/v2\/comments?post=860"}],"version-history":[{"count":1,"href":"https:\/\/www.belinal-fir.com\/sl\/wp-json\/wp\/v2\/pages\/860\/revisions"}],"predecessor-version":[{"id":1015,"href":"https:\/\/www.belinal-fir.com\/sl\/wp-json\/wp\/v2\/pages\/860\/revisions\/1015"}],"wp:attachment":[{"href":"https:\/\/www.belinal-fir.com\/sl\/wp-json\/wp\/v2\/media?parent=860"}],"curies":[{"name":"wp","href":"https:\/\/api.w.org\/{rel}","templated":true}]}}